{"id":42534,"date":"2024-09-11T15:29:21","date_gmt":"2024-09-11T15:29:21","guid":{"rendered":"https:\/\/www.customywear.com\/?post_type=product&#038;p=42534"},"modified":"2026-05-16T11:41:45","modified_gmt":"2026-05-16T11:41:45","slug":"gitarove-tricko-chlapci","status":"publish","type":"product","link":"https:\/\/www.customywear.com\/sk\/guitar-t-shirt-boys\/","title":{"rendered":"Tri\u010dko s potla\u010dou gitary \u2013 tri\u010dko s gitarou na mieru pre chlapcov"},"content":{"rendered":"<p>Tri\u010dko s potla\u010dou gitary \u2013 Pozdvihnite \u0161t\u00fdl v\u00e1\u0161ho chlapca s na\u0161\u00edm tri\u010dkom s potla\u010dou gitary na mieru pre chlapcov, ktor\u00e9 predstavuje jedine\u010dn\u00fd dizajn vytvoren\u00fd z va\u0161ich fotografi\u00ed. Toto tri\u010dko s potla\u010dou gitary je vyroben\u00e9 zo 100 % m\u00e4kkej bavlny pre v\u00fdnimo\u010dn\u00e9 pohodlie a pr\u00e9miovej kvality pre odolnos\u0165. V\u010faka be\u017en\u00e9mu strihu a unisex dizajnu je skvel\u00e9 na ka\u017edodenn\u00e9 nosenie. Vychutnajte si \u017eiariv\u00e9 a trv\u00e1cne potla\u010de s vysokokvalitnou DTG potla\u010dou a personalizovan\u00fdm digit\u00e1lnym umen\u00edm.<\/p>","protected":false},"excerpt":{"rendered":"<p>In\u0161pirujte chlapcov ko\u0161e\u013eou s potla\u010dou gitary. Vlastn\u00e9 gitarov\u00e9 tri\u010dk\u00e1 premenia ak\u00fako\u013evek fotografiu na z\u00e1bavn\u00e9, jedine\u010dn\u00e9 tri\u010dko.<\/p>","protected":false},"featured_media":134538,"comment_status":"open","ping_status":"closed","template":"","meta":{"_acf_changed":false},"product_brand":[],"product_cat":[6189,6123,6412,6428,58],"product_tag":[6433,6439,6221],"class_list":{"0":"post-42534","1":"product","2":"type-product","3":"status-publish","4":"has-post-thumbnail","6":"product_cat-boys-t-shirts","7":"product_cat-custom-gifts-ai-guitar","8":"product_cat-photo-to-tees","9":"product_cat-translate-products","10":"product_cat-youth-kids","11":"product_tag-ai-artwork","12":"product_tag-ai-kids-artwork","13":"product_tag-custom-t-shirts-near-me","15":"first","16":"instock","17":"taxable","18":"shipping-taxable","19":"purchasable","20":"product-type-simple"},"acf":[],"wcpa_form_fields":null,"_links":{"self":[{"href":"https:\/\/www.customywear.com\/sk\/wp-json\/wp\/v2\/product\/42534","targetHints":{"allow":["GET"]}}],"collection":[{"href":"https:\/\/www.customywear.com\/sk\/wp-json\/wp\/v2\/product"}],"about":[{"href":"https:\/\/www.customywear.com\/sk\/wp-json\/wp\/v2\/types\/product"}],"replies":[{"embeddable":true,"href":"https:\/\/www.customywear.com\/sk\/wp-json\/wp\/v2\/comments?post=42534"}],"wp:featuredmedia":[{"embeddable":true,"href":"https:\/\/www.customywear.com\/sk\/wp-json\/wp\/v2\/media\/134538"}],"wp:attachment":[{"href":"https:\/\/www.customywear.com\/sk\/wp-json\/wp\/v2\/media?parent=42534"}],"wp:term":[{"taxonomy":"product_brand","embeddable":true,"href":"https:\/\/www.customywear.com\/sk\/wp-json\/wp\/v2\/product_brand?post=42534"},{"taxonomy":"product_cat","embeddable":true,"href":"https:\/\/www.customywear.com\/sk\/wp-json\/wp\/v2\/product_cat?post=42534"},{"taxonomy":"product_tag","embeddable":true,"href":"https:\/\/www.customywear.com\/sk\/wp-json\/wp\/v2\/product_tag?post=42534"}],"curies":[{"name":"wp","href":"https:\/\/api.w.org\/{rel}","templated":true}]}}