{"id":42542,"date":"2024-09-11T15:29:39","date_gmt":"2024-09-11T15:29:39","guid":{"rendered":"https:\/\/www.customywear.com\/?post_type=product&#038;p=42542"},"modified":"2026-05-07T15:29:43","modified_gmt":"2026-05-07T15:29:43","slug":"gitarove-tricko-na-narodeniny-pre-batolata","status":"publish","type":"product","link":"https:\/\/www.customywear.com\/sk\/toddler-birthday-guitar-tee\/","title":{"rendered":"Tri\u010dko s basgitarou \u2013 narodeninov\u00e9 tri\u010dko pre bato\u013eat\u00e1"},"content":{"rendered":"<p>Tri\u010dko s n\u00e1pisom Bass Player \u2013 Urobte narodeniny v\u00e1\u0161ho bato\u013ea\u0165a v\u00fdnimo\u010dn\u00fdmi s na\u0161\u00edm narodeninov\u00fdm tri\u010dkom s gitarou pre bato\u013eat\u00e1, ktor\u00e9 predstavuje jedine\u010dn\u00fd dizajn vytvoren\u00fd z va\u0161ich fotografi\u00ed. Toto tri\u010dko s n\u00e1pisom Bass Player je vyroben\u00e9 z m\u00e4kkej 100 % bavlny pre maxim\u00e1lne pohodlie a pr\u00e9miov\u00fa kvalitu pre dlh\u00fa \u017eivotnos\u0165. V\u010faka be\u017en\u00e9mu strihu a unisex dizajnu je skvel\u00e9 na ka\u017edodenn\u00e9 nosenie. Vychutnajte si \u017eiariv\u00e9 a trv\u00e1cne potla\u010de s vysokokvalitnou DTG potla\u010dou a personalizovan\u00fdm digit\u00e1lnym umen\u00edm.<\/p>","protected":false},"excerpt":{"rendered":"<p>Osl\u00e1vte hudbu s basgitaristom na tri\u010dku. Narodeninov\u00e9 tri\u010dk\u00e1 pre bato\u013eat\u00e1 premenia ka\u017ed\u00fa fotografiu na z\u00e1bavn\u00e9, jedine\u010dn\u00e9 tri\u010dko.<\/p>","protected":false},"featured_media":95523,"comment_status":"open","ping_status":"closed","template":"","meta":{"_acf_changed":false},"product_brand":[],"product_cat":[6207,6123,6412,6428],"product_tag":[6433,6439,6221],"class_list":{"0":"post-42542","1":"product","2":"type-product","3":"status-publish","4":"has-post-thumbnail","6":"product_cat-toddler-girl-t-shirts","7":"product_cat-custom-gifts-ai-guitar","8":"product_cat-photo-to-tees","9":"product_cat-translate-products","10":"product_tag-ai-artwork","11":"product_tag-ai-kids-artwork","12":"product_tag-custom-t-shirts-near-me","14":"first","15":"instock","16":"taxable","17":"shipping-taxable","18":"purchasable","19":"product-type-simple"},"acf":[],"wcpa_form_fields":null,"_links":{"self":[{"href":"https:\/\/www.customywear.com\/sk\/wp-json\/wp\/v2\/product\/42542","targetHints":{"allow":["GET"]}}],"collection":[{"href":"https:\/\/www.customywear.com\/sk\/wp-json\/wp\/v2\/product"}],"about":[{"href":"https:\/\/www.customywear.com\/sk\/wp-json\/wp\/v2\/types\/product"}],"replies":[{"embeddable":true,"href":"https:\/\/www.customywear.com\/sk\/wp-json\/wp\/v2\/comments?post=42542"}],"wp:featuredmedia":[{"embeddable":true,"href":"https:\/\/www.customywear.com\/sk\/wp-json\/wp\/v2\/media\/95523"}],"wp:attachment":[{"href":"https:\/\/www.customywear.com\/sk\/wp-json\/wp\/v2\/media?parent=42542"}],"wp:term":[{"taxonomy":"product_brand","embeddable":true,"href":"https:\/\/www.customywear.com\/sk\/wp-json\/wp\/v2\/product_brand?post=42542"},{"taxonomy":"product_cat","embeddable":true,"href":"https:\/\/www.customywear.com\/sk\/wp-json\/wp\/v2\/product_cat?post=42542"},{"taxonomy":"product_tag","embeddable":true,"href":"https:\/\/www.customywear.com\/sk\/wp-json\/wp\/v2\/product_tag?post=42542"}],"curies":[{"name":"wp","href":"https:\/\/api.w.org\/{rel}","templated":true}]}}