{"id":42545,"date":"2024-09-11T15:29:45","date_gmt":"2024-09-11T15:29:45","guid":{"rendered":"https:\/\/www.customywear.com\/?post_type=product&#038;p=42545"},"modified":"2026-05-07T15:29:43","modified_gmt":"2026-05-07T15:29:43","slug":"gitarove-tricko-neter","status":"publish","type":"product","link":"https:\/\/www.customywear.com\/sk\/guitar-t-shirt-niece\/","title":{"rendered":"Tri\u010dk\u00e1 na mieru pre diev\u010dat\u00e1 hraj\u00face na gitaru \u2013 Gitarov\u00e9 tri\u010dko pre neter \u2013 Tri\u010dko s hudobnou in\u0161pir\u00e1ciou pre mal\u00e9 deti"},"content":{"rendered":"<p>Tri\u010dk\u00e1 na mieru pre diev\u010dat\u00e1, ktor\u00e9 hraj\u00fa na gitaru \u2013 Pote\u0161te svoju neter na\u0161\u00edm tri\u010dkom s n\u00e1pisom Gitara pre neter s jedine\u010dn\u00fdm dizajnom vytvoren\u00fdm pod\u013ea va\u0161ich fotografi\u00ed. Toto tri\u010dko pre gitaristov je vyroben\u00e9 z m\u00e4kkej 100 % bavlny pre pohodlie a pr\u00e9miov\u00fa kvalitu pre dlh\u00fa \u017eivotnos\u0165. V\u010faka be\u017en\u00e9mu strihu a unisex dizajnu je ide\u00e1lne na ka\u017edodenn\u00e9 nosenie. Vychutnajte si \u017eiariv\u00e9 a trv\u00e1cne potla\u010de s vysokokvalitnou DTG potla\u010dou a personalizovan\u00fdm digit\u00e1lnym umen\u00edm.<\/p>","protected":false},"excerpt":{"rendered":"<p>In\u0161pirujte mlad\u00fdch hudobn\u00edkov tri\u010dkami na mieru pre diev\u010densk\u00e9 gitaristky. Gitarov\u00e9 tri\u010dk\u00e1 pre netere premenia ak\u00fako\u013evek fotografiu na jedine\u010dn\u00e9 tri\u010dko s hudobnou tematikou.<\/p>","protected":false},"featured_media":95526,"comment_status":"open","ping_status":"closed","template":"","meta":{"_acf_changed":false},"product_brand":[],"product_cat":[6193,6123,6412,6428],"product_tag":[6433,6439,6331,6221],"class_list":{"0":"post-42545","1":"product","2":"type-product","3":"status-publish","4":"has-post-thumbnail","6":"product_cat-girls-t-shirts","7":"product_cat-custom-gifts-ai-guitar","8":"product_cat-photo-to-tees","9":"product_cat-translate-products","10":"product_tag-ai-artwork","11":"product_tag-ai-kids-artwork","12":"product_tag-custom-picture-t-shirt-for-girls","13":"product_tag-custom-t-shirts-near-me","15":"first","16":"instock","17":"taxable","18":"shipping-taxable","19":"purchasable","20":"product-type-simple"},"acf":[],"wcpa_form_fields":null,"_links":{"self":[{"href":"https:\/\/www.customywear.com\/sk\/wp-json\/wp\/v2\/product\/42545","targetHints":{"allow":["GET"]}}],"collection":[{"href":"https:\/\/www.customywear.com\/sk\/wp-json\/wp\/v2\/product"}],"about":[{"href":"https:\/\/www.customywear.com\/sk\/wp-json\/wp\/v2\/types\/product"}],"replies":[{"embeddable":true,"href":"https:\/\/www.customywear.com\/sk\/wp-json\/wp\/v2\/comments?post=42545"}],"wp:featuredmedia":[{"embeddable":true,"href":"https:\/\/www.customywear.com\/sk\/wp-json\/wp\/v2\/media\/95526"}],"wp:attachment":[{"href":"https:\/\/www.customywear.com\/sk\/wp-json\/wp\/v2\/media?parent=42545"}],"wp:term":[{"taxonomy":"product_brand","embeddable":true,"href":"https:\/\/www.customywear.com\/sk\/wp-json\/wp\/v2\/product_brand?post=42545"},{"taxonomy":"product_cat","embeddable":true,"href":"https:\/\/www.customywear.com\/sk\/wp-json\/wp\/v2\/product_cat?post=42545"},{"taxonomy":"product_tag","embeddable":true,"href":"https:\/\/www.customywear.com\/sk\/wp-json\/wp\/v2\/product_tag?post=42545"}],"curies":[{"name":"wp","href":"https:\/\/api.w.org\/{rel}","templated":true}]}}