{"id":7243,"date":"2024-09-27T07:25:56","date_gmt":"2024-09-27T07:25:56","guid":{"rendered":"https:\/\/www.customywear.com\/?page_id=7243"},"modified":"2024-10-15T15:35:53","modified_gmt":"2024-10-15T15:35:53","slug":"sss","status":"publish","type":"page","link":"https:\/\/www.customywear.com\/tr\/faqs\/","title":{"rendered":"SSS&#039;ler"},"content":{"rendered":"<h2 class=\"wp-block-heading alignfull has-text-align-center has-white-color has-text-color has-background has-link-color wp-elements-acc56bf3ea8d88e38c69b4c747345d3b\" style=\"background:linear-gradient(180deg,rgb(35,154,221) 0%,rgb(30,59,102) 100%)\">SSS&#039;ler<\/h2>\n\n\n<div id=\"rank-math-faq\" class=\"rank-math-block\">\n<div class=\"rank-math-list\">\n<div id=\"faq-question-1729006435376\" class=\"rank-math-list-item\">\n<h3 class=\"rank-math-question\"><a>Ki\u015fiye \u00f6zel \u00fcr\u00fcnler nas\u0131l sipari\u015f edilir?<\/a><\/h3>\n<div class=\"rank-math-answer\">\n\n<p>Koleksiyonlar\u0131m\u0131za g\u00f6z at\u0131n ve istedi\u011finiz \u00fcr\u00fcn\u00fc se\u00e7in. \u00dcr\u00fcn sayfas\u0131nda \u00fcr\u00fcn boyutunu, rengini se\u00e7in, foto\u011fraf\u0131n\u0131z\u0131 y\u00fckleyin ve isterseniz herhangi bir a\u00e7\u0131klama ekleyin (\u00f6rn. \u00f6zel metinler, yaz\u0131 tipi ad\u0131 vb.) ve sat\u0131n al\u0131n, sipari\u015f g\u00fcncellemelerini size e-postayla g\u00f6nderece\u011fiz.<\/p>\n\n<\/div>\n<\/div>\n<div id=\"faq-question-1729006444323\" class=\"rank-math-list-item\">\n<h3 class=\"rank-math-question\"><a>Kargo \u00fccreti ve teslimat s\u00fcresi nedir?<\/a><\/h3>\n<div class=\"rank-math-answer\">\n\n<p>Koleksiyonlar\u0131m\u0131za g\u00f6z at\u0131n ve istedi\u011finiz \u00fcr\u00fcn\u00fc se\u00e7in. \u00dcr\u00fcn sayfas\u0131nda \u00fcr\u00fcn boyutunu, rengini se\u00e7in, foto\u011fraf\u0131n\u0131z\u0131 y\u00fckleyin ve isterseniz herhangi bir a\u00e7\u0131klama ekleyin (\u00f6rn. \u00f6zel metinler, yaz\u0131 tipi ad\u0131 vb.) ve sat\u0131n al\u0131n, sipari\u015f g\u00fcncellemelerini size e-postayla g\u00f6nderece\u011fiz.<\/p>\n\n<\/div>\n<\/div>\n<div id=\"faq-question-1729006488594\" class=\"rank-math-list-item\">\n<h3 class=\"rank-math-question\"><a>Foto\u011fraf y\u00fckleyemiyorum, nas\u0131l sipari\u015f verebilirim?<\/a><\/h3>\n<div class=\"rank-math-answer\">\n\n<p>&quot;Sepete Ekle&quot;ye t\u0131klad\u0131\u011f\u0131n\u0131zda foto\u011fraflar\u0131n y\u00fcklenmesi i\u00e7in l\u00fctfen bir dakika bekleyin. Herhangi bir sorun varsa, y\u00fcklemeyi atlay\u0131p \u00f6deme a\u015famas\u0131na ge\u00e7ebilir ve sipari\u015f numaran\u0131zla birlikte foto\u011fraflar\u0131n\u0131z\u0131 do\u011frudan e-postam\u0131za g\u00f6nderebilirsiniz: <a href=\"mailto:support@customywear.com\"><strong>destek@customywear.com<\/strong><\/a><\/p>\n<p>Foto\u011fraf\u0131n\u0131z\u0131n eksik olmas\u0131 durumunda da sizinle ileti\u015fime ge\u00e7ece\u011fiz.<\/p>\n\n<\/div>\n<\/div>\n<div id=\"faq-question-1729006503315\" class=\"rank-math-list-item\">\n<h3 class=\"rank-math-question\"><a>D\u00fc\u015f\u00fck kalitede foto\u011fraf kabul ediyor musunuz?<\/a><\/h3>\n<div class=\"rank-math-answer\">\n\n<p>Duruma ba\u011fl\u0131. Foto\u011fraf telefon veya monit\u00f6r ekran\u0131nda net g\u00f6r\u00fcnd\u00fc\u011f\u00fc s\u00fcrece foto\u011fraf\u0131n\u0131z iyi olmal\u0131d\u0131r.<\/p>\n\n<\/div>\n<\/div>\n<div id=\"faq-question-1729006532466\" class=\"rank-math-list-item\">\n<h3 class=\"rank-math-question\"><a>\u00c7ocuk \/ Yeti\u015fkin \/ K\u00fc\u00e7\u00fck \u00c7ocuk bedenleri i\u00e7in bir \u00fcr\u00fcn bulam\u0131yorum. Ne yapabilirim?<\/a><\/h3>\n<div class=\"rank-math-answer\">\n\n<p>T\u00fcm Cinsiyetler ve Ya\u015flar i\u00e7in t\u00fcm tasar\u0131mlar\u0131m\u0131z mevcuttur. Bazen t\u00fcm \u00fcr\u00fcn stillerini kolayca sergileyemiyoruz. Bu nedenle, canl\u0131 sohbet yoluyla bizimle ileti\u015fime ge\u00e7ebilir veya arad\u0131\u011f\u0131n\u0131z \u015fey i\u00e7in bize e-posta g\u00f6nderebilirsiniz.<\/p>\n\n<\/div>\n<\/div>\n<\/div>\n<\/div>\n\n\n<p><br><br><\/p>\n\n\n\n<p><\/p>","protected":false},"excerpt":{"rendered":"<p>SSS&#039;ler<\/p>","protected":false},"author":2,"featured_media":0,"parent":0,"menu_order":0,"comment_status":"closed","ping_status":"closed","template":"template-fullwidth-no-heading.php","meta":{"_acf_changed":false,"footnotes":""},"class_list":["post-7243","page","type-page","status-publish","hentry"],"acf":[],"_links":{"self":[{"href":"https:\/\/www.customywear.com\/tr\/wp-json\/wp\/v2\/pages\/7243","targetHints":{"allow":["GET"]}}],"collection":[{"href":"https:\/\/www.customywear.com\/tr\/wp-json\/wp\/v2\/pages"}],"about":[{"href":"https:\/\/www.customywear.com\/tr\/wp-json\/wp\/v2\/types\/page"}],"author":[{"embeddable":true,"href":"https:\/\/www.customywear.com\/tr\/wp-json\/wp\/v2\/users\/2"}],"replies":[{"embeddable":true,"href":"https:\/\/www.customywear.com\/tr\/wp-json\/wp\/v2\/comments?post=7243"}],"version-history":[{"count":0,"href":"https:\/\/www.customywear.com\/tr\/wp-json\/wp\/v2\/pages\/7243\/revisions"}],"wp:attachment":[{"href":"https:\/\/www.customywear.com\/tr\/wp-json\/wp\/v2\/media?parent=7243"}],"curies":[{"name":"wp","href":"https:\/\/api.w.org\/{rel}","templated":true}]}}