{"id":127017,"date":"2025-02-11T14:53:47","date_gmt":"2025-02-11T14:53:47","guid":{"rendered":"https:\/\/www.customywear.com\/?post_type=product&#038;p=127017"},"modified":"2026-05-07T15:29:41","modified_gmt":"2026-05-07T15:29:41","slug":"yurumeye-baslayan-kiz-cocugu-icin-super-kahraman-tisortu-demir","status":"publish","type":"product","link":"https:\/\/www.customywear.com\/tr\/superhero-t-shirt-for-toddler-girl-iron\/","title":{"rendered":"Minik K\u0131z\u0131n\u0131z \u0130\u00e7in \u00d6zel S\u00fcper Kahraman Ti\u015f\u00f6rt\u00fc: Iron Avenger Hero"},"content":{"rendered":"<p>K\u00fc\u00e7\u00fck k\u0131zlara \u00f6zel s\u00fcper kahraman ti\u015f\u00f6rt\u00fcn\u00fc tan\u0131t\u0131yoruz, sevilen Iron Avenger kahraman\u0131 yer al\u0131yor. Bu ti\u015f\u00f6rt maceralar hayal eden ve g\u00fcn\u00fc kurtaran k\u00fc\u00e7\u00fckler i\u00e7in m\u00fckemmel. Yumu\u015fak, nefes alabilen kuma\u015ftan \u00fcretilen ti\u015f\u00f6rt, oynarken veya dinlenirken konfor sa\u011fl\u0131yor.<\/p>\n<h2>Her Durum \u0130\u00e7in M\u00fckemmel Hediye<\/h2>\n<p>Bu ki\u015fiye \u00f6zel ti\u015f\u00f6rt, do\u011fum g\u00fcn\u00fc partileri, tatiller veya sadece \u00f6yle olsun diye d\u00fc\u015f\u00fcnceli bir hediye! \u00c7ocu\u011funuz en sevdi\u011fi s\u00fcper kahraman\u0131 giydi\u011finde heyecanla parlayacak, yarat\u0131c\u0131l\u0131\u011f\u0131 ate\u015fleyecek ve hayal g\u00fcc\u00fcne dayal\u0131 oyunlar\u0131 te\u015fvik edecek.<\/p>\n<h2>Mevcut Boyutlar ve Kolay Bak\u0131m<\/h2>\n<p>Minikler i\u00e7in tasarlanan Iron Avenger ti\u015f\u00f6rt\u00fc, minik yavrunuza m\u00fckemmel \u015fekilde uymas\u0131 i\u00e7in \u00e7e\u015fitli boyutlarda gelir. Ayr\u0131ca bak\u0131m\u0131 kolayd\u0131r - sadece \u00e7ama\u015f\u0131r makinesine at\u0131n ve bir ba\u015fka e\u011flenceli g\u00fcn i\u00e7in haz\u0131r!<\/p>","protected":false},"excerpt":{"rendered":"<p>K\u00fc\u00e7\u00fck kahramanlar\u0131, k\u00fc\u00e7\u00fck k\u0131zlar\u0131n\u0131z i\u00e7in \u00f6zel bir s\u00fcper kahraman ti\u015f\u00f6rt\u00fc ile g\u00fc\u00e7lendirin. Iron Avenger Hero Tees, herhangi bir foto\u011fraf\u0131 cesur ve e\u011flenceli bir ti\u015f\u00f6rte d\u00f6n\u00fc\u015ft\u00fcr\u00fcr.<\/p>","protected":false},"featured_media":127319,"comment_status":"open","ping_status":"closed","template":"","meta":{"_acf_changed":false},"product_brand":[],"product_cat":[6207,6312,6412,6428],"product_tag":[6433,6439,6221],"class_list":{"0":"post-127017","1":"product","2":"type-product","3":"status-publish","4":"has-post-thumbnail","6":"product_cat-toddler-girl-t-shirts","7":"product_cat-custom-gifts-ironman","8":"product_cat-photo-to-tees","9":"product_cat-translate-products","10":"product_tag-ai-artwork","11":"product_tag-ai-kids-artwork","12":"product_tag-custom-t-shirts-near-me","14":"first","15":"instock","16":"taxable","17":"shipping-taxable","18":"purchasable","19":"product-type-simple"},"acf":[],"wcpa_form_fields":null,"_links":{"self":[{"href":"https:\/\/www.customywear.com\/tr\/wp-json\/wp\/v2\/product\/127017","targetHints":{"allow":["GET"]}}],"collection":[{"href":"https:\/\/www.customywear.com\/tr\/wp-json\/wp\/v2\/product"}],"about":[{"href":"https:\/\/www.customywear.com\/tr\/wp-json\/wp\/v2\/types\/product"}],"replies":[{"embeddable":true,"href":"https:\/\/www.customywear.com\/tr\/wp-json\/wp\/v2\/comments?post=127017"}],"wp:featuredmedia":[{"embeddable":true,"href":"https:\/\/www.customywear.com\/tr\/wp-json\/wp\/v2\/media\/127319"}],"wp:attachment":[{"href":"https:\/\/www.customywear.com\/tr\/wp-json\/wp\/v2\/media?parent=127017"}],"wp:term":[{"taxonomy":"product_brand","embeddable":true,"href":"https:\/\/www.customywear.com\/tr\/wp-json\/wp\/v2\/product_brand?post=127017"},{"taxonomy":"product_cat","embeddable":true,"href":"https:\/\/www.customywear.com\/tr\/wp-json\/wp\/v2\/product_cat?post=127017"},{"taxonomy":"product_tag","embeddable":true,"href":"https:\/\/www.customywear.com\/tr\/wp-json\/wp\/v2\/product_tag?post=127017"}],"curies":[{"name":"wp","href":"https:\/\/api.w.org\/{rel}","templated":true}]}}