{"id":127028,"date":"2025-02-11T14:54:05","date_gmt":"2025-02-11T14:54:05","guid":{"rendered":"https:\/\/www.customywear.com\/?post_type=product&#038;p=127028"},"modified":"2026-05-07T15:29:41","modified_gmt":"2026-05-07T15:29:41","slug":"kizinizi-bir-super-kahramana-donusturun-tisortu","status":"publish","type":"product","link":"https:\/\/www.customywear.com\/tr\/transform-your-girl-into-a-superhero-t-shirt\/","title":{"rendered":"K\u0131z Arkada\u015f\u0131n\u0131z\u0131 \u00d6zel Ti\u015f\u00f6rt\u00fcm\u00fczle Bir S\u00fcper Kahramana D\u00f6n\u00fc\u015ft\u00fcr\u00fcn"},"content":{"rendered":"<p>Her hevesli kahraman i\u00e7in m\u00fckemmel olan \u00e7arp\u0131c\u0131 k\u0131zlara \u00f6zel s\u00fcper kahraman ti\u015f\u00f6rt\u00fcm\u00fcz\u00fc tan\u0131t\u0131yoruz! 0 pamuktan \u00fcretilen bu ti\u015f\u00f6rt, cesur bir ifade olu\u015ftururken konfor sa\u011flar. Canl\u0131 k\u0131rm\u0131z\u0131 ve alt\u0131n demir z\u0131rh tasar\u0131m\u0131 sadece g\u00f6z al\u0131c\u0131 olmakla kalmaz; \u00e7ocu\u011funuzun foto\u011fraf\u0131n\u0131 benzersiz bir s\u00fcper kahraman karakterine d\u00f6n\u00fc\u015ft\u00fcrerek onu \u00f6zel hissettirir.<\/p>\n<h2>G\u00fcvenebilece\u011finiz Kalite<\/h2>\n<p>Geli\u015fmi\u015f DTG bask\u0131 teknolojisini kullanarak, \u00e7ocu\u011funuzun portresinin her ayr\u0131nt\u0131s\u0131n\u0131 yakalayan y\u00fcksek kaliteli dijital sanat\u0131 garanti ediyoruz. Her ti\u015f\u00f6rt \u00f6zenle i\u015flenerek, gelecek bir\u00e7ok macera i\u00e7in dayan\u0131kl\u0131l\u0131k ve uzun s\u00fcreli keyif garanti alt\u0131na al\u0131nm\u0131\u015ft\u0131r.<\/p>\n<h2>S\u00fcper Kahramanlar \u0130\u00e7in M\u00fckemmel Bir Hediye<\/h2>\n<p>Bu ki\u015fiye \u00f6zel s\u00fcper kahraman ti\u015f\u00f6rt\u00fc do\u011fum g\u00fcnleri veya \u00f6zel g\u00fcnler i\u00e7in ideal bir hediyedir. \u00c7ocu\u011funuza hayal g\u00fcc\u00fc arma\u011fan edin, s\u00fcper kahraman hayallerini ger\u00e7e\u011fe d\u00f6n\u00fc\u015ft\u00fcrmesine izin verin!<\/p>","protected":false},"excerpt":{"rendered":"<p>K\u0131z\u0131n\u0131z\u0131 bir s\u00fcper kahramana \u00f6zel ti\u015f\u00f6rte d\u00f6n\u00fc\u015ft\u00fcr\u00fcn. Ki\u015fiselle\u015ftirilmi\u015f ti\u015f\u00f6rtler, herhangi bir foto\u011fraf\u0131 e\u011flenceli, t\u00fcr\u00fcn\u00fcn tek \u00f6rne\u011fi bir kahraman ti\u015f\u00f6rte d\u00f6n\u00fc\u015ft\u00fcr\u00fcr.<\/p>","protected":false},"featured_media":127332,"comment_status":"open","ping_status":"closed","template":"","meta":{"_acf_changed":false},"product_brand":[],"product_cat":[6193,6312,152,6412,6428,58],"product_tag":[6433,6439,6331,6221],"class_list":{"0":"post-127028","1":"product","2":"type-product","3":"status-publish","4":"has-post-thumbnail","6":"product_cat-girls-t-shirts","7":"product_cat-custom-gifts-ironman","8":"product_cat-girls","9":"product_cat-photo-to-tees","10":"product_cat-translate-products","11":"product_cat-youth-kids","12":"product_tag-ai-artwork","13":"product_tag-ai-kids-artwork","14":"product_tag-custom-picture-t-shirt-for-girls","15":"product_tag-custom-t-shirts-near-me","17":"first","18":"instock","19":"taxable","20":"shipping-taxable","21":"purchasable","22":"product-type-simple"},"acf":[],"wcpa_form_fields":null,"_links":{"self":[{"href":"https:\/\/www.customywear.com\/tr\/wp-json\/wp\/v2\/product\/127028","targetHints":{"allow":["GET"]}}],"collection":[{"href":"https:\/\/www.customywear.com\/tr\/wp-json\/wp\/v2\/product"}],"about":[{"href":"https:\/\/www.customywear.com\/tr\/wp-json\/wp\/v2\/types\/product"}],"replies":[{"embeddable":true,"href":"https:\/\/www.customywear.com\/tr\/wp-json\/wp\/v2\/comments?post=127028"}],"wp:featuredmedia":[{"embeddable":true,"href":"https:\/\/www.customywear.com\/tr\/wp-json\/wp\/v2\/media\/127332"}],"wp:attachment":[{"href":"https:\/\/www.customywear.com\/tr\/wp-json\/wp\/v2\/media?parent=127028"}],"wp:term":[{"taxonomy":"product_brand","embeddable":true,"href":"https:\/\/www.customywear.com\/tr\/wp-json\/wp\/v2\/product_brand?post=127028"},{"taxonomy":"product_cat","embeddable":true,"href":"https:\/\/www.customywear.com\/tr\/wp-json\/wp\/v2\/product_cat?post=127028"},{"taxonomy":"product_tag","embeddable":true,"href":"https:\/\/www.customywear.com\/tr\/wp-json\/wp\/v2\/product_tag?post=127028"}],"curies":[{"name":"wp","href":"https:\/\/api.w.org\/{rel}","templated":true}]}}