{"id":127062,"date":"2025-02-11T14:54:18","date_gmt":"2025-02-11T14:54:18","guid":{"rendered":"https:\/\/www.customywear.com\/?post_type=product&#038;p=127062"},"modified":"2026-05-07T15:29:41","modified_gmt":"2026-05-07T15:29:41","slug":"yurumeye-baslayan-erkek-cocuklar-icin-ozel-super-kahraman-tisortu","status":"publish","type":"product","link":"https:\/\/www.customywear.com\/tr\/toddler-boys-custom-superhero-t-shirt\/","title":{"rendered":"K\u00fc\u00e7\u00fck \u00c7ocuk \u0130\u00e7in \u00d6zel S\u00fcper Kahraman Ti\u015f\u00f6rt\u00fc"},"content":{"rendered":"<h2>Minik \u00c7ocu\u011funuzun Foto\u011fraf\u0131n\u0131 Bir S\u00fcper Kahramana D\u00f6n\u00fc\u015ft\u00fcr\u00fcn<\/h2>\n<p>K\u00fc\u00e7\u00fck erkek \u00e7ocuklar i\u00e7in \u00f6zel s\u00fcper kahraman ti\u015f\u00f6rt\u00fcm\u00fcz\u00fc tan\u0131t\u0131yoruz! Bu benzersiz ti\u015f\u00f6rt, \u00e7ocu\u011funuzun foto\u011fraf\u0131n\u0131 dijital olarak haval\u0131, ki\u015fiselle\u015ftirilmi\u015f bir s\u00fcper kahraman karakterine d\u00f6n\u00fc\u015ft\u00fcrmenizi sa\u011flar. K\u00fc\u00e7\u00fck \u00e7ocu\u011funuz, sadece onlar i\u00e7in yap\u0131lm\u0131\u015f bir ti\u015f\u00f6rt giydi\u011finde kendini \u00f6zel hissedecek ve bu, s\u00fcper kahraman \u00e7izgi roman severler i\u00e7in m\u00fckemmel bir hediye olacak!<\/p>\n<h2>G\u00fcvenebilece\u011finiz Kalite<\/h2>\n<p>Yumu\u015fak 0 pamuktan \u00fcretilen ti\u015f\u00f6rt\u00fcm\u00fcz, \u00e7ocu\u011funuzun cildi i\u00e7in rahat ve naziktir. Birinci s\u0131n\u0131f kaliteli malzemelerle, g\u00fcnl\u00fck maceralar i\u00e7in m\u00fckemmel olan dayan\u0131kl\u0131l\u0131k ve uzun s\u00fcreli kullan\u0131m sa\u011flar.<\/p>\n<h2>Kal\u0131c\u0131 Canl\u0131 Tasar\u0131mlar<\/h2>\n<p>Y\u00fcksek kaliteli DTG bask\u0131ya sahip ti\u015f\u00f6rtlerimiz canl\u0131 ve kal\u0131c\u0131 tasar\u0131mlara sahiptir. Her dijital sanat eseri benzersizdir, \u00e7\u00fcnk\u00fc yetenekli sanat\u00e7\u0131lar foto\u011fraflar\u0131n\u0131z\u0131 kullanarak onu ki\u015fiselle\u015ftirir ve \u00e7ocu\u011funuz i\u00e7in benzersiz bir s\u00fcper kahraman deneyimi sa\u011flar.<\/p>","protected":false},"excerpt":{"rendered":"<p>Start young with a Toddler Boy&#8217;s Custom Superhero T-Shirt. Personalized Tees transform any photo into a playful, bold t-shirt.<\/p>","protected":false},"featured_media":127416,"comment_status":"open","ping_status":"closed","template":"","meta":{"_acf_changed":false},"product_brand":[],"product_cat":[6209,6312,6412,6428],"product_tag":[6433,6439,6221],"class_list":{"0":"post-127062","1":"product","2":"type-product","3":"status-publish","4":"has-post-thumbnail","6":"product_cat-toddler-boy-t-shirts","7":"product_cat-custom-gifts-ironman","8":"product_cat-photo-to-tees","9":"product_cat-translate-products","10":"product_tag-ai-artwork","11":"product_tag-ai-kids-artwork","12":"product_tag-custom-t-shirts-near-me","14":"first","15":"instock","16":"taxable","17":"shipping-taxable","18":"purchasable","19":"product-type-simple"},"acf":[],"wcpa_form_fields":null,"_links":{"self":[{"href":"https:\/\/www.customywear.com\/tr\/wp-json\/wp\/v2\/product\/127062","targetHints":{"allow":["GET"]}}],"collection":[{"href":"https:\/\/www.customywear.com\/tr\/wp-json\/wp\/v2\/product"}],"about":[{"href":"https:\/\/www.customywear.com\/tr\/wp-json\/wp\/v2\/types\/product"}],"replies":[{"embeddable":true,"href":"https:\/\/www.customywear.com\/tr\/wp-json\/wp\/v2\/comments?post=127062"}],"wp:featuredmedia":[{"embeddable":true,"href":"https:\/\/www.customywear.com\/tr\/wp-json\/wp\/v2\/media\/127416"}],"wp:attachment":[{"href":"https:\/\/www.customywear.com\/tr\/wp-json\/wp\/v2\/media?parent=127062"}],"wp:term":[{"taxonomy":"product_brand","embeddable":true,"href":"https:\/\/www.customywear.com\/tr\/wp-json\/wp\/v2\/product_brand?post=127062"},{"taxonomy":"product_cat","embeddable":true,"href":"https:\/\/www.customywear.com\/tr\/wp-json\/wp\/v2\/product_cat?post=127062"},{"taxonomy":"product_tag","embeddable":true,"href":"https:\/\/www.customywear.com\/tr\/wp-json\/wp\/v2\/product_tag?post=127062"}],"curies":[{"name":"wp","href":"https:\/\/api.w.org\/{rel}","templated":true}]}}