{"id":127109,"date":"2025-02-11T14:54:40","date_gmt":"2025-02-11T14:54:40","guid":{"rendered":"https:\/\/www.customywear.com\/?post_type=product&#038;p=127109"},"modified":"2026-05-05T20:23:27","modified_gmt":"2026-05-05T20:23:27","slug":"ironman-supersahes-ozel-tshirt-kadin","status":"publish","type":"product","link":"https:\/\/www.customywear.com\/tr\/custom-ironman-superhero-t-shirt-for-women\/","title":{"rendered":"Kad\u0131nlar i\u00e7in \u00f6zel Ironman S\u00fcper Kahraman Ti\u015f\u00f6rt"},"content":{"rendered":"<p>Kad\u0131nlar i\u00e7in \u00f6zel Ironman s\u00fcper kahraman ti\u015f\u00f6rt\u00fcn\u00fc tan\u0131t\u0131yoruz, en sevdi\u011finiz foto\u011fraflar muhte\u015fem ki\u015fiselle\u015ftirilmi\u015f bir s\u00fcper kahraman karakterine d\u00f6n\u00fc\u015ft\u00fcr\u00fcl\u00fcyor. Bu benzersiz hediye, s\u00fcper kahraman \u00e7izgi roman\u0131 severler veya herhangi bir durum i\u00e7in m\u00fckemmeldir, e\u011flence ve bireyselli\u011fi tek bir \u015f\u0131k pakette birle\u015ftirir.<\/p>\n<h2>Konfor Kaliteyle Bulu\u015fuyor<\/h2>\n<p>0 yumu\u015fak pamuktan \u00fcretilen bu \u00fcr\u00fcn, cildinize kar\u015f\u0131 rahatl\u0131k ve yumu\u015fakl\u0131k sa\u011flar. Birinci s\u0131n\u0131f kalitedeki kuma\u015f\u0131m\u0131z dayan\u0131kl\u0131l\u0131k ve uzun \u00f6m\u00fcr garanti eder ve onu gard\u0131robunuzun temel bir par\u00e7as\u0131 haline getirir.<\/p>\n<h2>Canl\u0131 \u00d6zel Tasar\u0131mlar<\/h2>\n<p>Canl\u0131, kal\u0131c\u0131 tasar\u0131mlar i\u00e7in y\u00fcksek kaliteli do\u011frudan giysiye (DTG) bask\u0131 deneyimini ya\u015fay\u0131n. Her \u00f6zel par\u00e7a, yetenekli sanat\u00e7\u0131lar\u0131m\u0131z taraf\u0131ndan benzersiz bir \u015fekilde ki\u015fiselle\u015ftirilerek ti\u015f\u00f6rt\u00fcn\u00fcz\u00fcn sadece bir giysiden daha fazlas\u0131 olmas\u0131n\u0131 sa\u011flar; giyilebilir bir sanat eseridir ve sadece sizin i\u00e7in \u00f6zel olarak \u00fcretilmi\u015ftir!<\/p>","protected":false},"excerpt":{"rendered":"<p>Kad\u0131nlar\u0131 \u00f6zel bir Ironman s\u00fcper kahraman ti\u015f\u00f6rt\u00fc ile g\u00fc\u00e7lendirin. Ki\u015fiselle\u015ftirilmi\u015f ti\u015f\u00f6rtler, herhangi bir foto\u011fraf\u0131 cesur, benzersiz bir kahraman ti\u015f\u00f6rt\u00fcne d\u00f6n\u00fc\u015ft\u00fcr\u00fcr.<\/p>","protected":false},"featured_media":127395,"comment_status":"open","ping_status":"closed","template":"","meta":{"_acf_changed":false},"product_brand":[],"product_cat":[6191,6312,6412,6428,75,6350],"product_tag":[6214,6433,6328,229,6215],"class_list":{"0":"post-127109","1":"product","2":"type-product","3":"status-publish","4":"has-post-thumbnail","6":"product_cat-t-shirts-women","7":"product_cat-custom-gifts-ironman","8":"product_cat-photo-to-tees","9":"product_cat-translate-products","10":"product_cat-women","11":"product_cat-womens-superhero-t-shirts","12":"product_tag-affordable-custom-t-shirts","13":"product_tag-ai-artwork","14":"product_tag-custom-image-t-shirt-for-women","15":"product_tag-custom-tee-shirts","16":"product_tag-screen-printing-near-me","18":"first","19":"instock","20":"taxable","21":"shipping-taxable","22":"purchasable","23":"product-type-simple"},"acf":[],"wcpa_form_fields":null,"_links":{"self":[{"href":"https:\/\/www.customywear.com\/tr\/wp-json\/wp\/v2\/product\/127109","targetHints":{"allow":["GET"]}}],"collection":[{"href":"https:\/\/www.customywear.com\/tr\/wp-json\/wp\/v2\/product"}],"about":[{"href":"https:\/\/www.customywear.com\/tr\/wp-json\/wp\/v2\/types\/product"}],"replies":[{"embeddable":true,"href":"https:\/\/www.customywear.com\/tr\/wp-json\/wp\/v2\/comments?post=127109"}],"wp:featuredmedia":[{"embeddable":true,"href":"https:\/\/www.customywear.com\/tr\/wp-json\/wp\/v2\/media\/127395"}],"wp:attachment":[{"href":"https:\/\/www.customywear.com\/tr\/wp-json\/wp\/v2\/media?parent=127109"}],"wp:term":[{"taxonomy":"product_brand","embeddable":true,"href":"https:\/\/www.customywear.com\/tr\/wp-json\/wp\/v2\/product_brand?post=127109"},{"taxonomy":"product_cat","embeddable":true,"href":"https:\/\/www.customywear.com\/tr\/wp-json\/wp\/v2\/product_cat?post=127109"},{"taxonomy":"product_tag","embeddable":true,"href":"https:\/\/www.customywear.com\/tr\/wp-json\/wp\/v2\/product_tag?post=127109"}],"curies":[{"name":"wp","href":"https:\/\/api.w.org\/{rel}","templated":true}]}}