{"id":127138,"date":"2025-02-11T14:54:43","date_gmt":"2025-02-11T14:54:43","guid":{"rendered":"https:\/\/www.customywear.com\/?post_type=product&#038;p=127138"},"modified":"2026-05-05T20:24:06","modified_gmt":"2026-05-05T20:24:06","slug":"ironman-supersahes-ozel-tshirt-fotolu","status":"publish","type":"product","link":"https:\/\/www.customywear.com\/tr\/custom-ironman-superhero-t-shirt-with-your-photo\/","title":{"rendered":"Foto\u011fraf\u0131n\u0131zla birlikte \u00d6zel Ironman S\u00fcper Kahraman Ti\u015f\u00f6rt\u00fc"},"content":{"rendered":"<p>Foto\u011fraflar\u0131n\u0131z\u0131n benzersiz bir s\u00fcper kahraman karakterine d\u00f6n\u00fc\u015ft\u00fc\u011f\u00fc \u00f6zel Ironman s\u00fcper kahraman ti\u015f\u00f6rt\u00fcm\u00fcz\u00fc tan\u0131t\u0131yoruz! Bu ti\u015f\u00f6rt, s\u00fcper kahraman \u00e7izgi roman\u0131 sevenler veya \u00f6zel bir dokunu\u015f gerektiren herhangi bir durum i\u00e7in m\u00fckemmel bir hediyedir. Rahatl\u0131\u011fa odaklanarak, 0 yumu\u015fak pamuktan \u00fcretilmi\u015ftir ve cildinizde nazik bir his sa\u011flar. Birinci s\u0131n\u0131f kaliteli malzeme onu dayan\u0131kl\u0131 ve uzun \u00f6m\u00fcrl\u00fc k\u0131larken, normal kesimi hem erkeklere hem de k\u0131zlara hitap ederek onu her gard\u0131roba \u00e7ok y\u00f6nl\u00fc bir ek yapar.<\/p>\n<h2>G\u00fcvenebilece\u011finiz Kalite<\/h2>\n<p>Ti\u015f\u00f6rtlerimiz y\u00fcksek kaliteli DTG bask\u0131 kullan\u0131larak bas\u0131larak canl\u0131 ve kal\u0131c\u0131 tasar\u0131mlar elde edilir. Her par\u00e7a yetenekli sanat\u00e7\u0131lar\u0131m\u0131z taraf\u0131ndan ki\u015fiselle\u015ftirilir ve de\u011ferli foto\u011fraflar\u0131n\u0131z ola\u011fan\u00fcst\u00fc dijital sanata d\u00f6n\u00fc\u015ft\u00fcr\u00fcl\u00fcr. En sevdi\u011finiz s\u00fcper kahraman\u0131 kutlarken bireyselli\u011finizi ifade etmenin bir yoludur!<\/p>\n<h2>Her Duruma Uygun<\/h2>\n<p>Bu \u00f6zel Ironman s\u00fcper kahraman ti\u015f\u00f6rt\u00fc sadece \u015f\u0131k olmakla kalmay\u0131p g\u00fcnl\u00fck kullan\u0131m i\u00e7in de pratiktir, bu sayede g\u00fcnl\u00fck geziler, hediyeler veya sadece \u00e7izgi roman kahramanlar\u0131na olan tutkunuzu sergilemek i\u00e7in uygundur. Kimli\u011finizi yans\u0131tan benzersiz bir tasar\u0131mla \u00f6ne \u00e7\u0131k\u0131n!<\/p>","protected":false},"excerpt":{"rendered":"<p>Foto\u011fraf\u0131n\u0131zla \u00f6zel bir Ironman s\u00fcper kahraman ti\u015f\u00f6rt\u00fc ile kahramanl\u0131\u011f\u0131 hayata ge\u00e7irin. Ki\u015fiselle\u015ftirilmi\u015f ti\u015f\u00f6rtler, herhangi bir foto\u011fraf\u0131 t\u00fcr\u00fcn\u00fcn tek \u00f6rne\u011fi, aksiyondan ilham alan bir ti\u015f\u00f6rte d\u00f6n\u00fc\u015ft\u00fcr\u00fcr.<\/p>","protected":false},"featured_media":127374,"comment_status":"open","ping_status":"closed","template":"","meta":{"_acf_changed":false},"product_brand":[6313],"product_cat":[6195,6312,186,6336,6412,6428],"product_tag":[6433,6327,6216,6168],"class_list":{"0":"post-127138","1":"product","2":"type-product","3":"status-publish","4":"has-post-thumbnail","6":"product_brand-customywear","7":"product_cat-t-shirts-men","8":"product_cat-custom-gifts-ironman","9":"product_cat-men","10":"product_cat-mens-superhero-t-shirts","11":"product_cat-photo-to-tees","12":"product_cat-translate-products","13":"product_tag-ai-artwork","14":"product_tag-custom-photo-t-shirt-for-men","15":"product_tag-mens-custom-t-shirts","16":"product_tag-unique-superhero-tees","18":"first","19":"instock","20":"taxable","21":"shipping-taxable","22":"purchasable","23":"product-type-simple"},"acf":[],"wcpa_form_fields":null,"_links":{"self":[{"href":"https:\/\/www.customywear.com\/tr\/wp-json\/wp\/v2\/product\/127138","targetHints":{"allow":["GET"]}}],"collection":[{"href":"https:\/\/www.customywear.com\/tr\/wp-json\/wp\/v2\/product"}],"about":[{"href":"https:\/\/www.customywear.com\/tr\/wp-json\/wp\/v2\/types\/product"}],"replies":[{"embeddable":true,"href":"https:\/\/www.customywear.com\/tr\/wp-json\/wp\/v2\/comments?post=127138"}],"wp:featuredmedia":[{"embeddable":true,"href":"https:\/\/www.customywear.com\/tr\/wp-json\/wp\/v2\/media\/127374"}],"wp:attachment":[{"href":"https:\/\/www.customywear.com\/tr\/wp-json\/wp\/v2\/media?parent=127138"}],"wp:term":[{"taxonomy":"product_brand","embeddable":true,"href":"https:\/\/www.customywear.com\/tr\/wp-json\/wp\/v2\/product_brand?post=127138"},{"taxonomy":"product_cat","embeddable":true,"href":"https:\/\/www.customywear.com\/tr\/wp-json\/wp\/v2\/product_cat?post=127138"},{"taxonomy":"product_tag","embeddable":true,"href":"https:\/\/www.customywear.com\/tr\/wp-json\/wp\/v2\/product_tag?post=127138"}],"curies":[{"name":"wp","href":"https:\/\/api.w.org\/{rel}","templated":true}]}}