{"id":127477,"date":"2025-02-18T10:29:50","date_gmt":"2025-02-18T10:29:50","guid":{"rendered":"https:\/\/www.customywear.com\/?post_type=product&#038;p=127477"},"modified":"2026-05-07T15:29:41","modified_gmt":"2026-05-07T15:29:41","slug":"ozel-neon-led-tshirt-erkek-cocuklar","status":"publish","type":"product","link":"https:\/\/www.customywear.com\/tr\/custom-neon-led-tshirt-boys\/","title":{"rendered":"\u00d6zel Neon LED \u0130\u015fareti erkek t-shirt\u00fc-Ki\u015fiselle\u015ftirilmi\u015f Foto\u011fraf Karakter Tee, \u00c7ocuklar i\u00e7in Benzersiz Hediye"},"content":{"rendered":"<h2 class=\"wp-block-heading\">\u00c7ocu\u011funuzun Foto\u011fraflar\u0131n\u0131 D\u00f6n\u00fc\u015ft\u00fcr\u00fcn<\/h2>\r\n<p>Gen\u00e7 erkekler i\u00e7in \u00f6zel neon LED tabelal\u0131 ti\u015f\u00f6rt\u00fcm\u00fczle \u00e7ocu\u011funuzun hayal g\u00fcc\u00fcn\u00fc hayata ge\u00e7irin! Yetenekli sanat\u00e7\u0131lar\u0131m\u0131z foto\u011fraflar\u0131n\u0131 dijital olarak canl\u0131 \u0131\u015f\u0131k stili bir karaktere d\u00f6n\u00fc\u015ft\u00fcrerek benzersiz ve ki\u015fisel bir dokunu\u015f sa\u011flayacakt\u0131r.<\/p>\r\n<h2>Her Durum \u0130\u00e7in M\u00fckemmel<\/h2>\r\n<p>Bu ki\u015fiselle\u015ftirilmi\u015f ti\u015f\u00f6rt, neon LED severler veya do\u011fum g\u00fcnleri, Noel veya d\u00fc\u011f\u00fcnler gibi \u00f6zel g\u00fcnler i\u00e7in ideal bir hediyedir. \u00c7ocu\u011funuz, gitti\u011fi her yerde benzersiz tasar\u0131m\u0131n\u0131 giymeyi \u00e7ok sevecek!<\/p>\r\n<h2>Kal\u0131c\u0131 Kalite<\/h2>\r\n<p>0 yumu\u015fak pamuktan \u00fcretilen ti\u015f\u00f6rtlerimiz en \u00fcst d\u00fczey konforu sunar. Birinci s\u0131n\u0131f kalite dayan\u0131kl\u0131l\u0131\u011f\u0131 garanti ederken, y\u00fcksek kaliteli do\u011frudan giysiye bask\u0131 canl\u0131 ve kal\u0131c\u0131 tasar\u0131mlar\u0131 garanti eder. Bug\u00fcn \u00f6zel neon LED tabelal\u0131 ti\u015f\u00f6rt\u00fcm\u00fczle \u00f6ne \u00e7\u0131k\u0131n!<\/p>\r\n<p><strong>Uyar\u0131:<\/strong> Bu ti\u015f\u00f6rt parlamaz. Bu neon led tarz\u0131 bir sanat eseridir.<\/p>","protected":false},"excerpt":{"rendered":"<p>Erkekler i\u00e7in \u00f6zel neon LED tabelal\u0131 ti\u015f\u00f6rt ile par\u0131lday\u0131n. Ki\u015fiselle\u015ftirilmi\u015f tees, foto\u011fraflar\u0131 \u00e7ocuklar i\u00e7in canl\u0131 neon karakter tasar\u0131mlar\u0131na d\u00f6n\u00fc\u015ft\u00fcr\u00fcr.<\/p>","protected":false},"featured_media":127698,"comment_status":"open","ping_status":"closed","template":"","meta":{"_acf_changed":false},"product_brand":[],"product_cat":[6189,6314,6412,6428],"product_tag":[6433,6439,6221,6330],"class_list":{"0":"post-127477","1":"product","2":"type-product","3":"status-publish","4":"has-post-thumbnail","6":"product_cat-boys-t-shirts","7":"product_cat-custom-gifts-neon-led","8":"product_cat-photo-to-tees","9":"product_cat-translate-products","10":"product_tag-ai-artwork","11":"product_tag-ai-kids-artwork","12":"product_tag-custom-t-shirts-near-me","13":"product_tag-photo-print-t-shirt-for-boys","15":"first","16":"instock","17":"taxable","18":"shipping-taxable","19":"purchasable","20":"product-type-simple"},"acf":[],"wcpa_form_fields":null,"_links":{"self":[{"href":"https:\/\/www.customywear.com\/tr\/wp-json\/wp\/v2\/product\/127477","targetHints":{"allow":["GET"]}}],"collection":[{"href":"https:\/\/www.customywear.com\/tr\/wp-json\/wp\/v2\/product"}],"about":[{"href":"https:\/\/www.customywear.com\/tr\/wp-json\/wp\/v2\/types\/product"}],"replies":[{"embeddable":true,"href":"https:\/\/www.customywear.com\/tr\/wp-json\/wp\/v2\/comments?post=127477"}],"wp:featuredmedia":[{"embeddable":true,"href":"https:\/\/www.customywear.com\/tr\/wp-json\/wp\/v2\/media\/127698"}],"wp:attachment":[{"href":"https:\/\/www.customywear.com\/tr\/wp-json\/wp\/v2\/media?parent=127477"}],"wp:term":[{"taxonomy":"product_brand","embeddable":true,"href":"https:\/\/www.customywear.com\/tr\/wp-json\/wp\/v2\/product_brand?post=127477"},{"taxonomy":"product_cat","embeddable":true,"href":"https:\/\/www.customywear.com\/tr\/wp-json\/wp\/v2\/product_cat?post=127477"},{"taxonomy":"product_tag","embeddable":true,"href":"https:\/\/www.customywear.com\/tr\/wp-json\/wp\/v2\/product_tag?post=127477"}],"curies":[{"name":"wp","href":"https:\/\/api.w.org\/{rel}","templated":true}]}}