{"id":127570,"date":"2025-02-18T10:29:51","date_gmt":"2025-02-18T10:29:51","guid":{"rendered":"https:\/\/www.customywear.com\/?post_type=product&#038;p=127570"},"modified":"2026-05-05T20:24:06","modified_gmt":"2026-05-05T20:24:06","slug":"erkekler-icin-ozel-neon-led-tabelali-tisort","status":"publish","type":"product","link":"https:\/\/www.customywear.com\/tr\/custom-neon-led-sign-t-shirtfor-men\/","title":{"rendered":"Ki\u015fiye \u00d6zel Neon LED Tabela Ti\u015f\u00f6rt\u00fc \u2013 Ki\u015fiselle\u015ftirilmi\u015f Foto\u011fraftan Parlayan Sanata, Erkekler, Do\u011fum G\u00fcn\u00fc, Noel ve D\u00fc\u011f\u00fcn i\u00e7in Benzersiz Hediye"},"content":{"rendered":"<h2>Foto\u011fraflar\u0131n\u0131z\u0131 Sanata D\u00f6n\u00fc\u015ft\u00fcr\u00fcn<\/h2>\n<p>Erkekler i\u00e7in \u00f6zel neon LED tabelal\u0131 ti\u015f\u00f6rtlerimizle ki\u015fiselle\u015ftirmenin b\u00fcy\u00fcs\u00fcn\u00fc a\u00e7\u0131\u011fa \u00e7\u0131kar\u0131n. Her ti\u015f\u00f6rt, de\u011ferli foto\u011fraflar\u0131n\u0131z\u0131 canl\u0131 bir LED \u0131\u015f\u0131k stili karakterine dijital olarak d\u00f6n\u00fc\u015ft\u00fcrmek i\u00e7in tasarlanm\u0131\u015ft\u0131r ve \u00f6ne \u00e7\u0131kan benzersiz bir g\u00f6r\u00fcn\u00fcm sa\u011flar. Neon tutkunlar\u0131 i\u00e7in m\u00fckemmel olan bu ti\u015f\u00f6rt, do\u011fum g\u00fcnleri, Noel veya d\u00fc\u011f\u00fcnler gibi durumlar i\u00e7in ideal bir hediyedir.<\/p>\n<h2>Premium Kalite ve Konfor<\/h2>\n<p>0 yumu\u015fak pamuktan \u00fcretilen ti\u015f\u00f6rtlerimiz e\u015fsiz konfor ve dayan\u0131kl\u0131l\u0131k sunar. Y\u00fcksek kaliteli do\u011frudan giysiye (DTG) bask\u0131 tekni\u011fi, tasar\u0131m\u0131n\u0131z\u0131n canl\u0131 ve uzun \u00f6m\u00fcrl\u00fc kalmas\u0131n\u0131 sa\u011flar, b\u00f6ylece benzersiz sanat eseriniz \u00f6n\u00fcm\u00fczdeki y\u0131llarda da parlak bir \u015fekilde parlayacakt\u0131r.<\/p>\n<h2>Herkes \u0130\u00e7in Benzersiz Bir Hediye<\/h2>\n<p>Sevdiklerinizi, bireyselliklerini yans\u0131tan ki\u015fiselle\u015ftirilmi\u015f bir ti\u015f\u00f6rtle \u00f6zel hissettirin. Yetenekli sanat\u00e7\u0131lar\u0131m\u0131z\u0131n i\u015f ba\u015f\u0131nda olmas\u0131yla, her tasar\u0131m benzersizdir ve bu da onu her kutlama i\u00e7in m\u00fckemmel, d\u00fc\u015f\u00fcnceli ve unutulmaz bir hediye haline getirir.<\/p>\n<p><strong>Uyar\u0131:<\/strong> Bu ti\u015f\u00f6rt parlamaz. Bu neon led tarz\u0131 bir sanat eseridir.<\/p>","protected":false},"excerpt":{"rendered":"<p>\u00d6zel bir neon LED i\u015faretli ti\u015f\u00f6rt ile \u015f\u0131k bir \u015fekilde parlay\u0131n. Ki\u015fiselle\u015ftirilmi\u015f foto\u011fraftan \u0131\u015f\u0131lt\u0131l\u0131 sanat ti\u015f\u00f6rtleri, herhangi bir foto\u011fraf\u0131 erkekler, do\u011fum g\u00fcnleri, Noel veya d\u00fc\u011f\u00fcnler i\u00e7in benzersiz bir hediyeye d\u00f6n\u00fc\u015ft\u00fcr\u00fcr.<\/p>","protected":false},"featured_media":127614,"comment_status":"open","ping_status":"closed","template":"","meta":{"_acf_changed":false},"product_brand":[],"product_cat":[6314,186,6343,6348,6412,6195,6428],"product_tag":[6433,6327,6216],"class_list":{"0":"post-127570","1":"product","2":"type-product","3":"status-publish","4":"has-post-thumbnail","6":"product_cat-custom-gifts-neon-led","7":"product_cat-men","8":"product_cat-mens-anniversary-t-shirts","9":"product_cat-mens-summer-t-shirts","10":"product_cat-photo-to-tees","11":"product_cat-t-shirts-men","12":"product_cat-translate-products","13":"product_tag-ai-artwork","14":"product_tag-custom-photo-t-shirt-for-men","15":"product_tag-mens-custom-t-shirts","17":"first","18":"instock","19":"taxable","20":"shipping-taxable","21":"purchasable","22":"product-type-simple"},"acf":[],"wcpa_form_fields":null,"_links":{"self":[{"href":"https:\/\/www.customywear.com\/tr\/wp-json\/wp\/v2\/product\/127570","targetHints":{"allow":["GET"]}}],"collection":[{"href":"https:\/\/www.customywear.com\/tr\/wp-json\/wp\/v2\/product"}],"about":[{"href":"https:\/\/www.customywear.com\/tr\/wp-json\/wp\/v2\/types\/product"}],"replies":[{"embeddable":true,"href":"https:\/\/www.customywear.com\/tr\/wp-json\/wp\/v2\/comments?post=127570"}],"wp:featuredmedia":[{"embeddable":true,"href":"https:\/\/www.customywear.com\/tr\/wp-json\/wp\/v2\/media\/127614"}],"wp:attachment":[{"href":"https:\/\/www.customywear.com\/tr\/wp-json\/wp\/v2\/media?parent=127570"}],"wp:term":[{"taxonomy":"product_brand","embeddable":true,"href":"https:\/\/www.customywear.com\/tr\/wp-json\/wp\/v2\/product_brand?post=127570"},{"taxonomy":"product_cat","embeddable":true,"href":"https:\/\/www.customywear.com\/tr\/wp-json\/wp\/v2\/product_cat?post=127570"},{"taxonomy":"product_tag","embeddable":true,"href":"https:\/\/www.customywear.com\/tr\/wp-json\/wp\/v2\/product_tag?post=127570"}],"curies":[{"name":"wp","href":"https:\/\/api.w.org\/{rel}","templated":true}]}}