{"id":127599,"date":"2025-02-18T10:29:51","date_gmt":"2025-02-18T10:29:51","guid":{"rendered":"https:\/\/www.customywear.com\/?post_type=product&#038;p=127599"},"modified":"2026-05-07T15:29:41","modified_gmt":"2026-05-07T15:29:41","slug":"ozel-neon-led-tshirt-kucuk-kiz-cocuk","status":"publish","type":"product","link":"https:\/\/www.customywear.com\/tr\/custom-neon-led-tshirt-toddler-girls\/","title":{"rendered":"K\u00fc\u00e7\u00fck K\u0131zlar \u0130\u00e7in \u00d6zel Neon LED Tabelal\u0131 Ti\u015f\u00f6rt \u2013 Ki\u015fiselle\u015ftirilmi\u015f Foto\u011fraf Karakterli Ti\u015f\u00f6rt, \u00c7ocuklar \u0130\u00e7in Benzersiz Hediye"},"content":{"rendered":"<h2 class=\"wp-block-heading\">\u00c7ocu\u011funuzun Foto\u011fraflar\u0131n\u0131 D\u00f6n\u00fc\u015ft\u00fcr\u00fcn<\/h2>\r\n<p>K\u00fc\u00e7\u00fck k\u0131z \u00e7ocuklar\u0131 i\u00e7in \u00f6zel neon LED tabelal\u0131 ti\u015f\u00f6rt\u00fc tan\u0131t\u0131yoruz - \u00e7ocu\u011funuzun bireyselli\u011fini kutlaman\u0131n benzersiz bir yolu! \u00c7ocu\u011funuzun foto\u011fraflar\u0131n\u0131 dijital olarak canl\u0131 LED \u0131\u015f\u0131k tarz\u0131 karakterlere d\u00f6n\u00fc\u015ft\u00fcr\u00fcyoruz, onlar\u0131 her durumda \u0131\u015f\u0131ldatmak i\u00e7in m\u00fckemmel.<\/p>\r\n<h2>Her Duruma Uygun<\/h2>\r\n<p>Bu ti\u015f\u00f6rt, neon LED severler i\u00e7in d\u00fc\u015f\u00fcnceli bir hediye. \u0130ster do\u011fum g\u00fcn\u00fc, ister Noel veya d\u00fc\u011f\u00fcn olsun, bu ki\u015fiselle\u015ftirilmi\u015f tasar\u0131m kesinlikle etkileyecektir. Her par\u00e7a, k\u00fc\u00e7\u00fck \u00e7ocuklar\u0131n bay\u0131ld\u0131\u011f\u0131 e\u011flenceli ve ne\u015feli bir \u00f6z\u00fc kapsayacak \u015fekilde tasarlanm\u0131\u015ft\u0131r.<\/p>\r\n<h2>G\u00fcvenebilece\u011finiz Kalite<\/h2>\r\n<p>Yumu\u015fak 0 pamuktan \u00fcretilen her \u00f6zel neon LED tabelal\u0131 ti\u015f\u00f6rt yaln\u0131zca rahat olmakla kalmaz, ayn\u0131 zamanda birinci s\u0131n\u0131f kalitede ve dayan\u0131kl\u0131d\u0131r. Y\u00fcksek kaliteli DTG bask\u0131m\u0131z canl\u0131 ve kal\u0131c\u0131 tasar\u0131mlar sa\u011flarken, her ti\u015f\u00f6rt\u00fcn benzersiz dijital sanat\u0131 yetenekli sanat\u00e7\u0131lar taraf\u0131ndan sevgiyle i\u015flenir. Ki\u015fiselle\u015ftirilmi\u015f hediye vermenin keyfini bug\u00fcn ke\u015ffedin!<\/p>","protected":false},"excerpt":{"rendered":"<p>K\u00fc\u00e7\u00fck \u00e7ocuklar i\u00e7in \u00f6zel bir neon LED i\u015faretli ti\u015f\u00f6rt ile k\u00fc\u00e7\u00fckler i\u00e7in par\u0131lt\u0131. Ki\u015fiselle\u015ftirilmi\u015f tees, foto\u011fraflar\u0131 e\u011flenceli neon karakter tasar\u0131mlar\u0131na d\u00f6n\u00fc\u015ft\u00fcr\u00fcr.<\/p>","protected":false},"featured_media":127731,"comment_status":"open","ping_status":"closed","template":"","meta":{"_acf_changed":false},"product_brand":[],"product_cat":[6207,6314,6412,6428],"product_tag":[6433,6439,6221],"class_list":{"0":"post-127599","1":"product","2":"type-product","3":"status-publish","4":"has-post-thumbnail","6":"product_cat-toddler-girl-t-shirts","7":"product_cat-custom-gifts-neon-led","8":"product_cat-photo-to-tees","9":"product_cat-translate-products","10":"product_tag-ai-artwork","11":"product_tag-ai-kids-artwork","12":"product_tag-custom-t-shirts-near-me","14":"first","15":"instock","16":"taxable","17":"shipping-taxable","18":"purchasable","19":"product-type-simple"},"acf":[],"wcpa_form_fields":null,"_links":{"self":[{"href":"https:\/\/www.customywear.com\/tr\/wp-json\/wp\/v2\/product\/127599","targetHints":{"allow":["GET"]}}],"collection":[{"href":"https:\/\/www.customywear.com\/tr\/wp-json\/wp\/v2\/product"}],"about":[{"href":"https:\/\/www.customywear.com\/tr\/wp-json\/wp\/v2\/types\/product"}],"replies":[{"embeddable":true,"href":"https:\/\/www.customywear.com\/tr\/wp-json\/wp\/v2\/comments?post=127599"}],"wp:featuredmedia":[{"embeddable":true,"href":"https:\/\/www.customywear.com\/tr\/wp-json\/wp\/v2\/media\/127731"}],"wp:attachment":[{"href":"https:\/\/www.customywear.com\/tr\/wp-json\/wp\/v2\/media?parent=127599"}],"wp:term":[{"taxonomy":"product_brand","embeddable":true,"href":"https:\/\/www.customywear.com\/tr\/wp-json\/wp\/v2\/product_brand?post=127599"},{"taxonomy":"product_cat","embeddable":true,"href":"https:\/\/www.customywear.com\/tr\/wp-json\/wp\/v2\/product_cat?post=127599"},{"taxonomy":"product_tag","embeddable":true,"href":"https:\/\/www.customywear.com\/tr\/wp-json\/wp\/v2\/product_tag?post=127599"}],"curies":[{"name":"wp","href":"https:\/\/api.w.org\/{rel}","templated":true}]}}