{"id":127763,"date":"2025-03-04T14:47:48","date_gmt":"2025-03-04T14:47:48","guid":{"rendered":"https:\/\/www.customywear.com\/?post_type=product&#038;p=127763"},"modified":"2026-05-07T15:29:41","modified_gmt":"2026-05-07T15:29:41","slug":"ozel-disc-golf-kiz-tisort","status":"publish","type":"product","link":"https:\/\/www.customywear.com\/tr\/personalized-disc-golf-tshirt-girls\/","title":{"rendered":"K\u0131zlar \u0130\u00e7in Ki\u015fiselle\u015ftirilmi\u015f Disk Golf Ti\u015f\u00f6rt\u00fc \u2013 Dijital Sanatla Ki\u015fiselle\u015ftirilmi\u015f Gen\u00e7lik Disk Golf Ti\u015f\u00f6rt\u00fc"},"content":{"rendered":"<p>Gen\u00e7 k\u0131zlar i\u00e7in bu \u00f6zel disk golf ti\u015f\u00f6rt\u00fc, e\u011flence ve ki\u015fiselle\u015ftirmenin benzersiz bir kar\u0131\u015f\u0131m\u0131d\u0131r. \u00c7ocu\u011funuzun foto\u011fraflar\u0131n\u0131 \u00e7ekiyoruz ve onlar\u0131 dijital olarak \u00f6zel bir karaktere d\u00f6n\u00fc\u015ft\u00fcr\u00fcyoruz, onlar\u0131 yetenekli bir disk golf\u00e7\u00fcs\u00fc olarak sergiliyoruz. S\u00fcper yumu\u015fak 0 pamuktan \u00fcretilen bu ti\u015f\u00f6rt, t\u00fcm g\u00fcn boyunca rahatl\u0131k ve dayan\u0131kl\u0131l\u0131k garanti eder. Y\u00fcksek kaliteli DTG bask\u0131s\u0131na sahip olan canl\u0131 tasar\u0131mlar uzun \u00f6m\u00fcrl\u00fc olacak \u015fekilde \u00fcretilmi\u015ftir ve bu, onu herhangi bir disk golf tutkunu veya oyuncusu i\u00e7in m\u00fckemmel bir hediye haline getirir. Do\u011fum g\u00fcnleri, Noel, d\u00fc\u011f\u00fcnler veya sadece gen\u00e7 sporcunuzun g\u00fcn\u00fcn\u00fc ayd\u0131nlatmak i\u00e7in ideal olan her tasar\u0131m, yetenekli sanat\u00e7\u0131lar taraf\u0131ndan haz\u0131rlanm\u0131\u015f benzersiz bir \u015faheserdir. \u00c7ocu\u011funuzun disk golf\u00fcne olan sevgisini \u00f6zel ve ki\u015fisel bir \u015feyle kutlay\u0131n!<\/p>","protected":false},"excerpt":{"rendered":"<p>Oyunu k\u0131zlar i\u00e7in ki\u015fiselle\u015ftirilmi\u015f bir disk golf ti\u015f\u00f6rt\u00fc ile acele edin. \u00d6zel gen\u00e7lik diski golf g\u00f6mlekleri, herhangi bir foto\u011fraf\u0131 e\u011flenceli, sportif bir ti\u015f\u00f6rte d\u00f6n\u00fc\u015ft\u00fcr\u00fcr.<\/p>","protected":false},"featured_media":127913,"comment_status":"open","ping_status":"closed","template":"","meta":{"_acf_changed":false},"product_brand":[],"product_cat":[6193,6315,152,6412,6428,58],"product_tag":[6433,6439,6331,6221],"class_list":{"0":"post-127763","1":"product","2":"type-product","3":"status-publish","4":"has-post-thumbnail","6":"product_cat-girls-t-shirts","7":"product_cat-custom-gifts-disc-golf","8":"product_cat-girls","9":"product_cat-photo-to-tees","10":"product_cat-translate-products","11":"product_cat-youth-kids","12":"product_tag-ai-artwork","13":"product_tag-ai-kids-artwork","14":"product_tag-custom-picture-t-shirt-for-girls","15":"product_tag-custom-t-shirts-near-me","17":"first","18":"instock","19":"taxable","20":"shipping-taxable","21":"purchasable","22":"product-type-simple"},"acf":[],"wcpa_form_fields":null,"_links":{"self":[{"href":"https:\/\/www.customywear.com\/tr\/wp-json\/wp\/v2\/product\/127763","targetHints":{"allow":["GET"]}}],"collection":[{"href":"https:\/\/www.customywear.com\/tr\/wp-json\/wp\/v2\/product"}],"about":[{"href":"https:\/\/www.customywear.com\/tr\/wp-json\/wp\/v2\/types\/product"}],"replies":[{"embeddable":true,"href":"https:\/\/www.customywear.com\/tr\/wp-json\/wp\/v2\/comments?post=127763"}],"wp:featuredmedia":[{"embeddable":true,"href":"https:\/\/www.customywear.com\/tr\/wp-json\/wp\/v2\/media\/127913"}],"wp:attachment":[{"href":"https:\/\/www.customywear.com\/tr\/wp-json\/wp\/v2\/media?parent=127763"}],"wp:term":[{"taxonomy":"product_brand","embeddable":true,"href":"https:\/\/www.customywear.com\/tr\/wp-json\/wp\/v2\/product_brand?post=127763"},{"taxonomy":"product_cat","embeddable":true,"href":"https:\/\/www.customywear.com\/tr\/wp-json\/wp\/v2\/product_cat?post=127763"},{"taxonomy":"product_tag","embeddable":true,"href":"https:\/\/www.customywear.com\/tr\/wp-json\/wp\/v2\/product_tag?post=127763"}],"curies":[{"name":"wp","href":"https:\/\/api.w.org\/{rel}","templated":true}]}}