{"id":127797,"date":"2025-03-04T14:47:49","date_gmt":"2025-03-04T14:47:49","guid":{"rendered":"https:\/\/www.customywear.com\/?post_type=product&#038;p=127797"},"modified":"2026-05-07T15:29:41","modified_gmt":"2026-05-07T15:29:41","slug":"ozel-disc-golf-toddler-erkek-tisort","status":"publish","type":"product","link":"https:\/\/www.customywear.com\/tr\/personalized-disc-golf-tshirt-toddler-boys\/","title":{"rendered":"K\u00fc\u00e7\u00fck \u00c7ocuklar \u0130\u00e7in Ki\u015fiselle\u015ftirilmi\u015f Disk Golf Ti\u015f\u00f6rt\u00fc \u2013 \u00d6zel Gen\u00e7lik Disk Golf Ti\u015f\u00f6rt\u00fc"},"content":{"rendered":"<p>\u00d6zellikle y\u00fcr\u00fcmeye ba\u015flayan erkek \u00e7ocuklar i\u00e7in tasarlanm\u0131\u015f \u00f6zel disk golf ti\u015f\u00f6rt\u00fcm\u00fcz\u00fc tan\u0131t\u0131yoruz! \u00c7ocu\u011funuzun foto\u011fraflar\u0131n\u0131 \u00e7ekiyoruz ve onlar\u0131 spora olan sevgilerini sergilemek i\u00e7in m\u00fckemmel, benzersiz, canl\u0131 disk golf oyuncusu karakterlerine d\u00f6n\u00fc\u015ft\u00fcr\u00fcyoruz. Yumu\u015fak 0 pamuktan \u00fcretilen bu ti\u015f\u00f6rt sadece rahat de\u011fil, ayn\u0131 zamanda dayan\u0131kl\u0131 ve uzun \u00f6m\u00fcrl\u00fcd\u00fcr. Y\u00fcksek kaliteli DTG bask\u0131m\u0131z, tasar\u0131mlar\u0131n keskin, canl\u0131 ve uzun \u00f6m\u00fcrl\u00fc olmas\u0131n\u0131 sa\u011flar. \u0130ster do\u011fum g\u00fcn\u00fc, ister Noel veya herhangi bir \u00f6zel g\u00fcn olsun, bu ki\u015fiselle\u015ftirilmi\u015f ti\u015f\u00f6rt gen\u00e7 disk golf tutkunlar\u0131 ve oyuncular\u0131 i\u00e7in m\u00fckemmel bir hediyedir.<\/p>","protected":false},"excerpt":{"rendered":"<p>Y\u00fcr\u00fcmeye ba\u015flayan \u00e7ocuklar i\u00e7in ki\u015fiselle\u015ftirilmi\u015f bir disk golf ti\u015f\u00f6rt\u00fc ile Young'a ba\u015flay\u0131n. \u00d6zel gen\u00e7lik diski golf g\u00f6mlekleri, herhangi bir foto\u011fraf\u0131 e\u011flenceli, t\u00fcr\u00fcn\u00fcn tek \u00f6rne\u011fi bir ti\u015f\u00f6rte d\u00f6n\u00fc\u015ft\u00fcr\u00fcr.<\/p>","protected":false},"featured_media":127955,"comment_status":"open","ping_status":"closed","template":"","meta":{"_acf_changed":false},"product_brand":[],"product_cat":[6209,6315,6412,6428],"product_tag":[6433,6439,6221],"class_list":{"0":"post-127797","1":"product","2":"type-product","3":"status-publish","4":"has-post-thumbnail","6":"product_cat-toddler-boy-t-shirts","7":"product_cat-custom-gifts-disc-golf","8":"product_cat-photo-to-tees","9":"product_cat-translate-products","10":"product_tag-ai-artwork","11":"product_tag-ai-kids-artwork","12":"product_tag-custom-t-shirts-near-me","14":"first","15":"instock","16":"taxable","17":"shipping-taxable","18":"purchasable","19":"product-type-simple"},"acf":[],"wcpa_form_fields":null,"_links":{"self":[{"href":"https:\/\/www.customywear.com\/tr\/wp-json\/wp\/v2\/product\/127797","targetHints":{"allow":["GET"]}}],"collection":[{"href":"https:\/\/www.customywear.com\/tr\/wp-json\/wp\/v2\/product"}],"about":[{"href":"https:\/\/www.customywear.com\/tr\/wp-json\/wp\/v2\/types\/product"}],"replies":[{"embeddable":true,"href":"https:\/\/www.customywear.com\/tr\/wp-json\/wp\/v2\/comments?post=127797"}],"wp:featuredmedia":[{"embeddable":true,"href":"https:\/\/www.customywear.com\/tr\/wp-json\/wp\/v2\/media\/127955"}],"wp:attachment":[{"href":"https:\/\/www.customywear.com\/tr\/wp-json\/wp\/v2\/media?parent=127797"}],"wp:term":[{"taxonomy":"product_brand","embeddable":true,"href":"https:\/\/www.customywear.com\/tr\/wp-json\/wp\/v2\/product_brand?post=127797"},{"taxonomy":"product_cat","embeddable":true,"href":"https:\/\/www.customywear.com\/tr\/wp-json\/wp\/v2\/product_cat?post=127797"},{"taxonomy":"product_tag","embeddable":true,"href":"https:\/\/www.customywear.com\/tr\/wp-json\/wp\/v2\/product_tag?post=127797"}],"curies":[{"name":"wp","href":"https:\/\/api.w.org\/{rel}","templated":true}]}}