{"id":127844,"date":"2025-03-04T14:47:49","date_gmt":"2025-03-04T14:47:49","guid":{"rendered":"https:\/\/www.customywear.com\/?post_type=product&#038;p=127844"},"modified":"2026-05-05T20:23:26","modified_gmt":"2026-05-05T20:23:26","slug":"ozel-disc-golf-kadin-tisort","status":"publish","type":"product","link":"https:\/\/www.customywear.com\/tr\/personalized-disc-golf-tshirt-women\/","title":{"rendered":"Ki\u015fiselle\u015ftirilmi\u015f Disk Golf T-Shirt Kad\u0131nlar i\u00e7in-\u00d6zel Kad\u0131n Disk Golf Oyuncu G\u00f6mlek"},"content":{"rendered":"<p>Disk golf\u00fcne olan sevginizi \u00f6zel kad\u0131n ti\u015f\u00f6rt\u00fcm\u00fczle kutlay\u0131n! Foto\u011fraflar\u0131n\u0131z\u0131 \u00e7ekiyoruz ve onlar\u0131 canl\u0131, ki\u015fiselle\u015ftirilmi\u015f disk golf oyuncusu karakterlerine d\u00f6n\u00fc\u015ft\u00fcr\u00fcyoruz, b\u00f6ylece do\u011fum g\u00fcnleri, Noel veya d\u00fc\u011f\u00fcnler olsun her durum i\u00e7in m\u00fckemmel bir hediye haline getiriyoruz. Yumu\u015fak 0 pamuktan \u00fcretilen ti\u015f\u00f6rtlerimiz, dayan\u0131kl\u0131l\u0131k ve uzun \u00f6m\u00fcr sa\u011flayan birinci s\u0131n\u0131f kaliteyle en \u00fcst d\u00fczey konforu sunar. Her tasar\u0131m, y\u00fcksek kaliteli do\u011frudan giysiye (DTG) bask\u0131 \u00f6zelli\u011fine sahiptir, yani benzersiz sanat eseriniz y\u0131kamadan sonra bile canl\u0131l\u0131\u011f\u0131n\u0131 koruyacakt\u0131r. Tutkunuzu ger\u00e7ekten yans\u0131tan bir ti\u015f\u00f6rtle sahada veya gitti\u011finiz her yerde \u00f6ne \u00e7\u0131k\u0131n!<\/p>","protected":false},"excerpt":{"rendered":"<p>Kad\u0131nlar i\u00e7in ki\u015fiselle\u015ftirilmi\u015f bir disk golf ti\u015f\u00f6rt\u00fc ile cesur oynay\u0131n. \u00d6zel kad\u0131n disk golf oyuncusu g\u00f6mlekleri, herhangi bir foto\u011fraf\u0131 benzersiz, sportif bir ti\u015f\u00f6rte d\u00f6n\u00fc\u015ft\u00fcr\u00fcr.<\/p>","protected":false},"featured_media":128000,"comment_status":"open","ping_status":"closed","template":"","meta":{"_acf_changed":false},"product_brand":[],"product_cat":[6191,6315,6412,6428,75,6352],"product_tag":[6214,6433,6328,229,6215],"class_list":{"0":"post-127844","1":"product","2":"type-product","3":"status-publish","4":"has-post-thumbnail","6":"product_cat-t-shirts-women","7":"product_cat-custom-gifts-disc-golf","8":"product_cat-photo-to-tees","9":"product_cat-translate-products","10":"product_cat-women","11":"product_cat-womens-sports-t-shirts","12":"product_tag-affordable-custom-t-shirts","13":"product_tag-ai-artwork","14":"product_tag-custom-image-t-shirt-for-women","15":"product_tag-custom-tee-shirts","16":"product_tag-screen-printing-near-me","18":"first","19":"instock","20":"taxable","21":"shipping-taxable","22":"purchasable","23":"product-type-simple"},"acf":[],"wcpa_form_fields":null,"_links":{"self":[{"href":"https:\/\/www.customywear.com\/tr\/wp-json\/wp\/v2\/product\/127844","targetHints":{"allow":["GET"]}}],"collection":[{"href":"https:\/\/www.customywear.com\/tr\/wp-json\/wp\/v2\/product"}],"about":[{"href":"https:\/\/www.customywear.com\/tr\/wp-json\/wp\/v2\/types\/product"}],"replies":[{"embeddable":true,"href":"https:\/\/www.customywear.com\/tr\/wp-json\/wp\/v2\/comments?post=127844"}],"wp:featuredmedia":[{"embeddable":true,"href":"https:\/\/www.customywear.com\/tr\/wp-json\/wp\/v2\/media\/128000"}],"wp:attachment":[{"href":"https:\/\/www.customywear.com\/tr\/wp-json\/wp\/v2\/media?parent=127844"}],"wp:term":[{"taxonomy":"product_brand","embeddable":true,"href":"https:\/\/www.customywear.com\/tr\/wp-json\/wp\/v2\/product_brand?post=127844"},{"taxonomy":"product_cat","embeddable":true,"href":"https:\/\/www.customywear.com\/tr\/wp-json\/wp\/v2\/product_cat?post=127844"},{"taxonomy":"product_tag","embeddable":true,"href":"https:\/\/www.customywear.com\/tr\/wp-json\/wp\/v2\/product_tag?post=127844"}],"curies":[{"name":"wp","href":"https:\/\/api.w.org\/{rel}","templated":true}]}}