{"id":127902,"date":"2025-03-04T14:47:50","date_gmt":"2025-03-04T14:47:50","guid":{"rendered":"https:\/\/www.customywear.com\/?post_type=product&#038;p=127902"},"modified":"2026-05-07T15:29:41","modified_gmt":"2026-05-07T15:29:41","slug":"ozel-disc-golf-toddler-kiz-tisort","status":"publish","type":"product","link":"https:\/\/www.customywear.com\/tr\/personalized-disc-golf-tshirt-toddler-girls\/","title":{"rendered":"K\u00fc\u00e7\u00fck K\u0131zlar \u0130\u00e7in Ki\u015fiselle\u015ftirilmi\u015f Disk Golf Ti\u015f\u00f6rt\u00fc \u2013 \u00d6zel Gen\u00e7lik Disk Golf Ti\u015f\u00f6rt\u00fc"},"content":{"rendered":"<p>\u00d6zellikle k\u00fc\u00e7\u00fck k\u0131z \u00e7ocuklar\u0131 i\u00e7in tasarlanm\u0131\u015f \u00f6zel disk golf ti\u015f\u00f6rt\u00fcm\u00fcz\u00fc tan\u0131t\u0131yoruz! Benzersiz bir dokunu\u015fla \u00e7ocu\u011funuzun foto\u011fraflar\u0131n\u0131 dijital olarak sevimli ve canl\u0131 bir disk golf oyuncusu karakterine d\u00f6n\u00fc\u015ft\u00fcr\u00fcyoruz ve sporun heyecan\u0131n\u0131 yakal\u0131yoruz. Yumu\u015fak 0 pamuktan \u00fcretilen bu ti\u015f\u00f6rt t\u00fcm g\u00fcn konfor sa\u011flarken, birinci s\u0131n\u0131f kalitesi her macera i\u00e7in dayan\u0131kl\u0131l\u0131\u011f\u0131 garanti eder. Gen\u00e7 disk golf tutkunlar\u0131 i\u00e7in m\u00fckemmel olan bu ti\u015f\u00f6rt ayn\u0131 zamanda do\u011fum g\u00fcnleri, Noel veya herhangi bir \u00f6zel g\u00fcn i\u00e7in d\u00fc\u015f\u00fcnceli bir hediyedir. Her ti\u015f\u00f6rt, \u00e7ocu\u011funuzun oyuna olan sevgisini kutlayan benzersiz bir par\u00e7a yaratmak i\u00e7in yetenekli sanat\u00e7\u0131lar taraf\u0131ndan haz\u0131rlanm\u0131\u015f, canl\u0131 ve kal\u0131c\u0131 tasar\u0131mlar i\u00e7in y\u00fcksek kaliteli do\u011frudan giysiye bask\u0131 \u00f6zelli\u011fine sahiptir.<\/p>","protected":false},"excerpt":{"rendered":"<p>K\u00fc\u00e7\u00fck k\u0131zlar i\u00e7in ki\u015fiselle\u015ftirilmi\u015f bir disk golf ti\u015f\u00f6rt\u00fc ile gen\u00e7 k\u0131zlara hediye edin. \u00d6zel gen\u00e7lik diski golf g\u00f6mlekleri, herhangi bir foto\u011fraf\u0131 e\u011flenceli, benzersiz ti\u015f\u00f6rtlere d\u00f6n\u00fc\u015ft\u00fcr\u00fcr.<\/p>","protected":false},"featured_media":127967,"comment_status":"open","ping_status":"closed","template":"","meta":{"_acf_changed":false},"product_brand":[],"product_cat":[6207,6315,6412,6428],"product_tag":[6433,6439,6221],"class_list":{"0":"post-127902","1":"product","2":"type-product","3":"status-publish","4":"has-post-thumbnail","6":"product_cat-toddler-girl-t-shirts","7":"product_cat-custom-gifts-disc-golf","8":"product_cat-photo-to-tees","9":"product_cat-translate-products","10":"product_tag-ai-artwork","11":"product_tag-ai-kids-artwork","12":"product_tag-custom-t-shirts-near-me","14":"first","15":"instock","16":"taxable","17":"shipping-taxable","18":"purchasable","19":"product-type-simple"},"acf":[],"wcpa_form_fields":null,"_links":{"self":[{"href":"https:\/\/www.customywear.com\/tr\/wp-json\/wp\/v2\/product\/127902","targetHints":{"allow":["GET"]}}],"collection":[{"href":"https:\/\/www.customywear.com\/tr\/wp-json\/wp\/v2\/product"}],"about":[{"href":"https:\/\/www.customywear.com\/tr\/wp-json\/wp\/v2\/types\/product"}],"replies":[{"embeddable":true,"href":"https:\/\/www.customywear.com\/tr\/wp-json\/wp\/v2\/comments?post=127902"}],"wp:featuredmedia":[{"embeddable":true,"href":"https:\/\/www.customywear.com\/tr\/wp-json\/wp\/v2\/media\/127967"}],"wp:attachment":[{"href":"https:\/\/www.customywear.com\/tr\/wp-json\/wp\/v2\/media?parent=127902"}],"wp:term":[{"taxonomy":"product_brand","embeddable":true,"href":"https:\/\/www.customywear.com\/tr\/wp-json\/wp\/v2\/product_brand?post=127902"},{"taxonomy":"product_cat","embeddable":true,"href":"https:\/\/www.customywear.com\/tr\/wp-json\/wp\/v2\/product_cat?post=127902"},{"taxonomy":"product_tag","embeddable":true,"href":"https:\/\/www.customywear.com\/tr\/wp-json\/wp\/v2\/product_tag?post=127902"}],"curies":[{"name":"wp","href":"https:\/\/api.w.org\/{rel}","templated":true}]}}