{"id":128067,"date":"2025-03-15T15:21:27","date_gmt":"2025-03-15T15:21:27","guid":{"rendered":"https:\/\/www.customywear.com\/?post_type=product&#038;p=128067"},"modified":"2026-05-07T15:29:41","modified_gmt":"2026-05-07T15:29:41","slug":"kisisellestirilmis-beyzbol-tisortu-yurumeye-baslayan-kizlar","status":"publish","type":"product","link":"https:\/\/www.customywear.com\/tr\/personalized-baseball-tshirt-toddler-girls\/","title":{"rendered":"K\u00fc\u00e7\u00fck K\u0131zlar \u0130\u00e7in Ki\u015fiselle\u015ftirilmi\u015f Beyzbol Ti\u015f\u00f6rt\u00fc \u2013 \u00d6zel Foto\u011frafl\u0131 Beyzbol Oyuncusu Ti\u015f\u00f6rt\u00fc"},"content":{"rendered":"<p>K\u00fc\u00e7\u00fck k\u0131z \u00e7ocuklar\u0131 i\u00e7in bu b\u00fcy\u00fcleyici \u00f6zel beyzbol ti\u015f\u00f6rt\u00fc ki\u015fiselle\u015ftirmeyi bir \u00fcst seviyeye ta\u015f\u0131yor! \u00c7ocu\u011funuzun foto\u011fraf\u0131n\u0131 dijital olarak, her gen\u00e7 beyzbol tutkunu i\u00e7in m\u00fckemmel olan, keyifli bir beyzbol oyuncusu karakterine d\u00f6n\u00fc\u015ft\u00fcr\u00fcyoruz. Yumu\u015fak 0 pamuktan \u00fcretilen bu ti\u015f\u00f6rt, dayan\u0131kl\u0131l\u0131k i\u00e7in birinci s\u0131n\u0131f kaliteyi korurken konforu garanti eder. Her ti\u015f\u00f6rt, canl\u0131 ve kal\u0131c\u0131, g\u00f6ze \u00e7arpan tasar\u0131mlar sa\u011flayan y\u00fcksek kaliteli do\u011frudan giysiye (DTG) bask\u0131 \u00f6zelli\u011fine sahiptir. Do\u011fum g\u00fcnleri, Noel, d\u00fc\u011f\u00fcnler veya sadece \u00f6ylesine i\u00e7in idealdir; bu benzersiz \u00fcr\u00fcn, oyunu seven \u00e7ocuklar i\u00e7in harika bir hediyedir!<\/p>","protected":false},"excerpt":{"rendered":"<p>Y\u00fcr\u00fcmeye ba\u015flayan k\u0131zlar i\u00e7in ki\u015fiselle\u015ftirilmi\u015f bir beyzbol ti\u015f\u00f6rt\u00fc ile eve ko\u015fun. \u00d6zel foto\u011fraf beyzbol oyuncusu tees, herhangi bir foto\u011fraf\u0131 e\u011flenceli, sportif bir ti\u015f\u00f6rte d\u00f6n\u00fc\u015ft\u00fcr\u00fcr.<\/p>","protected":false},"featured_media":128262,"comment_status":"open","ping_status":"closed","template":"","meta":{"_acf_changed":false},"product_brand":[],"product_cat":[6207,6316,6412,6428],"product_tag":[6433,6439,6221],"class_list":{"0":"post-128067","1":"product","2":"type-product","3":"status-publish","4":"has-post-thumbnail","6":"product_cat-toddler-girl-t-shirts","7":"product_cat-custom-gifts-ai-baseball","8":"product_cat-photo-to-tees","9":"product_cat-translate-products","10":"product_tag-ai-artwork","11":"product_tag-ai-kids-artwork","12":"product_tag-custom-t-shirts-near-me","14":"first","15":"instock","16":"taxable","17":"shipping-taxable","18":"purchasable","19":"product-type-simple"},"acf":[],"wcpa_form_fields":null,"_links":{"self":[{"href":"https:\/\/www.customywear.com\/tr\/wp-json\/wp\/v2\/product\/128067","targetHints":{"allow":["GET"]}}],"collection":[{"href":"https:\/\/www.customywear.com\/tr\/wp-json\/wp\/v2\/product"}],"about":[{"href":"https:\/\/www.customywear.com\/tr\/wp-json\/wp\/v2\/types\/product"}],"replies":[{"embeddable":true,"href":"https:\/\/www.customywear.com\/tr\/wp-json\/wp\/v2\/comments?post=128067"}],"wp:featuredmedia":[{"embeddable":true,"href":"https:\/\/www.customywear.com\/tr\/wp-json\/wp\/v2\/media\/128262"}],"wp:attachment":[{"href":"https:\/\/www.customywear.com\/tr\/wp-json\/wp\/v2\/media?parent=128067"}],"wp:term":[{"taxonomy":"product_brand","embeddable":true,"href":"https:\/\/www.customywear.com\/tr\/wp-json\/wp\/v2\/product_brand?post=128067"},{"taxonomy":"product_cat","embeddable":true,"href":"https:\/\/www.customywear.com\/tr\/wp-json\/wp\/v2\/product_cat?post=128067"},{"taxonomy":"product_tag","embeddable":true,"href":"https:\/\/www.customywear.com\/tr\/wp-json\/wp\/v2\/product_tag?post=128067"}],"curies":[{"name":"wp","href":"https:\/\/api.w.org\/{rel}","templated":true}]}}