{"id":128159,"date":"2025-03-15T15:21:29","date_gmt":"2025-03-15T15:21:29","guid":{"rendered":"https:\/\/www.customywear.com\/?post_type=product&#038;p=128159"},"modified":"2026-05-05T20:23:26","modified_gmt":"2026-05-05T20:23:26","slug":"kisisellestirilmis-beyzbol-oyuncusu-tisortu-kadin","status":"publish","type":"product","link":"https:\/\/www.customywear.com\/tr\/personalized-baseball-player-tshirt-women\/","title":{"rendered":"Kad\u0131nlar i\u00e7in Ki\u015fiselle\u015ftirilmi\u015f Beyzbol Oyuncusu Ti\u015f\u00f6rt\u00fc-\u00d6zel Foto\u011fraf Beyzbol Hediyesi"},"content":{"rendered":"<p>Kad\u0131nlar i\u00e7in \u00f6zel olarak tasarlanm\u0131\u015f \u00f6zel beyzbol ti\u015f\u00f6rt\u00fcm\u00fczle beyzbola olan sevginizi g\u00f6sterin! Bu benzersiz par\u00e7a, en sevdi\u011finiz foto\u011fraf\u0131n dijital olarak d\u00f6n\u00fc\u015ft\u00fcr\u00fclm\u00fc\u015f bir versiyonunu i\u00e7erir ve sizi oyuna sokan ki\u015fiselle\u015ftirilmi\u015f bir beyzbol oyuncusu karakteri yarat\u0131r. Yumu\u015fak 0 pamuktan \u00fcretilen bu birinci s\u0131n\u0131f kalitedeki ti\u015f\u00f6rt, benzersiz tasar\u0131m\u0131n\u0131z\u0131 hayata ge\u00e7iren canl\u0131, y\u00fcksek kaliteli do\u011frudan giysiye (DTG) bask\u0131ya sahipken konfor sa\u011flar. Do\u011fum g\u00fcnleri, Noel, d\u00fc\u011f\u00fcnler veya herhangi bir \u00f6zel g\u00fcnde beyzbol tutkunlar\u0131 i\u00e7in d\u00fc\u015f\u00fcnceli bir hediye olarak m\u00fckemmel olan bu ti\u015f\u00f6rt, sadece bir giysiden daha fazlas\u0131d\u0131r; sadece sizin i\u00e7in tasarlanm\u0131\u015f bir sanat eseridir!<\/p>","protected":false},"excerpt":{"rendered":"<p>Ki\u015fiselle\u015ftirilmi\u015f bir beyzbol oyuncusu ti\u015f\u00f6rt\u00fc ile kad\u0131nlara hediye edin. \u00d6zel foto\u011fraf beyzbol hediyeleri, herhangi bir foto\u011fraf\u0131 cesur, benzersiz bir ti\u015f\u00f6rte d\u00f6n\u00fc\u015ft\u00fcr\u00fcr.<\/p>","protected":false},"featured_media":128239,"comment_status":"open","ping_status":"closed","template":"","meta":{"_acf_changed":false},"product_brand":[],"product_cat":[6191,6316,6412,6428,75,6352],"product_tag":[6214,6433,6328,229,6215],"class_list":{"0":"post-128159","1":"product","2":"type-product","3":"status-publish","4":"has-post-thumbnail","6":"product_cat-t-shirts-women","7":"product_cat-custom-gifts-ai-baseball","8":"product_cat-photo-to-tees","9":"product_cat-translate-products","10":"product_cat-women","11":"product_cat-womens-sports-t-shirts","12":"product_tag-affordable-custom-t-shirts","13":"product_tag-ai-artwork","14":"product_tag-custom-image-t-shirt-for-women","15":"product_tag-custom-tee-shirts","16":"product_tag-screen-printing-near-me","18":"first","19":"instock","20":"taxable","21":"shipping-taxable","22":"purchasable","23":"product-type-simple"},"acf":[],"wcpa_form_fields":null,"_links":{"self":[{"href":"https:\/\/www.customywear.com\/tr\/wp-json\/wp\/v2\/product\/128159","targetHints":{"allow":["GET"]}}],"collection":[{"href":"https:\/\/www.customywear.com\/tr\/wp-json\/wp\/v2\/product"}],"about":[{"href":"https:\/\/www.customywear.com\/tr\/wp-json\/wp\/v2\/types\/product"}],"replies":[{"embeddable":true,"href":"https:\/\/www.customywear.com\/tr\/wp-json\/wp\/v2\/comments?post=128159"}],"wp:featuredmedia":[{"embeddable":true,"href":"https:\/\/www.customywear.com\/tr\/wp-json\/wp\/v2\/media\/128239"}],"wp:attachment":[{"href":"https:\/\/www.customywear.com\/tr\/wp-json\/wp\/v2\/media?parent=128159"}],"wp:term":[{"taxonomy":"product_brand","embeddable":true,"href":"https:\/\/www.customywear.com\/tr\/wp-json\/wp\/v2\/product_brand?post=128159"},{"taxonomy":"product_cat","embeddable":true,"href":"https:\/\/www.customywear.com\/tr\/wp-json\/wp\/v2\/product_cat?post=128159"},{"taxonomy":"product_tag","embeddable":true,"href":"https:\/\/www.customywear.com\/tr\/wp-json\/wp\/v2\/product_tag?post=128159"}],"curies":[{"name":"wp","href":"https:\/\/api.w.org\/{rel}","templated":true}]}}