{"id":128381,"date":"2025-03-25T13:57:04","date_gmt":"2025-03-25T13:57:04","guid":{"rendered":"https:\/\/www.customywear.com\/?post_type=product&#038;p=128381"},"modified":"2026-05-07T15:29:41","modified_gmt":"2026-05-07T15:29:41","slug":"ozel-toddler-kiz-pickleball-tisort","status":"publish","type":"product","link":"https:\/\/www.customywear.com\/tr\/custom-toddler-pickleball-tshirt-girls\/","title":{"rendered":"K\u0131zlar \u0130\u00e7in \u00d6zel K\u00fc\u00e7\u00fck \u00c7ocuk Pickleball Ti\u015f\u00f6rt\u00fc \u2013 Ki\u015fiselle\u015ftirilmi\u015f Foto\u011fraf Oyuncusu Karakter Tasar\u0131m\u0131"},"content":{"rendered":"<p>K\u00fc\u00e7\u00fck \u00e7ocu\u011funuzun foto\u011fraf\u0131n\u0131 \u00d6zel K\u00fc\u00e7\u00fck K\u0131z Pickleball Ti\u015f\u00f6rt\u00fcm\u00fczle canl\u0131 ve e\u011flenceli bir pickleball oyuncusu karakterine d\u00f6n\u00fc\u015ft\u00fcr\u00fcn. Yumu\u015fak 0 pamuktan \u00fcretilen bu ti\u015f\u00f6rt hem rahat hem de dayan\u0131kl\u0131d\u0131r ve aktif \u00e7ocuklar i\u00e7in m\u00fckemmeldir. Benzersiz tasar\u0131m, her ti\u015f\u00f6rt\u00fcn canl\u0131 ve kal\u0131c\u0131 bir g\u00f6r\u00fcnt\u00fcye sahip olmas\u0131n\u0131 sa\u011flayan y\u00fcksek kaliteli do\u011frudan giysiye bask\u0131 ile olu\u015fturulmu\u015ftur. \u0130ster do\u011fum g\u00fcn\u00fc, ister Noel veya sadece \u00f6yle olsun, bu ki\u015fiselle\u015ftirilmi\u015f ti\u015f\u00f6rt gen\u00e7 pickleball tutkunlar\u0131 veya tomurcuklanan oyuncular i\u00e7in ideal bir hediyedir. \u00c7ocu\u011funuza oyuna olan sevgisini kutlayan benzersiz bir giysi par\u00e7as\u0131 verin!<\/p>","protected":false},"excerpt":{"rendered":"<p>K\u0131zlar i\u00e7in \u00f6zel bir y\u00fcr\u00fcmeye ba\u015flayan \u00e7ocuk pickleball ti\u015f\u00f6rt\u00fc ile sahada y\u00fcr\u00fcmeye ba\u015flayan \u00e7ocuklara ba\u015flay\u0131n. Ki\u015fiselle\u015ftirilmi\u015f foto\u011fraf oynat\u0131c\u0131 karakter tasar\u0131mlar\u0131, herhangi bir foto\u011fraf\u0131 e\u011flenceli ti\u015f\u00f6rtlere d\u00f6n\u00fc\u015ft\u00fcr\u00fcr.<\/p>","protected":false},"featured_media":128666,"comment_status":"open","ping_status":"closed","template":"","meta":{"_acf_changed":false},"product_brand":[],"product_cat":[6207,6318,6412,6428],"product_tag":[6433,6439,6221],"class_list":{"0":"post-128381","1":"product","2":"type-product","3":"status-publish","4":"has-post-thumbnail","6":"product_cat-toddler-girl-t-shirts","7":"product_cat-custom-gifts-pickleball","8":"product_cat-photo-to-tees","9":"product_cat-translate-products","10":"product_tag-ai-artwork","11":"product_tag-ai-kids-artwork","12":"product_tag-custom-t-shirts-near-me","14":"first","15":"instock","16":"taxable","17":"shipping-taxable","18":"purchasable","19":"product-type-simple"},"acf":[],"wcpa_form_fields":null,"_links":{"self":[{"href":"https:\/\/www.customywear.com\/tr\/wp-json\/wp\/v2\/product\/128381","targetHints":{"allow":["GET"]}}],"collection":[{"href":"https:\/\/www.customywear.com\/tr\/wp-json\/wp\/v2\/product"}],"about":[{"href":"https:\/\/www.customywear.com\/tr\/wp-json\/wp\/v2\/types\/product"}],"replies":[{"embeddable":true,"href":"https:\/\/www.customywear.com\/tr\/wp-json\/wp\/v2\/comments?post=128381"}],"wp:featuredmedia":[{"embeddable":true,"href":"https:\/\/www.customywear.com\/tr\/wp-json\/wp\/v2\/media\/128666"}],"wp:attachment":[{"href":"https:\/\/www.customywear.com\/tr\/wp-json\/wp\/v2\/media?parent=128381"}],"wp:term":[{"taxonomy":"product_brand","embeddable":true,"href":"https:\/\/www.customywear.com\/tr\/wp-json\/wp\/v2\/product_brand?post=128381"},{"taxonomy":"product_cat","embeddable":true,"href":"https:\/\/www.customywear.com\/tr\/wp-json\/wp\/v2\/product_cat?post=128381"},{"taxonomy":"product_tag","embeddable":true,"href":"https:\/\/www.customywear.com\/tr\/wp-json\/wp\/v2\/product_tag?post=128381"}],"curies":[{"name":"wp","href":"https:\/\/api.w.org\/{rel}","templated":true}]}}