{"id":128392,"date":"2025-03-25T13:57:04","date_gmt":"2025-03-25T13:57:04","guid":{"rendered":"https:\/\/www.customywear.com\/?post_type=product&#038;p=128392"},"modified":"2026-05-07T15:29:41","modified_gmt":"2026-05-07T15:29:41","slug":"ozel-toddler-erkek-pickleball-tisort","status":"publish","type":"product","link":"https:\/\/www.customywear.com\/tr\/custom-toddler-pickleball-tshirt-boys\/","title":{"rendered":"Erkek \u00c7ocuklar \u0130\u00e7in \u00d6zel Pickleball Ti\u015f\u00f6rt\u00fc \u2013 Ki\u015fiselle\u015ftirilmi\u015f Foto\u011fraf Oyuncusu Karakter Tasar\u0131m\u0131"},"content":{"rendered":"<p>K\u00fc\u00e7\u00fck \u00e7ocu\u011funuza \u00f6zel y\u00fcr\u00fcmeye ba\u015flayan \u00e7ocuk erkek \u00e7ocuk pickleball ti\u015f\u00f6rt\u00fcm\u00fczle benzersiz ve e\u011flenceli bir hediye verin! \u00c7ocu\u011funuzun foto\u011fraf\u0131n\u0131 \u00e7ekip onu her gen\u00e7 pickleball tutkunu i\u00e7in m\u00fckemmel, sevimli, ki\u015fiselle\u015ftirilmi\u015f bir pickleball oyuncusu karakterine d\u00f6n\u00fc\u015ft\u00fcr\u00fcyoruz. Birinci s\u0131n\u0131f konfor ve dayan\u0131kl\u0131l\u0131k i\u00e7in yumu\u015fak 0 pamuktan \u00fcretilen bu ti\u015f\u00f6rt, canl\u0131 renkler ve kal\u0131c\u0131 tasar\u0131mlar sa\u011flayan y\u00fcksek kaliteli Do\u011frudan Giysiye (DTG) bask\u0131 \u00f6zelli\u011fine sahiptir. Do\u011fum g\u00fcnleri, Noel veya herhangi bir \u00f6zel g\u00fcn i\u00e7in ideal olan bu benzersiz ti\u015f\u00f6rt, g\u00fcl\u00fcmsemeler getirecek ve sohbetler ba\u015flatacakt\u0131r!<\/p>","protected":false},"excerpt":{"rendered":"<p>Gen\u00e7 erkekleri \u00f6zel bir y\u00fcr\u00fcmeye ba\u015flayan \u00e7ocuk pickleball ti\u015f\u00f6rt\u00fc ile g\u00fc\u00e7lendirin. Ki\u015fiselle\u015ftirilmi\u015f foto\u011fraf oynat\u0131c\u0131 karakter tasar\u0131mlar\u0131, herhangi bir foto\u011fraf\u0131 e\u011flenceli, benzersiz ti\u015f\u00f6rtlere d\u00f6n\u00fc\u015ft\u00fcr\u00fcr.<\/p>","protected":false},"featured_media":128654,"comment_status":"open","ping_status":"closed","template":"","meta":{"_acf_changed":false},"product_brand":[],"product_cat":[6209,6318,6412,6428],"product_tag":[6433,6439,6221],"class_list":{"0":"post-128392","1":"product","2":"type-product","3":"status-publish","4":"has-post-thumbnail","6":"product_cat-toddler-boy-t-shirts","7":"product_cat-custom-gifts-pickleball","8":"product_cat-photo-to-tees","9":"product_cat-translate-products","10":"product_tag-ai-artwork","11":"product_tag-ai-kids-artwork","12":"product_tag-custom-t-shirts-near-me","14":"first","15":"instock","16":"taxable","17":"shipping-taxable","18":"purchasable","19":"product-type-simple"},"acf":[],"wcpa_form_fields":null,"_links":{"self":[{"href":"https:\/\/www.customywear.com\/tr\/wp-json\/wp\/v2\/product\/128392","targetHints":{"allow":["GET"]}}],"collection":[{"href":"https:\/\/www.customywear.com\/tr\/wp-json\/wp\/v2\/product"}],"about":[{"href":"https:\/\/www.customywear.com\/tr\/wp-json\/wp\/v2\/types\/product"}],"replies":[{"embeddable":true,"href":"https:\/\/www.customywear.com\/tr\/wp-json\/wp\/v2\/comments?post=128392"}],"wp:featuredmedia":[{"embeddable":true,"href":"https:\/\/www.customywear.com\/tr\/wp-json\/wp\/v2\/media\/128654"}],"wp:attachment":[{"href":"https:\/\/www.customywear.com\/tr\/wp-json\/wp\/v2\/media?parent=128392"}],"wp:term":[{"taxonomy":"product_brand","embeddable":true,"href":"https:\/\/www.customywear.com\/tr\/wp-json\/wp\/v2\/product_brand?post=128392"},{"taxonomy":"product_cat","embeddable":true,"href":"https:\/\/www.customywear.com\/tr\/wp-json\/wp\/v2\/product_cat?post=128392"},{"taxonomy":"product_tag","embeddable":true,"href":"https:\/\/www.customywear.com\/tr\/wp-json\/wp\/v2\/product_tag?post=128392"}],"curies":[{"name":"wp","href":"https:\/\/api.w.org\/{rel}","templated":true}]}}