{"id":128410,"date":"2025-03-25T13:57:04","date_gmt":"2025-03-25T13:57:04","guid":{"rendered":"https:\/\/www.customywear.com\/?post_type=product&#038;p=128410"},"modified":"2026-05-05T20:24:06","modified_gmt":"2026-05-05T20:24:06","slug":"ozel-pickleball-oyuncusu-tisortu","status":"publish","type":"product","link":"https:\/\/www.customywear.com\/tr\/custom-pickleball-player-tshirt\/","title":{"rendered":"\u00d6zel Pickleball Oyuncu erkek t-shirt\u00fc-Ki\u015fiselle\u015ftirilmi\u015f Foto\u011fraf Karakter Tasar\u0131m\u0131"},"content":{"rendered":"<p>Pickleball deneyiminizi yaln\u0131zca erkekler i\u00e7in tasarlanm\u0131\u015f \u00f6zel ti\u015f\u00f6rt\u00fcm\u00fczle bir \u00fcst seviyeye ta\u015f\u0131y\u0131n! Foto\u011fraf\u0131n\u0131z\u0131 \u00e7ekip ki\u015fiselle\u015ftirilmi\u015f bir pickleball oyuncusu karakteri yarataca\u011f\u0131z, b\u00f6ylece benzersiz stilinizi hem sahada hem de saha d\u0131\u015f\u0131nda sergileyebilirsiniz. 0 yumu\u015fak pamuktan \u00fcretilen bu birinci s\u0131n\u0131f kalitedeki ti\u015f\u00f6rt dayan\u0131kl\u0131 ve uzun \u00f6m\u00fcrl\u00fcd\u00fcr, enerjik oyuncular i\u00e7in m\u00fckemmeldir. Y\u00fcksek kaliteli DTG bask\u0131m\u0131z, bireyselli\u011finizi sergileyen canl\u0131 ve kal\u0131c\u0131 tasar\u0131mlar sa\u011flar. Do\u011fum g\u00fcnleri, Noel, d\u00fc\u011f\u00fcnler veya herhangi bir \u00f6zel g\u00fcn i\u00e7in hediye olarak ideal olan bu ti\u015f\u00f6rt, pickleball severler ve merakl\u0131lar\u0131 i\u00e7in olmazsa olmazd\u0131r. Tutkunuzu gururla giyin!<\/p>","protected":false},"excerpt":{"rendered":"<p>Erkekler i\u00e7in \u00f6zel bir pickleball oyuncusu ti\u015f\u00f6rt\u00fc ile g\u00fc\u00e7l\u00fc oynay\u0131n. Ki\u015fiselle\u015ftirilmi\u015f foto\u011fraf karakter tasar\u0131mlar\u0131, herhangi bir foto\u011fraf\u0131 cesur, t\u00fcr\u00fcn\u00fcn tek \u00f6rne\u011fi bir ti\u015f\u00f6rte d\u00f6n\u00fc\u015ft\u00fcr\u00fcr.<\/p>","protected":false},"featured_media":128539,"comment_status":"open","ping_status":"closed","template":"","meta":{"_acf_changed":false},"product_brand":[],"product_cat":[6195,6318,186,6339,6412,6428],"product_tag":[6433,6327,6216],"class_list":{"0":"post-128410","1":"product","2":"type-product","3":"status-publish","4":"has-post-thumbnail","6":"product_cat-t-shirts-men","7":"product_cat-custom-gifts-pickleball","8":"product_cat-men","9":"product_cat-mens-sports-t-shirts","10":"product_cat-photo-to-tees","11":"product_cat-translate-products","12":"product_tag-ai-artwork","13":"product_tag-custom-photo-t-shirt-for-men","14":"product_tag-mens-custom-t-shirts","16":"first","17":"instock","18":"taxable","19":"shipping-taxable","20":"purchasable","21":"product-type-simple"},"acf":[],"wcpa_form_fields":null,"_links":{"self":[{"href":"https:\/\/www.customywear.com\/tr\/wp-json\/wp\/v2\/product\/128410","targetHints":{"allow":["GET"]}}],"collection":[{"href":"https:\/\/www.customywear.com\/tr\/wp-json\/wp\/v2\/product"}],"about":[{"href":"https:\/\/www.customywear.com\/tr\/wp-json\/wp\/v2\/types\/product"}],"replies":[{"embeddable":true,"href":"https:\/\/www.customywear.com\/tr\/wp-json\/wp\/v2\/comments?post=128410"}],"wp:featuredmedia":[{"embeddable":true,"href":"https:\/\/www.customywear.com\/tr\/wp-json\/wp\/v2\/media\/128539"}],"wp:attachment":[{"href":"https:\/\/www.customywear.com\/tr\/wp-json\/wp\/v2\/media?parent=128410"}],"wp:term":[{"taxonomy":"product_brand","embeddable":true,"href":"https:\/\/www.customywear.com\/tr\/wp-json\/wp\/v2\/product_brand?post=128410"},{"taxonomy":"product_cat","embeddable":true,"href":"https:\/\/www.customywear.com\/tr\/wp-json\/wp\/v2\/product_cat?post=128410"},{"taxonomy":"product_tag","embeddable":true,"href":"https:\/\/www.customywear.com\/tr\/wp-json\/wp\/v2\/product_tag?post=128410"}],"curies":[{"name":"wp","href":"https:\/\/api.w.org\/{rel}","templated":true}]}}