{"id":128439,"date":"2025-03-25T13:57:05","date_gmt":"2025-03-25T13:57:05","guid":{"rendered":"https:\/\/www.customywear.com\/?post_type=product&#038;p=128439"},"modified":"2026-05-07T15:29:41","modified_gmt":"2026-05-07T15:29:41","slug":"ozel-pickleball-kiz-cocuk-tisort","status":"publish","type":"product","link":"https:\/\/www.customywear.com\/tr\/custom-pickleball-tshirt-girls\/","title":{"rendered":"K\u0131zlar \u0130\u00e7in \u00d6zel Pickleball Ti\u015f\u00f6rt\u00fc \u2013 Ki\u015fiselle\u015ftirilmi\u015f Foto\u011fraftan Oyuncu Karakteri Tasar\u0131m\u0131na"},"content":{"rendered":"<p>\u00d6zellikle gen\u00e7 k\u0131zlar i\u00e7in tasarlanm\u0131\u015f \u00f6zel pickleball ti\u015f\u00f6rt\u00fcm\u00fczle e\u011flencenin hediyesini verin! \u00c7ocu\u011funuzun foto\u011fraf\u0131n\u0131 \u00e7ekip onu canl\u0131, ki\u015fiselle\u015ftirilmi\u015f bir pickleball oyuncusu karakterine d\u00f6n\u00fc\u015ft\u00fcrece\u011fiz ve spora olan sevgisini hayata ge\u00e7irece\u011fiz. Yumu\u015fak, 0 pamuktan \u00fcretilen bu birinci s\u0131n\u0131f ti\u015f\u00f6rt sadece dayan\u0131kl\u0131 ve uzun \u00f6m\u00fcrl\u00fc olmakla kalmaz, ayn\u0131 zamanda canl\u0131 ve kal\u0131c\u0131 tasar\u0131mlar i\u00e7in y\u00fcksek kaliteli Do\u011frudan Giysiye (DTG) bask\u0131 \u00f6zelli\u011fine sahiptir. Yetenekli sanat\u00e7\u0131lar taraf\u0131ndan yarat\u0131lan bu benzersiz dijital sanat eseri, do\u011fum g\u00fcn\u00fc, Noel veya \u00f6zel bir kutlama olsun, pickleball tutkunlar\u0131 i\u00e7in her durumda m\u00fckemmel bir hediyedir.<\/p>","protected":false},"excerpt":{"rendered":"<p>\u00d6zel bir pickleball ti\u015f\u00f6rt\u00fc ile k\u0131zlara ilham verin. Ki\u015fiselle\u015ftirilmi\u015f foto\u011fraftan oyuncuya karakter tasar\u0131mlar\u0131, herhangi bir foto\u011fraf\u0131 e\u011flenceli, benzersiz bir ti\u015f\u00f6rte d\u00f6n\u00fc\u015ft\u00fcr\u00fcr.<\/p>","protected":false},"featured_media":128633,"comment_status":"open","ping_status":"closed","template":"","meta":{"_acf_changed":false},"product_brand":[],"product_cat":[6193,6318,152,6412,6428,58],"product_tag":[6433,6439,6331,6221],"class_list":{"0":"post-128439","1":"product","2":"type-product","3":"status-publish","4":"has-post-thumbnail","6":"product_cat-girls-t-shirts","7":"product_cat-custom-gifts-pickleball","8":"product_cat-girls","9":"product_cat-photo-to-tees","10":"product_cat-translate-products","11":"product_cat-youth-kids","12":"product_tag-ai-artwork","13":"product_tag-ai-kids-artwork","14":"product_tag-custom-picture-t-shirt-for-girls","15":"product_tag-custom-t-shirts-near-me","17":"first","18":"instock","19":"taxable","20":"shipping-taxable","21":"purchasable","22":"product-type-simple"},"acf":[],"wcpa_form_fields":null,"_links":{"self":[{"href":"https:\/\/www.customywear.com\/tr\/wp-json\/wp\/v2\/product\/128439","targetHints":{"allow":["GET"]}}],"collection":[{"href":"https:\/\/www.customywear.com\/tr\/wp-json\/wp\/v2\/product"}],"about":[{"href":"https:\/\/www.customywear.com\/tr\/wp-json\/wp\/v2\/types\/product"}],"replies":[{"embeddable":true,"href":"https:\/\/www.customywear.com\/tr\/wp-json\/wp\/v2\/comments?post=128439"}],"wp:featuredmedia":[{"embeddable":true,"href":"https:\/\/www.customywear.com\/tr\/wp-json\/wp\/v2\/media\/128633"}],"wp:attachment":[{"href":"https:\/\/www.customywear.com\/tr\/wp-json\/wp\/v2\/media?parent=128439"}],"wp:term":[{"taxonomy":"product_brand","embeddable":true,"href":"https:\/\/www.customywear.com\/tr\/wp-json\/wp\/v2\/product_brand?post=128439"},{"taxonomy":"product_cat","embeddable":true,"href":"https:\/\/www.customywear.com\/tr\/wp-json\/wp\/v2\/product_cat?post=128439"},{"taxonomy":"product_tag","embeddable":true,"href":"https:\/\/www.customywear.com\/tr\/wp-json\/wp\/v2\/product_tag?post=128439"}],"curies":[{"name":"wp","href":"https:\/\/api.w.org\/{rel}","templated":true}]}}