{"id":128492,"date":"2025-03-25T13:57:05","date_gmt":"2025-03-25T13:57:05","guid":{"rendered":"https:\/\/www.customywear.com\/?post_type=product&#038;p=128492"},"modified":"2026-05-07T15:29:41","modified_gmt":"2026-05-07T15:29:41","slug":"ozel-pickleball-tisortu-erkek","status":"publish","type":"product","link":"https:\/\/www.customywear.com\/tr\/custom-pickleball-tshirt-boys\/","title":{"rendered":"Erkekler i\u00e7in \u00d6zel Pickleball Ti\u015f\u00f6rt-Ki\u015fiselle\u015ftirilmi\u015f Foto\u011fraf Oynat\u0131c\u0131 Karakter Tasar\u0131m\u0131"},"content":{"rendered":"<p>Bu benzersiz \u00f6zel pickleball ti\u015f\u00f6rt\u00fc, oyunu seven k\u00fc\u00e7\u00fck erkekler i\u00e7in \u00f6zel olarak tasarlanm\u0131\u015ft\u0131r! Hizmetimizle \u00e7ocu\u011funuzun foto\u011fraf\u0131n\u0131 \u00e7ekip onu canl\u0131, \u00e7izgi film tarz\u0131 bir pickleball oyuncusu karakterine d\u00f6n\u00fc\u015ft\u00fcrece\u011fiz ve kortta oynamaya haz\u0131r hale getirece\u011fiz. Yumu\u015fak, 0 pamuktan \u00fcretilen bu birinci s\u0131n\u0131f kalitedeki ti\u015f\u00f6rt, t\u00fcm g\u00fcn boyunca rahatl\u0131k ve dayan\u0131kl\u0131l\u0131k sa\u011flar. Y\u00fcksek kaliteli DTG bask\u0131m\u0131z, canl\u0131 tasar\u0131mlar\u0131n uzun s\u00fcre dayanmas\u0131n\u0131 garanti eder ve bu da onu do\u011fum g\u00fcnleri, Noel, d\u00fc\u011f\u00fcnler veya herhangi bir \u00f6zel g\u00fcn i\u00e7in ideal bir hediye yapar. K\u00fc\u00e7\u00fck \u00e7ocu\u011funuzun pickleball tutkusunu ger\u00e7ekten \u00f6ne \u00e7\u0131kan ki\u015fiselle\u015ftirilmi\u015f bir dokunu\u015fla kutlay\u0131n!<\/p>","protected":false},"excerpt":{"rendered":"<p>Erkek \u00e7ocuklar\u0131 \u00f6zel bir pickleball ti\u015f\u00f6rt\u00fc ile g\u00fc\u00e7lendirin. Ki\u015fiselle\u015ftirilmi\u015f foto\u011fraf oynat\u0131c\u0131 karakter tasar\u0131mlar\u0131, herhangi bir foto\u011fraf\u0131 cesur, t\u00fcr\u00fcn\u00fcn tek \u00f6rne\u011fi bir ti\u015f\u00f6rte d\u00f6n\u00fc\u015ft\u00fcr\u00fcr.<\/p>","protected":false},"featured_media":128612,"comment_status":"open","ping_status":"closed","template":"","meta":{"_acf_changed":false},"product_brand":[],"product_cat":[6189,6318,6412,6428],"product_tag":[6433,6439,6221,6330],"class_list":{"0":"post-128492","1":"product","2":"type-product","3":"status-publish","4":"has-post-thumbnail","6":"product_cat-boys-t-shirts","7":"product_cat-custom-gifts-pickleball","8":"product_cat-photo-to-tees","9":"product_cat-translate-products","10":"product_tag-ai-artwork","11":"product_tag-ai-kids-artwork","12":"product_tag-custom-t-shirts-near-me","13":"product_tag-photo-print-t-shirt-for-boys","15":"first","16":"instock","17":"taxable","18":"shipping-taxable","19":"purchasable","20":"product-type-simple"},"acf":[],"wcpa_form_fields":null,"_links":{"self":[{"href":"https:\/\/www.customywear.com\/tr\/wp-json\/wp\/v2\/product\/128492","targetHints":{"allow":["GET"]}}],"collection":[{"href":"https:\/\/www.customywear.com\/tr\/wp-json\/wp\/v2\/product"}],"about":[{"href":"https:\/\/www.customywear.com\/tr\/wp-json\/wp\/v2\/types\/product"}],"replies":[{"embeddable":true,"href":"https:\/\/www.customywear.com\/tr\/wp-json\/wp\/v2\/comments?post=128492"}],"wp:featuredmedia":[{"embeddable":true,"href":"https:\/\/www.customywear.com\/tr\/wp-json\/wp\/v2\/media\/128612"}],"wp:attachment":[{"href":"https:\/\/www.customywear.com\/tr\/wp-json\/wp\/v2\/media?parent=128492"}],"wp:term":[{"taxonomy":"product_brand","embeddable":true,"href":"https:\/\/www.customywear.com\/tr\/wp-json\/wp\/v2\/product_brand?post=128492"},{"taxonomy":"product_cat","embeddable":true,"href":"https:\/\/www.customywear.com\/tr\/wp-json\/wp\/v2\/product_cat?post=128492"},{"taxonomy":"product_tag","embeddable":true,"href":"https:\/\/www.customywear.com\/tr\/wp-json\/wp\/v2\/product_tag?post=128492"}],"curies":[{"name":"wp","href":"https:\/\/api.w.org\/{rel}","templated":true}]}}