{"id":128509,"date":"2025-03-25T13:57:06","date_gmt":"2025-03-25T13:57:06","guid":{"rendered":"https:\/\/www.customywear.com\/?post_type=product&#038;p=128509"},"modified":"2026-05-05T20:23:26","modified_gmt":"2026-05-05T20:23:26","slug":"ozel-pickleball-oyuncu-kadin-tisort","status":"publish","type":"product","link":"https:\/\/www.customywear.com\/tr\/custom-pickleball-player-tshirt-women\/","title":{"rendered":"Kad\u0131nlar i\u00e7in \u00d6zel Pickleball Oyuncu Ti\u015f\u00f6rt\u00fc-Ki\u015fiselle\u015ftirilmi\u015f Foto\u011fraf Karakter Tasar\u0131m\u0131"},"content":{"rendered":"<p>Kad\u0131nlar i\u00e7in \u00f6zel olarak tasarlanm\u0131\u015f \u00f6zel pickleball ti\u015f\u00f6rt\u00fcm\u00fczle pickleball&#039;a olan sevginizi kutlay\u0131n. En sevdi\u011finiz foto\u011fraf\u0131 al\u0131p onu canl\u0131 bir pickleball oyuncusu karakterine d\u00f6n\u00fc\u015ft\u00fcr\u00fcyoruz ve kendinizi sahada hissetmenizi sa\u011fl\u0131yoruz. Yumu\u015fak 0 pamuktan \u00fcretilen bu birinci s\u0131n\u0131f ti\u015f\u00f6rt hem dayan\u0131kl\u0131 hem de rahatt\u0131r. Y\u00fcksek kaliteli do\u011frudan giysiye bask\u0131m\u0131z, benzersiz tasar\u0131m\u0131n\u0131z\u0131n canl\u0131 ve uzun \u00f6m\u00fcrl\u00fc olmas\u0131n\u0131 sa\u011flar ve onu do\u011fum g\u00fcn\u00fc, Noel veya d\u00fc\u011f\u00fcn gibi her durum i\u00e7in \u00f6ne \u00e7\u0131kan bir hediye haline getirir. Oyun tutkunuzu ruhunuzu yans\u0131tan ki\u015fiselle\u015ftirilmi\u015f bir \u015fekilde g\u00f6sterin!<\/p>","protected":false},"excerpt":{"rendered":"<p>Kad\u0131nlar i\u00e7in \u00f6zel bir pickleball oyuncusu ti\u015f\u00f6rt\u00fc ile \u015f\u0131k bir \u015fekilde oynay\u0131n. Ki\u015fiselle\u015ftirilmi\u015f foto\u011fraf karakter tasar\u0131mlar\u0131, herhangi bir foto\u011fraf\u0131 e\u011flenceli, benzersiz bir ti\u015f\u00f6rte d\u00f6n\u00fc\u015ft\u00fcr\u00fcr.<\/p>","protected":false},"featured_media":128560,"comment_status":"open","ping_status":"closed","template":"","meta":{"_acf_changed":false},"product_brand":[],"product_cat":[6191,6318,6412,6428,75,6352],"product_tag":[6214,6433,6328,229,6215],"class_list":{"0":"post-128509","1":"product","2":"type-product","3":"status-publish","4":"has-post-thumbnail","6":"product_cat-t-shirts-women","7":"product_cat-custom-gifts-pickleball","8":"product_cat-photo-to-tees","9":"product_cat-translate-products","10":"product_cat-women","11":"product_cat-womens-sports-t-shirts","12":"product_tag-affordable-custom-t-shirts","13":"product_tag-ai-artwork","14":"product_tag-custom-image-t-shirt-for-women","15":"product_tag-custom-tee-shirts","16":"product_tag-screen-printing-near-me","18":"first","19":"instock","20":"taxable","21":"shipping-taxable","22":"purchasable","23":"product-type-simple"},"acf":[],"wcpa_form_fields":null,"_links":{"self":[{"href":"https:\/\/www.customywear.com\/tr\/wp-json\/wp\/v2\/product\/128509","targetHints":{"allow":["GET"]}}],"collection":[{"href":"https:\/\/www.customywear.com\/tr\/wp-json\/wp\/v2\/product"}],"about":[{"href":"https:\/\/www.customywear.com\/tr\/wp-json\/wp\/v2\/types\/product"}],"replies":[{"embeddable":true,"href":"https:\/\/www.customywear.com\/tr\/wp-json\/wp\/v2\/comments?post=128509"}],"wp:featuredmedia":[{"embeddable":true,"href":"https:\/\/www.customywear.com\/tr\/wp-json\/wp\/v2\/media\/128560"}],"wp:attachment":[{"href":"https:\/\/www.customywear.com\/tr\/wp-json\/wp\/v2\/media?parent=128509"}],"wp:term":[{"taxonomy":"product_brand","embeddable":true,"href":"https:\/\/www.customywear.com\/tr\/wp-json\/wp\/v2\/product_brand?post=128509"},{"taxonomy":"product_cat","embeddable":true,"href":"https:\/\/www.customywear.com\/tr\/wp-json\/wp\/v2\/product_cat?post=128509"},{"taxonomy":"product_tag","embeddable":true,"href":"https:\/\/www.customywear.com\/tr\/wp-json\/wp\/v2\/product_tag?post=128509"}],"curies":[{"name":"wp","href":"https:\/\/api.w.org\/{rel}","templated":true}]}}