{"id":128721,"date":"2025-03-27T20:32:28","date_gmt":"2025-03-27T20:32:28","guid":{"rendered":"https:\/\/www.customywear.com\/?post_type=product&#038;p=128721"},"modified":"2026-05-07T15:29:41","modified_gmt":"2026-05-07T15:29:41","slug":"ozel-kiz-golf-tisortu","status":"publish","type":"product","link":"https:\/\/www.customywear.com\/tr\/custom-girls-golf-tshirt\/","title":{"rendered":"Ki\u015fiye \u00d6zel K\u0131z Golf Ti\u015f\u00f6rt\u00fc \u2013 Foto\u011fraftan Ki\u015fiselle\u015ftirilmi\u015f Golf Oyuncusu Tasar\u0131m\u0131"},"content":{"rendered":"<p>Gen\u00e7 golf\u00e7\u00fcn\u00fcz\u00fcn stilini, yaln\u0131zca k\u0131zlar i\u00e7in tasarlanm\u0131\u015f \u00f6zel golf ti\u015f\u00f6rt\u00fcm\u00fczle y\u00fckseltin. Her ti\u015f\u00f6rt, \u00e7ocu\u011funuzun foto\u011fraflar\u0131n\u0131 b\u00fcy\u00fcleyici golf oyuncusu karakterlerine d\u00f6n\u00fc\u015ft\u00fcren canl\u0131, ki\u015fiselle\u015ftirilmi\u015f bir dijital sanat tasar\u0131m\u0131na sahiptir ve renkli bir golf oyun alan\u0131 fonuna m\u00fckemmel bir \u015fekilde yerle\u015ftirilmi\u015ftir. 0 birinci s\u0131n\u0131f pamuktan \u00fcretilen bu yumu\u015fak ve dayan\u0131kl\u0131 ti\u015f\u00f6rt, benzersiz sanat\u00e7\u0131l\u0131\u011f\u0131 sergilerken konfor sa\u011flar. Do\u011fum g\u00fcnleri, Noel veya herhangi bir \u00f6zel g\u00fcn i\u00e7in ideal olan bu ti\u015f\u00f6rt, golf sevgisini ifade etmek isteyen gen\u00e7 spor tutkunlar\u0131 i\u00e7in m\u00fckemmel bir hediyedir.<\/p>","protected":false},"excerpt":{"rendered":"<p>\u00d6zel bir k\u0131z golf ti\u015f\u00f6rt\u00fc ile gen\u00e7 k\u0131zlara ilham verin. Foto\u011fraflardan ki\u015fiselle\u015ftirilmi\u015f golf oyuncusu tasar\u0131mlar\u0131, herhangi bir foto\u011fraf\u0131 benzersiz bir ti\u015f\u00f6rte d\u00f6n\u00fc\u015ft\u00fcr\u00fcr.<\/p>","protected":false},"featured_media":128955,"comment_status":"open","ping_status":"closed","template":"","meta":{"_acf_changed":false},"product_brand":[],"product_cat":[6193,6319,152,6412,6428,58],"product_tag":[6433,6439,6331,6221],"class_list":{"0":"post-128721","1":"product","2":"type-product","3":"status-publish","4":"has-post-thumbnail","6":"product_cat-girls-t-shirts","7":"product_cat-custom-gifts-ai-golf","8":"product_cat-girls","9":"product_cat-photo-to-tees","10":"product_cat-translate-products","11":"product_cat-youth-kids","12":"product_tag-ai-artwork","13":"product_tag-ai-kids-artwork","14":"product_tag-custom-picture-t-shirt-for-girls","15":"product_tag-custom-t-shirts-near-me","17":"first","18":"instock","19":"taxable","20":"shipping-taxable","21":"purchasable","22":"product-type-simple"},"acf":[],"wcpa_form_fields":null,"_links":{"self":[{"href":"https:\/\/www.customywear.com\/tr\/wp-json\/wp\/v2\/product\/128721","targetHints":{"allow":["GET"]}}],"collection":[{"href":"https:\/\/www.customywear.com\/tr\/wp-json\/wp\/v2\/product"}],"about":[{"href":"https:\/\/www.customywear.com\/tr\/wp-json\/wp\/v2\/types\/product"}],"replies":[{"embeddable":true,"href":"https:\/\/www.customywear.com\/tr\/wp-json\/wp\/v2\/comments?post=128721"}],"wp:featuredmedia":[{"embeddable":true,"href":"https:\/\/www.customywear.com\/tr\/wp-json\/wp\/v2\/media\/128955"}],"wp:attachment":[{"href":"https:\/\/www.customywear.com\/tr\/wp-json\/wp\/v2\/media?parent=128721"}],"wp:term":[{"taxonomy":"product_brand","embeddable":true,"href":"https:\/\/www.customywear.com\/tr\/wp-json\/wp\/v2\/product_brand?post=128721"},{"taxonomy":"product_cat","embeddable":true,"href":"https:\/\/www.customywear.com\/tr\/wp-json\/wp\/v2\/product_cat?post=128721"},{"taxonomy":"product_tag","embeddable":true,"href":"https:\/\/www.customywear.com\/tr\/wp-json\/wp\/v2\/product_tag?post=128721"}],"curies":[{"name":"wp","href":"https:\/\/api.w.org\/{rel}","templated":true}]}}