{"id":128755,"date":"2025-03-27T20:32:28","date_gmt":"2025-03-27T20:32:28","guid":{"rendered":"https:\/\/www.customywear.com\/?post_type=product&#038;p=128755"},"modified":"2026-05-07T15:29:41","modified_gmt":"2026-05-07T15:29:41","slug":"ozel-toddler-erkek-cocuk-golf-tisort","status":"publish","type":"product","link":"https:\/\/www.customywear.com\/tr\/custom-toddler-boys-golf-tshirt\/","title":{"rendered":"Ki\u015fiye \u00d6zel K\u00fc\u00e7\u00fck \u00c7ocuk Golf Ti\u015f\u00f6rt\u00fc \u2013 Foto\u011fraftan Ki\u015fiselle\u015ftirilmi\u015f Golf Oyuncusu Tasar\u0131m\u0131"},"content":{"rendered":"<p>Benzersiz \u00f6zel yap\u0131m erkek \u00e7ocuk golf ti\u015f\u00f6rt\u00fcm\u00fczle minik golf\u00e7\u00fcn\u00fcz\u00fc kutlay\u0131n! \u00c7ocu\u011funuzun foto\u011fraflar\u0131n\u0131 \u00e7ekiyoruz ve onlar\u0131 dijital olarak sevimli golf oyuncusu karakterlerine d\u00f6n\u00fc\u015ft\u00fcr\u00fcyoruz, onlar\u0131 canl\u0131, sanatsal bir golf oyun alan\u0131 fonunda hayata ge\u00e7iriyoruz. Yumu\u015fak 0 pamuktan \u00fcretilen bu birinci s\u0131n\u0131f ti\u015f\u00f6rt, sadece rahat olmakla kalmay\u0131p ayn\u0131 zamanda aktif oyun i\u00e7in dayan\u0131kl\u0131d\u0131r. Y\u00fcksek kaliteli DTG bask\u0131m\u0131z, canl\u0131 tasar\u0131mlar\u0131n say\u0131s\u0131z y\u0131kamaya dayanmas\u0131n\u0131 sa\u011flar. Bu ki\u015fiselle\u015ftirilmi\u015f ti\u015f\u00f6rt, spor tutkunlar\u0131 i\u00e7in unutulmaz bir hediyedir ve her durum i\u00e7in m\u00fckemmeldir: do\u011fum g\u00fcnleri, Noel veya d\u00fc\u011f\u00fcnler! \u00c7ocu\u011funuza golf hediyesini \u015f\u0131k ve e\u011flenceli bir \u015fekilde verin!<\/p>","protected":false},"excerpt":{"rendered":"<p>\u00d6zel bir Toddler Boys' Golf Ti\u015f\u00f6rt\u00fc ile erken ba\u015flay\u0131n. Foto\u011fraflardan ki\u015fiselle\u015ftirilmi\u015f golf oyuncusu tasar\u0131mlar\u0131, herhangi bir k\u00fc\u00e7\u00fck golf\u00e7\u00fcn\u00fcn foto\u011fraf\u0131n\u0131 e\u011flenceli, t\u00fcr\u00fcn\u00fcn tek \u00f6rne\u011fi bir ti\u015f\u00f6rte d\u00f6n\u00fc\u015ft\u00fcr\u00fcr.<\/p>","protected":false},"featured_media":128989,"comment_status":"open","ping_status":"closed","template":"","meta":{"_acf_changed":false},"product_brand":[],"product_cat":[6209,6319,6412,6428],"product_tag":[6433,6439,6221],"class_list":{"0":"post-128755","1":"product","2":"type-product","3":"status-publish","4":"has-post-thumbnail","6":"product_cat-toddler-boy-t-shirts","7":"product_cat-custom-gifts-ai-golf","8":"product_cat-photo-to-tees","9":"product_cat-translate-products","10":"product_tag-ai-artwork","11":"product_tag-ai-kids-artwork","12":"product_tag-custom-t-shirts-near-me","14":"first","15":"instock","16":"taxable","17":"shipping-taxable","18":"purchasable","19":"product-type-simple"},"acf":[],"wcpa_form_fields":null,"_links":{"self":[{"href":"https:\/\/www.customywear.com\/tr\/wp-json\/wp\/v2\/product\/128755","targetHints":{"allow":["GET"]}}],"collection":[{"href":"https:\/\/www.customywear.com\/tr\/wp-json\/wp\/v2\/product"}],"about":[{"href":"https:\/\/www.customywear.com\/tr\/wp-json\/wp\/v2\/types\/product"}],"replies":[{"embeddable":true,"href":"https:\/\/www.customywear.com\/tr\/wp-json\/wp\/v2\/comments?post=128755"}],"wp:featuredmedia":[{"embeddable":true,"href":"https:\/\/www.customywear.com\/tr\/wp-json\/wp\/v2\/media\/128989"}],"wp:attachment":[{"href":"https:\/\/www.customywear.com\/tr\/wp-json\/wp\/v2\/media?parent=128755"}],"wp:term":[{"taxonomy":"product_brand","embeddable":true,"href":"https:\/\/www.customywear.com\/tr\/wp-json\/wp\/v2\/product_brand?post=128755"},{"taxonomy":"product_cat","embeddable":true,"href":"https:\/\/www.customywear.com\/tr\/wp-json\/wp\/v2\/product_cat?post=128755"},{"taxonomy":"product_tag","embeddable":true,"href":"https:\/\/www.customywear.com\/tr\/wp-json\/wp\/v2\/product_tag?post=128755"}],"curies":[{"name":"wp","href":"https:\/\/api.w.org\/{rel}","templated":true}]}}