{"id":129045,"date":"2025-03-29T13:55:41","date_gmt":"2025-03-29T13:55:41","guid":{"rendered":"https:\/\/www.customywear.com\/?post_type=product&#038;p=129045"},"modified":"2026-05-07T15:29:32","modified_gmt":"2026-05-07T15:29:32","slug":"ozel-fransiz-temali-erkek-cocuk-tisort","status":"publish","type":"product","link":"https:\/\/www.customywear.com\/tr\/custom-french-themed-tshirt-boys\/","title":{"rendered":"\u00d6zel Frans\u0131z Temal\u0131 erkek t-shirt\u00fc-Ki\u015fiselle\u015ftirilmi\u015f Foto\u011fraf Karakter Tee"},"content":{"rendered":"<p>\u00c7ocu\u011funuzun foto\u011fraf\u0131n\u0131, Frans\u0131z bayra\u011f\u0131n\u0131n renklerine b\u00fcr\u00fcnm\u00fc\u015f, canl\u0131 ve ki\u015fiselle\u015ftirilmi\u015f bir karaktere d\u00f6n\u00fc\u015ft\u00fcr\u00fcn ve Fransa&#039;n\u0131n g\u00fczelce i\u015flenmi\u015f sanatsal bir arka plan\u0131na yerle\u015ftirin. Bu \u00f6zel ti\u015f\u00f6rt, 0 yumu\u015fak pamuktan \u00fcretilmi\u015ftir, konfor ve stil sa\u011flar ve dayan\u0131kl\u0131, g\u00f6z al\u0131c\u0131 bir tasar\u0131m i\u00e7in y\u00fcksek kaliteli DTG bask\u0131ya sahiptir. Do\u011fum g\u00fcnleri, Noel veya d\u00fc\u011f\u00fcnler i\u00e7in d\u00fc\u015f\u00fcnceli bir hediye olarak m\u00fckemmel olan bu benzersiz par\u00e7a, Frans\u0131z k\u00fclt\u00fcr\u00fcn\u00fc seven veya Fransa&#039;ya seyahat etmeyi hayal eden gen\u00e7 erkekler i\u00e7in idealdir.<\/p>","protected":false},"excerpt":{"rendered":"<p>Erkekler i\u00e7in \u00f6zel Frans\u0131z temal\u0131 bir ti\u015f\u00f6rt ile Frans\u0131z havas\u0131n\u0131 g\u00f6sterin. Ki\u015fiselle\u015ftirilmi\u015f foto\u011fraf karakteri tees, herhangi bir foto\u011fraf\u0131 t\u00fcr\u00fcn\u00fcn tek \u00f6rne\u011fi bir ti\u015f\u00f6rte d\u00f6n\u00fc\u015ft\u00fcr\u00fcr.<\/p>","protected":false},"featured_media":129217,"comment_status":"open","ping_status":"closed","template":"","meta":{"_acf_changed":false},"product_brand":[],"product_cat":[6189,6320,6412,6428],"product_tag":[6433,6439,6221,6330],"class_list":{"0":"post-129045","1":"product","2":"type-product","3":"status-publish","4":"has-post-thumbnail","6":"product_cat-boys-t-shirts","7":"product_cat-custom-gifts-french-culture","8":"product_cat-photo-to-tees","9":"product_cat-translate-products","10":"product_tag-ai-artwork","11":"product_tag-ai-kids-artwork","12":"product_tag-custom-t-shirts-near-me","13":"product_tag-photo-print-t-shirt-for-boys","15":"first","16":"instock","17":"taxable","18":"shipping-taxable","19":"purchasable","20":"product-type-simple"},"acf":[],"wcpa_form_fields":null,"_links":{"self":[{"href":"https:\/\/www.customywear.com\/tr\/wp-json\/wp\/v2\/product\/129045","targetHints":{"allow":["GET"]}}],"collection":[{"href":"https:\/\/www.customywear.com\/tr\/wp-json\/wp\/v2\/product"}],"about":[{"href":"https:\/\/www.customywear.com\/tr\/wp-json\/wp\/v2\/types\/product"}],"replies":[{"embeddable":true,"href":"https:\/\/www.customywear.com\/tr\/wp-json\/wp\/v2\/comments?post=129045"}],"wp:featuredmedia":[{"embeddable":true,"href":"https:\/\/www.customywear.com\/tr\/wp-json\/wp\/v2\/media\/129217"}],"wp:attachment":[{"href":"https:\/\/www.customywear.com\/tr\/wp-json\/wp\/v2\/media?parent=129045"}],"wp:term":[{"taxonomy":"product_brand","embeddable":true,"href":"https:\/\/www.customywear.com\/tr\/wp-json\/wp\/v2\/product_brand?post=129045"},{"taxonomy":"product_cat","embeddable":true,"href":"https:\/\/www.customywear.com\/tr\/wp-json\/wp\/v2\/product_cat?post=129045"},{"taxonomy":"product_tag","embeddable":true,"href":"https:\/\/www.customywear.com\/tr\/wp-json\/wp\/v2\/product_tag?post=129045"}],"curies":[{"name":"wp","href":"https:\/\/api.w.org\/{rel}","templated":true}]}}