{"id":129062,"date":"2025-03-29T13:55:41","date_gmt":"2025-03-29T13:55:41","guid":{"rendered":"https:\/\/www.customywear.com\/?post_type=product&#038;p=129062"},"modified":"2026-05-07T15:29:32","modified_gmt":"2026-05-07T15:29:32","slug":"bebek-cocuk-fransiz-temali-ozel-tisort","status":"publish","type":"product","link":"https:\/\/www.customywear.com\/tr\/custom-french-themed-tshirt-toddlers\/","title":{"rendered":"K\u00fc\u00e7\u00fck \u00c7ocuklar \u0130\u00e7in \u00d6zel Frans\u0131z Temal\u0131 Ti\u015f\u00f6rt \u2013 Ki\u015fiselle\u015ftirilmi\u015f Foto\u011fraf Karakterli Ti\u015f\u00f6rt"},"content":{"rendered":"<p>\u00c7ocu\u011funuzu \u00f6zel ti\u015f\u00f6rt\u00fcm\u00fczle sevimli bir Frans\u0131z vatanda\u015f\u0131na d\u00f6n\u00fc\u015ft\u00fcr\u00fcn! Bu benzersiz \u00fcr\u00fcn, \u00e7ocu\u011funuzun canl\u0131 Frans\u0131z bayra\u011f\u0131 renklerine b\u00fcr\u00fcnm\u00fc\u015f dijital olarak haz\u0131rlanm\u0131\u015f bir g\u00f6r\u00fcnt\u00fcs\u00fcn\u00fc, Fransa&#039;dan esinlenen sanatsal ve renkli bir arka plana yerle\u015ftirir. Yumu\u015fak 0 pamuktan \u00fcretilen bu birinci s\u0131n\u0131f ti\u015f\u00f6rt, konfor sa\u011flarken y\u00fcksek kaliteli DTG bask\u0131m\u0131z canl\u0131 tasar\u0131m\u0131n uzun s\u00fcre dayanmas\u0131n\u0131 garanti eder. Frans\u0131z k\u00fclt\u00fcr\u00fc tutkunlar\u0131, hevesli gezginler veya do\u011fum g\u00fcn\u00fc, Noel veya d\u00fc\u011f\u00fcn gibi \u00f6zel g\u00fcnleri kutlamak i\u00e7in d\u00fc\u015f\u00fcnceli bir hediye olarak m\u00fckemmel olan bu ki\u015fiselle\u015ftirilmi\u015f ti\u015f\u00f6rt, \u00e7ocu\u011funuzun bireyselli\u011fini ve Fransa&#039;ya olan sevgisini sergilemenin b\u00fcy\u00fcleyici bir yoludur.<\/p>","protected":false},"excerpt":{"rendered":"<p>Yeni y\u00fcr\u00fcmeye ba\u015flayan \u00e7ocuklar i\u00e7in \u00f6zel Frans\u0131z temal\u0131 bir ti\u015f\u00f6rt ile yeni y\u00fcr\u00fcmeye ba\u015flayan \u00e7ocuklar. Ki\u015fiselle\u015ftirilmi\u015f foto\u011fraf karakteri tees, herhangi bir foto\u011fraf\u0131 e\u011flenceli, benzersiz bir ti\u015f\u00f6rte d\u00f6n\u00fc\u015ft\u00fcr\u00fcr.<\/p>","protected":false},"featured_media":129259,"comment_status":"open","ping_status":"closed","template":"","meta":{"_acf_changed":false},"product_brand":[],"product_cat":[6209,6320,6412,6428],"product_tag":[6433,6439,6221],"class_list":{"0":"post-129062","1":"product","2":"type-product","3":"status-publish","4":"has-post-thumbnail","6":"product_cat-toddler-boy-t-shirts","7":"product_cat-custom-gifts-french-culture","8":"product_cat-photo-to-tees","9":"product_cat-translate-products","10":"product_tag-ai-artwork","11":"product_tag-ai-kids-artwork","12":"product_tag-custom-t-shirts-near-me","14":"first","15":"instock","16":"taxable","17":"shipping-taxable","18":"purchasable","19":"product-type-simple"},"acf":[],"wcpa_form_fields":null,"_links":{"self":[{"href":"https:\/\/www.customywear.com\/tr\/wp-json\/wp\/v2\/product\/129062","targetHints":{"allow":["GET"]}}],"collection":[{"href":"https:\/\/www.customywear.com\/tr\/wp-json\/wp\/v2\/product"}],"about":[{"href":"https:\/\/www.customywear.com\/tr\/wp-json\/wp\/v2\/types\/product"}],"replies":[{"embeddable":true,"href":"https:\/\/www.customywear.com\/tr\/wp-json\/wp\/v2\/comments?post=129062"}],"wp:featuredmedia":[{"embeddable":true,"href":"https:\/\/www.customywear.com\/tr\/wp-json\/wp\/v2\/media\/129259"}],"wp:attachment":[{"href":"https:\/\/www.customywear.com\/tr\/wp-json\/wp\/v2\/media?parent=129062"}],"wp:term":[{"taxonomy":"product_brand","embeddable":true,"href":"https:\/\/www.customywear.com\/tr\/wp-json\/wp\/v2\/product_brand?post=129062"},{"taxonomy":"product_cat","embeddable":true,"href":"https:\/\/www.customywear.com\/tr\/wp-json\/wp\/v2\/product_cat?post=129062"},{"taxonomy":"product_tag","embeddable":true,"href":"https:\/\/www.customywear.com\/tr\/wp-json\/wp\/v2\/product_tag?post=129062"}],"curies":[{"name":"wp","href":"https:\/\/api.w.org\/{rel}","templated":true}]}}