{"id":129109,"date":"2025-03-29T13:55:42","date_gmt":"2025-03-29T13:55:42","guid":{"rendered":"https:\/\/www.customywear.com\/?post_type=product&#038;p=129109"},"modified":"2026-05-05T20:23:26","modified_gmt":"2026-05-05T20:23:26","slug":"kadin-fransiz-temali-ozel-tisort","status":"publish","type":"product","link":"https:\/\/www.customywear.com\/tr\/custom-french-themed-tshirt-women\/","title":{"rendered":"Kad\u0131nlar i\u00e7in \u00d6zel Frans\u0131z Temal\u0131 Ti\u015f\u00f6rt-Ki\u015fiye \u00d6zel Foto\u011fraf Karakterli Ti\u015f\u00f6rt"},"content":{"rendered":"<p>Kad\u0131nlar i\u00e7in \u00f6zel Frans\u0131z temal\u0131 ti\u015f\u00f6rt\u00fcm\u00fczle Fransa&#039;n\u0131n cazibesini kucaklay\u0131n! En sevdi\u011finiz foto\u011fraf\u0131, Frans\u0131z bayra\u011f\u0131n\u0131n renklerine b\u00fcr\u00fcnm\u00fc\u015f canl\u0131, ki\u015fiselle\u015ftirilmi\u015f bir karaktere d\u00f6n\u00fc\u015ft\u00fcr\u00fcn, hepsi de tuhaf bir Frans\u0131z oyun alan\u0131 fonuna kar\u015f\u0131. Yumu\u015fak 0 pamuktan \u00fcretilen bu birinci s\u0131n\u0131f kalitedeki ti\u015f\u00f6rt, benzersiz tarz\u0131n\u0131z\u0131 yans\u0131tan canl\u0131, kal\u0131c\u0131 tasar\u0131mlar i\u00e7in y\u00fcksek kaliteli DTG bask\u0131ya sahiptir. Do\u011fum g\u00fcnleri, Noel, d\u00fc\u011f\u00fcnler veya sadece Frans\u0131z k\u00fclt\u00fcr\u00fcn\u00fc seven ve Fransa&#039;ya seyahat etmeyi hayal edenler i\u00e7in d\u00fc\u015f\u00fcnceli bir hediye olarak m\u00fckemmeldir.<\/p>","protected":false},"excerpt":{"rendered":"<p>Kad\u0131nlar i\u00e7in \u00f6zel Frans\u0131z temal\u0131 bir ti\u015f\u00f6rt ile moday\u0131 y\u00fckseltin. Ki\u015fiselle\u015ftirilmi\u015f foto\u011fraf karakteri tees, herhangi bir foto\u011fraf\u0131 \u015f\u0131k, t\u00fcr\u00fcn\u00fcn tek \u00f6rne\u011fi bir ti\u015f\u00f6rte d\u00f6n\u00fc\u015ft\u00fcr\u00fcr.<\/p>","protected":false},"featured_media":129196,"comment_status":"open","ping_status":"closed","template":"","meta":{"_acf_changed":false},"product_brand":[],"product_cat":[6191,6320,6412,6428,75,6358,6355],"product_tag":[6214,6433,6328,229,6215],"class_list":{"0":"post-129109","1":"product","2":"type-product","3":"status-publish","4":"has-post-thumbnail","6":"product_cat-t-shirts-women","7":"product_cat-custom-gifts-french-culture","8":"product_cat-photo-to-tees","9":"product_cat-translate-products","10":"product_cat-women","11":"product_cat-womens-anniversary-t-shirts","12":"product_cat-womens-culture-country-t-shirts","13":"product_tag-affordable-custom-t-shirts","14":"product_tag-ai-artwork","15":"product_tag-custom-image-t-shirt-for-women","16":"product_tag-custom-tee-shirts","17":"product_tag-screen-printing-near-me","19":"first","20":"instock","21":"taxable","22":"shipping-taxable","23":"purchasable","24":"product-type-simple"},"acf":[],"wcpa_form_fields":null,"_links":{"self":[{"href":"https:\/\/www.customywear.com\/tr\/wp-json\/wp\/v2\/product\/129109","targetHints":{"allow":["GET"]}}],"collection":[{"href":"https:\/\/www.customywear.com\/tr\/wp-json\/wp\/v2\/product"}],"about":[{"href":"https:\/\/www.customywear.com\/tr\/wp-json\/wp\/v2\/types\/product"}],"replies":[{"embeddable":true,"href":"https:\/\/www.customywear.com\/tr\/wp-json\/wp\/v2\/comments?post=129109"}],"wp:featuredmedia":[{"embeddable":true,"href":"https:\/\/www.customywear.com\/tr\/wp-json\/wp\/v2\/media\/129196"}],"wp:attachment":[{"href":"https:\/\/www.customywear.com\/tr\/wp-json\/wp\/v2\/media?parent=129109"}],"wp:term":[{"taxonomy":"product_brand","embeddable":true,"href":"https:\/\/www.customywear.com\/tr\/wp-json\/wp\/v2\/product_brand?post=129109"},{"taxonomy":"product_cat","embeddable":true,"href":"https:\/\/www.customywear.com\/tr\/wp-json\/wp\/v2\/product_cat?post=129109"},{"taxonomy":"product_tag","embeddable":true,"href":"https:\/\/www.customywear.com\/tr\/wp-json\/wp\/v2\/product_tag?post=129109"}],"curies":[{"name":"wp","href":"https:\/\/api.w.org\/{rel}","templated":true}]}}