{"id":129138,"date":"2025-03-29T13:55:42","date_gmt":"2025-03-29T13:55:42","guid":{"rendered":"https:\/\/www.customywear.com\/?post_type=product&#038;p=129138"},"modified":"2026-05-05T20:24:06","modified_gmt":"2026-05-05T20:24:06","slug":"erkek-fransiz-temali-ozel-tisort","status":"publish","type":"product","link":"https:\/\/www.customywear.com\/tr\/custom-french-themed-tshirt-men\/","title":{"rendered":"\u00d6zel Frans\u0131z Temal\u0131 erkek t-shirt\u00fc-Ki\u015fiselle\u015ftirilmi\u015f Foto\u011fraf Karakter Tee"},"content":{"rendered":"<p>En sevdi\u011finiz foto\u011fraf\u0131, \u00f6zel Frans\u0131z temal\u0131 ti\u015f\u00f6rt\u00fcm\u00fczde \u00e7arp\u0131c\u0131, ki\u015fiselle\u015ftirilmi\u015f bir karaktere d\u00f6n\u00fc\u015ft\u00fcr\u00fcn! Bu benzersiz tasar\u0131m, Frans\u0131z bayra\u011f\u0131n\u0131 an\u0131msatan canl\u0131 renklere sahip ve g\u00fczelce i\u015flenmi\u015f sanatsal bir oyun alan\u0131 arka plan\u0131na yerle\u015ftirilmi\u015ftir. Yumu\u015fak 0 pamuktan \u00fcretilen bu birinci s\u0131n\u0131f kalitedeki ti\u015f\u00f6rt, konfor ve dayan\u0131kl\u0131l\u0131k vaat ediyor. Frans\u0131z k\u00fclt\u00fcr\u00fc merakl\u0131lar\u0131, gezginler veya do\u011fum g\u00fcnleri, Noel ve d\u00fc\u011f\u00fcnler gibi \u00f6zel g\u00fcnleri kutlamak i\u00e7in m\u00fckemmel bir hediye. Her tasar\u0131m, yetenekli sanat\u00e7\u0131lar taraf\u0131ndan benzersiz bir \u015fekilde yarat\u0131larak benzersiz bir giyilebilir sanat eseri sa\u011fl\u0131yor.<\/p>","protected":false},"excerpt":{"rendered":"<p>Erkekler i\u00e7in \u00f6zel Frans\u0131z temal\u0131 bir ti\u015f\u00f6rt ile zarafet g\u00f6sterin. Ki\u015fiselle\u015ftirilmi\u015f foto\u011fraf karakteri tees, herhangi bir foto\u011fraf\u0131 cesur, benzersiz bir ti\u015f\u00f6rte d\u00f6n\u00fc\u015ft\u00fcr\u00fcr.<\/p>","protected":false},"featured_media":129175,"comment_status":"open","ping_status":"closed","template":"","meta":{"_acf_changed":false},"product_brand":[],"product_cat":[6195,6320,186,6345,6412,6428],"product_tag":[6433,6327,6216],"class_list":{"0":"post-129138","1":"product","2":"type-product","3":"status-publish","4":"has-post-thumbnail","6":"product_cat-t-shirts-men","7":"product_cat-custom-gifts-french-culture","8":"product_cat-men","9":"product_cat-mens-country-culture-t-shirts","10":"product_cat-photo-to-tees","11":"product_cat-translate-products","12":"product_tag-ai-artwork","13":"product_tag-custom-photo-t-shirt-for-men","14":"product_tag-mens-custom-t-shirts","16":"first","17":"instock","18":"taxable","19":"shipping-taxable","20":"purchasable","21":"product-type-simple"},"acf":[],"wcpa_form_fields":null,"_links":{"self":[{"href":"https:\/\/www.customywear.com\/tr\/wp-json\/wp\/v2\/product\/129138","targetHints":{"allow":["GET"]}}],"collection":[{"href":"https:\/\/www.customywear.com\/tr\/wp-json\/wp\/v2\/product"}],"about":[{"href":"https:\/\/www.customywear.com\/tr\/wp-json\/wp\/v2\/types\/product"}],"replies":[{"embeddable":true,"href":"https:\/\/www.customywear.com\/tr\/wp-json\/wp\/v2\/comments?post=129138"}],"wp:featuredmedia":[{"embeddable":true,"href":"https:\/\/www.customywear.com\/tr\/wp-json\/wp\/v2\/media\/129175"}],"wp:attachment":[{"href":"https:\/\/www.customywear.com\/tr\/wp-json\/wp\/v2\/media?parent=129138"}],"wp:term":[{"taxonomy":"product_brand","embeddable":true,"href":"https:\/\/www.customywear.com\/tr\/wp-json\/wp\/v2\/product_brand?post=129138"},{"taxonomy":"product_cat","embeddable":true,"href":"https:\/\/www.customywear.com\/tr\/wp-json\/wp\/v2\/product_cat?post=129138"},{"taxonomy":"product_tag","embeddable":true,"href":"https:\/\/www.customywear.com\/tr\/wp-json\/wp\/v2\/product_tag?post=129138"}],"curies":[{"name":"wp","href":"https:\/\/api.w.org\/{rel}","templated":true}]}}