{"id":129387,"date":"2025-04-10T09:32:17","date_gmt":"2025-04-10T09:32:17","guid":{"rendered":"https:\/\/www.customywear.com\/?post_type=product&#038;p=129387"},"modified":"2026-05-07T15:29:31","modified_gmt":"2026-05-07T15:29:31","slug":"toddler-kiz-ozel-yaris-araba-tisort","status":"publish","type":"product","link":"https:\/\/www.customywear.com\/tr\/toddler-girl-custom-race-car-shirt\/","title":{"rendered":"Ki\u015fiselle\u015ftirilmi\u015f K\u00fc\u00e7\u00fck K\u0131z Yar\u0131\u015f Ti\u015f\u00f6rt\u00fc \u2013 \u00c7ocu\u011funuzun Foto\u011fraf\u0131yla \u00d6zel Yar\u0131\u015f Arabas\u0131 S\u00fcr\u00fcc\u00fcs\u00fc Ti\u015f\u00f6rt\u00fc | K\u00fc\u00e7\u00fck H\u0131zc\u0131lar \u0130\u00e7in Benzersiz Hediye"},"content":{"rendered":"<p>E\u011flenceyi bizimle art\u0131r\u0131n <strong data-start=\"472\" data-end=\"525\">K\u00fc\u00e7\u00fck \u00c7ocuklar \u0130\u00e7in Ki\u015fiselle\u015ftirilmi\u015f Yar\u0131\u015f Arabas\u0131 S\u00fcr\u00fcc\u00fcs\u00fc Ti\u015f\u00f6rt\u00fc<\/strong>, \u00e7ocu\u011funuzun foto\u011fraf\u0131n\u0131n heyecan verici bir yar\u0131\u015f arabas\u0131 sahnesinin odak noktas\u0131 haline geldi\u011fi yer! 0 ultra yumu\u015fak pamuktan \u00fcretilen bu \u00f6zel ti\u015f\u00f6rt, say\u0131s\u0131z maceraya dayan\u0131kl\u0131 canl\u0131 renkler sa\u011flamak i\u00e7in kal\u0131c\u0131 konforu y\u00fcksek kaliteli DTG bask\u0131yla birle\u015ftirir. Her ti\u015f\u00f6rt, \u00e7ocu\u011funuzu bir yar\u0131\u015f g\u00fcn\u00fc kahraman\u0131na d\u00f6n\u00fc\u015ft\u00fcren sanat\u00e7\u0131lar taraf\u0131ndan benzersiz bir \u015fekilde i\u015flenir; bu da onu do\u011fum g\u00fcnleri, tatiller veya sadece \u00f6yle olsun diye m\u00fckemmel ki\u015fiselle\u015ftirilmi\u015f bir hediye yapar. K\u00fc\u00e7\u00fck \u00e7ocu\u011funuzun yar\u0131\u015f hayallerini gururla giymesine izin verin!<\/p>","protected":false},"excerpt":{"rendered":"<p>Fuel speed with a Personalized Toddler Girl Racing T-Shirt. Custom Race Car Driver Tees with Your Kid&#8217;s Photo transform any photo into a playful, one-of-a-kind t-shirt.<\/p>","protected":false},"featured_media":129589,"comment_status":"open","ping_status":"closed","template":"","meta":{"_acf_changed":false},"product_brand":[],"product_cat":[6207,6323,6412,6428],"product_tag":[6433,6439,6221],"class_list":{"0":"post-129387","1":"product","2":"type-product","3":"status-publish","4":"has-post-thumbnail","6":"product_cat-toddler-girl-t-shirts","7":"product_cat-custom-gifts-formula-1-racing-car","8":"product_cat-photo-to-tees","9":"product_cat-translate-products","10":"product_tag-ai-artwork","11":"product_tag-ai-kids-artwork","12":"product_tag-custom-t-shirts-near-me","14":"first","15":"instock","16":"taxable","17":"shipping-taxable","18":"purchasable","19":"product-type-simple"},"acf":[],"wcpa_form_fields":null,"_links":{"self":[{"href":"https:\/\/www.customywear.com\/tr\/wp-json\/wp\/v2\/product\/129387","targetHints":{"allow":["GET"]}}],"collection":[{"href":"https:\/\/www.customywear.com\/tr\/wp-json\/wp\/v2\/product"}],"about":[{"href":"https:\/\/www.customywear.com\/tr\/wp-json\/wp\/v2\/types\/product"}],"replies":[{"embeddable":true,"href":"https:\/\/www.customywear.com\/tr\/wp-json\/wp\/v2\/comments?post=129387"}],"wp:featuredmedia":[{"embeddable":true,"href":"https:\/\/www.customywear.com\/tr\/wp-json\/wp\/v2\/media\/129589"}],"wp:attachment":[{"href":"https:\/\/www.customywear.com\/tr\/wp-json\/wp\/v2\/media?parent=129387"}],"wp:term":[{"taxonomy":"product_brand","embeddable":true,"href":"https:\/\/www.customywear.com\/tr\/wp-json\/wp\/v2\/product_brand?post=129387"},{"taxonomy":"product_cat","embeddable":true,"href":"https:\/\/www.customywear.com\/tr\/wp-json\/wp\/v2\/product_cat?post=129387"},{"taxonomy":"product_tag","embeddable":true,"href":"https:\/\/www.customywear.com\/tr\/wp-json\/wp\/v2\/product_tag?post=129387"}],"curies":[{"name":"wp","href":"https:\/\/api.w.org\/{rel}","templated":true}]}}