{"id":129398,"date":"2025-04-10T09:32:17","date_gmt":"2025-04-10T09:32:17","guid":{"rendered":"https:\/\/www.customywear.com\/?post_type=product&#038;p=129398"},"modified":"2026-05-07T15:29:31","modified_gmt":"2026-05-07T15:29:31","slug":"kizlar-ozel-speed-racer-foto-tisort","status":"publish","type":"product","link":"https:\/\/www.customywear.com\/tr\/girls-custom-speed-racer-photo-tee\/","title":{"rendered":"K\u0131z \u00c7ocuklar\u0131 \u0130\u00e7in Ki\u015fiselle\u015ftirilmi\u015f Yar\u0131\u015f Ti\u015f\u00f6rt\u00fc \u2013 Foto\u011frafl\u0131 \u00c7ocuklar \u0130\u00e7in \u00d6zel H\u0131zl\u0131 Yar\u0131\u015f\u00e7\u0131 Ti\u015f\u00f6rt\u00fc | Arabalar\u0131 ve H\u0131z\u0131 Seven K\u0131zlar \u0130\u00e7in Benzersiz Hediye"},"content":{"rendered":"<p>\u00c7ocu\u011funuzun hayal g\u00fcc\u00fcn\u00fc bizimle harekete ge\u00e7irin <strong data-start=\"485\" data-end=\"528\">K\u0131z \u00c7ocuklar\u0131 \u0130\u00e7in Ki\u015fiselle\u015ftirilmi\u015f H\u0131z Yar\u0131\u015f\u00e7\u0131s\u0131 Ti\u015f\u00f6rt\u00fc<\/strong>, foto\u011fraf\u0131n\u0131 heyecan verici bir yar\u0131\u015f arabas\u0131 sahnesine d\u00f6n\u00fc\u015ft\u00fcren \u00f6zel bir hediye! Yumu\u015fak, 0 birinci s\u0131n\u0131f pamuktan \u00fcretilen ve canl\u0131, solmaya dayan\u0131kl\u0131 DTG teknolojisiyle bas\u0131lan bu ti\u015f\u00f6rt hem rahat hem de b\u00fcy\u00fcleyici. H\u0131z\u0131, yar\u0131\u015f\u0131 ve benzersiz moday\u0131 seven gen\u00e7 k\u0131zlar i\u00e7in tasarlanan her ti\u015f\u00f6rt, onu y\u0131ld\u0131z s\u00fcr\u00fcc\u00fc yapan el yap\u0131m\u0131 dijital sanat eserine sahiptir. Do\u011fum g\u00fcnleri veya \u00f6zel g\u00fcnler i\u00e7in m\u00fckemmel olan bu \u00f6zel ti\u015f\u00f6rt, yarat\u0131c\u0131l\u0131\u011fa ve e\u011flenceye giden ne\u015feli bir yolculuktur!<\/p>","protected":false},"excerpt":{"rendered":"<p>Bir k\u0131z\u0131n ki\u015fiselle\u015ftirilmi\u015f yar\u0131\u015f ti\u015f\u00f6rt\u00fc ile \u015f\u0131k bir \u015fekilde yar\u0131\u015f\u0131n. \u00c7ocuklar i\u00e7in \u00f6zel h\u0131z yar\u0131\u015f\u00e7\u0131s\u0131 ti\u015f\u00f6rtleri, herhangi bir foto\u011fraf\u0131 e\u011flenceli, benzersiz bir ti\u015f\u00f6rte d\u00f6n\u00fc\u015ft\u00fcr\u00fcr.<\/p>","protected":false},"featured_media":129568,"comment_status":"open","ping_status":"closed","template":"","meta":{"_acf_changed":false},"product_brand":[],"product_cat":[6193,6323,152,6412,6428,58],"product_tag":[6433,6439,6331,6221],"class_list":{"0":"post-129398","1":"product","2":"type-product","3":"status-publish","4":"has-post-thumbnail","6":"product_cat-girls-t-shirts","7":"product_cat-custom-gifts-formula-1-racing-car","8":"product_cat-girls","9":"product_cat-photo-to-tees","10":"product_cat-translate-products","11":"product_cat-youth-kids","12":"product_tag-ai-artwork","13":"product_tag-ai-kids-artwork","14":"product_tag-custom-picture-t-shirt-for-girls","15":"product_tag-custom-t-shirts-near-me","17":"first","18":"instock","19":"taxable","20":"shipping-taxable","21":"purchasable","22":"product-type-simple"},"acf":[],"wcpa_form_fields":null,"_links":{"self":[{"href":"https:\/\/www.customywear.com\/tr\/wp-json\/wp\/v2\/product\/129398","targetHints":{"allow":["GET"]}}],"collection":[{"href":"https:\/\/www.customywear.com\/tr\/wp-json\/wp\/v2\/product"}],"about":[{"href":"https:\/\/www.customywear.com\/tr\/wp-json\/wp\/v2\/types\/product"}],"replies":[{"embeddable":true,"href":"https:\/\/www.customywear.com\/tr\/wp-json\/wp\/v2\/comments?post=129398"}],"wp:featuredmedia":[{"embeddable":true,"href":"https:\/\/www.customywear.com\/tr\/wp-json\/wp\/v2\/media\/129568"}],"wp:attachment":[{"href":"https:\/\/www.customywear.com\/tr\/wp-json\/wp\/v2\/media?parent=129398"}],"wp:term":[{"taxonomy":"product_brand","embeddable":true,"href":"https:\/\/www.customywear.com\/tr\/wp-json\/wp\/v2\/product_brand?post=129398"},{"taxonomy":"product_cat","embeddable":true,"href":"https:\/\/www.customywear.com\/tr\/wp-json\/wp\/v2\/product_cat?post=129398"},{"taxonomy":"product_tag","embeddable":true,"href":"https:\/\/www.customywear.com\/tr\/wp-json\/wp\/v2\/product_tag?post=129398"}],"curies":[{"name":"wp","href":"https:\/\/api.w.org\/{rel}","templated":true}]}}