{"id":129415,"date":"2025-04-10T09:32:18","date_gmt":"2025-04-10T09:32:18","guid":{"rendered":"https:\/\/www.customywear.com\/?post_type=product&#038;p=129415"},"modified":"2026-05-07T15:29:31","modified_gmt":"2026-05-07T15:29:31","slug":"ozel-erkek-cocuk-yaris-foto-tshirt","status":"publish","type":"product","link":"https:\/\/www.customywear.com\/tr\/custom-boys-racing-photo-tshirt\/","title":{"rendered":"Ki\u015fiye \u00d6zel Erkek \u00c7ocuk Yar\u0131\u015f Ti\u015f\u00f6rt\u00fc \u2013 \u00c7ocuklar \u0130\u00e7in Ki\u015fiselle\u015ftirilmi\u015f Turbo S\u00fcr\u00fcc\u00fc Ti\u015f\u00f6rt\u00fc Hediyesi | \u00c7ocu\u011funuzun Foto\u011fraf\u0131n\u0131 Yar\u0131\u015f Arabas\u0131 Sahnesine Ekleyin"},"content":{"rendered":"<p class=\"\" data-start=\"440\" data-end=\"998\">\u00c7ocu\u011funuzun h\u0131z tutkusunu bizimkiyle besleyin <strong data-start=\"485\" data-end=\"522\">\u00d6zel Erkek Turbo S\u00fcr\u00fcc\u00fc Ti\u015f\u00f6rt\u00fc<\/strong>\u2014\u00c7ocu\u011funuzun foto\u011fraf\u0131n\u0131 dinamik bir yar\u0131\u015f sahnesine d\u00f6n\u00fc\u015ft\u00fcren benzersiz bir yar\u0131\u015f ti\u015f\u00f6rt\u00fc! Birinci s\u0131n\u0131f kalitede 0 pamuktan \u00fcretilmi\u015f ve canl\u0131 DTG bask\u0131s\u0131na sahip bu ti\u015f\u00f6rt, do\u011fum g\u00fcnleri veya \u00f6zel g\u00fcnler i\u00e7in m\u00fckemmeldir. Her tasar\u0131m, \u00e7ocu\u011funuzu profesyonel bir yar\u0131\u015f arabas\u0131 s\u00fcr\u00fcc\u00fcs\u00fcne d\u00f6n\u00fc\u015ft\u00fcrmek i\u00e7in el i\u015f\u00e7ili\u011fiyle \u00fcretilmi\u015ftir ve bu, gen\u00e7 motor sporlar\u0131 tutkunlar\u0131 i\u00e7in en iyi ki\u015fiselle\u015ftirilmi\u015f hediyedir. Rahat, dayan\u0131kl\u0131 ve sonsuz e\u011flence\u2014bu ti\u015f\u00f6rt sadece giysiden daha fazlas\u0131d\u0131r, ger\u00e7e\u011fe d\u00f6n\u00fc\u015fen bir yar\u0131\u015f fantezisidir!<\/p>","protected":false},"excerpt":{"rendered":"<p>Speed into adventure with a Custom Boy&#8217;s Racing T-Shirt. Personalized Turbo Driver Tees for Kids transform any child\u2019s photo into a bold, one-of-a-kind t-shirt.<\/p>","protected":false},"featured_media":129547,"comment_status":"open","ping_status":"closed","template":"","meta":{"_acf_changed":false},"product_brand":[],"product_cat":[6189,6323,6412,6428],"product_tag":[6433,6439,6221,6330],"class_list":{"0":"post-129415","1":"product","2":"type-product","3":"status-publish","4":"has-post-thumbnail","6":"product_cat-boys-t-shirts","7":"product_cat-custom-gifts-formula-1-racing-car","8":"product_cat-photo-to-tees","9":"product_cat-translate-products","10":"product_tag-ai-artwork","11":"product_tag-ai-kids-artwork","12":"product_tag-custom-t-shirts-near-me","13":"product_tag-photo-print-t-shirt-for-boys","15":"first","16":"instock","17":"taxable","18":"shipping-taxable","19":"purchasable","20":"product-type-simple"},"acf":[],"wcpa_form_fields":null,"_links":{"self":[{"href":"https:\/\/www.customywear.com\/tr\/wp-json\/wp\/v2\/product\/129415","targetHints":{"allow":["GET"]}}],"collection":[{"href":"https:\/\/www.customywear.com\/tr\/wp-json\/wp\/v2\/product"}],"about":[{"href":"https:\/\/www.customywear.com\/tr\/wp-json\/wp\/v2\/types\/product"}],"replies":[{"embeddable":true,"href":"https:\/\/www.customywear.com\/tr\/wp-json\/wp\/v2\/comments?post=129415"}],"wp:featuredmedia":[{"embeddable":true,"href":"https:\/\/www.customywear.com\/tr\/wp-json\/wp\/v2\/media\/129547"}],"wp:attachment":[{"href":"https:\/\/www.customywear.com\/tr\/wp-json\/wp\/v2\/media?parent=129415"}],"wp:term":[{"taxonomy":"product_brand","embeddable":true,"href":"https:\/\/www.customywear.com\/tr\/wp-json\/wp\/v2\/product_brand?post=129415"},{"taxonomy":"product_cat","embeddable":true,"href":"https:\/\/www.customywear.com\/tr\/wp-json\/wp\/v2\/product_cat?post=129415"},{"taxonomy":"product_tag","embeddable":true,"href":"https:\/\/www.customywear.com\/tr\/wp-json\/wp\/v2\/product_tag?post=129415"}],"curies":[{"name":"wp","href":"https:\/\/api.w.org\/{rel}","templated":true}]}}