{"id":129432,"date":"2025-04-10T09:32:18","date_gmt":"2025-04-10T09:32:18","guid":{"rendered":"https:\/\/www.customywear.com\/?post_type=product&#038;p=129432"},"modified":"2026-05-07T15:29:31","modified_gmt":"2026-05-07T15:29:31","slug":"toddler-erkek-elit-yarisci-tisort","status":"publish","type":"product","link":"https:\/\/www.customywear.com\/tr\/toddler-boys-elite-racing-driver-shirt\/","title":{"rendered":"K\u00fc\u00e7\u00fck \u00c7ocuk Elit Yar\u0131\u015f S\u00fcr\u00fcc\u00fcs\u00fc Ti\u015f\u00f6rt\u00fc \u2013 \u00c7ocuklar \u0130\u00e7in Ki\u015fiselle\u015ftirilmi\u015f Yar\u0131\u015f Arabas\u0131 Ti\u015f\u00f6rt\u00fc | \u00c7ocu\u011funuzun Foto\u011fraf\u0131yla \u00d6zel Hediye"},"content":{"rendered":"<p>Minik yavrunuzun yar\u0131\u015f hayallerini \u015fu \u015fekilde besleyin: <strong data-start=\"474\" data-end=\"519\">K\u00fc\u00e7\u00fck \u00c7ocuk Elit Yar\u0131\u015f S\u00fcr\u00fcc\u00fcs\u00fc Ti\u015f\u00f6rt\u00fc<\/strong>\u2014\u00c7ocu\u011funuzun foto\u011fraf\u0131n\u0131 heyecan verici bir yar\u0131\u015f sahnesine d\u00f6n\u00fc\u015ft\u00fcren ki\u015fiselle\u015ftirilmi\u015f bir ti\u015f\u00f6rt! 0 yumu\u015fak pamuktan \u00fcretilen bu \u00f6zel ti\u015f\u00f6rt, enerjik y\u00fcr\u00fcmeye ba\u015flayan \u00e7ocuklar i\u00e7in birinci s\u0131n\u0131f konfor ve dayan\u0131kl\u0131l\u0131k sunar. Y\u00fcksek kaliteli DTG bask\u0131s\u0131yla, canl\u0131 tasar\u0131mlar \u00f6n\u00fcm\u00fczdeki y\u0131llarda canl\u0131 ve renkli kal\u0131r. \u0130ster do\u011fum g\u00fcn\u00fc, ister d\u00fc\u011f\u00fcn veya sadece \u00e7ocu\u011funuzun yar\u0131\u015fa olan sevgisini kutlamak i\u00e7in olsun, bu benzersiz ti\u015f\u00f6rt yar\u0131\u015f pistinin heyecan\u0131n\u0131 do\u011frudan k\u00fc\u00e7\u00fck \u015fampiyonunuza getiriyor!<\/p>","protected":false},"excerpt":{"rendered":"<p>Y\u00fcr\u00fcmeye ba\u015flayan bir \u00e7ocu\u011fun elit yar\u0131\u015f s\u00fcr\u00fcc\u00fcs\u00fc ti\u015f\u00f6rt\u00fc ile yar\u0131\u015fa liderlik edin. \u00c7ocuklar i\u00e7in ki\u015fiselle\u015ftirilmi\u015f yar\u0131\u015f arabas\u0131 ti\u015f\u00f6rtleri, herhangi bir foto\u011fraf\u0131 e\u011flenceli, t\u00fcr\u00fcn\u00fcn tek \u00f6rne\u011fi bir ti\u015f\u00f6rte d\u00f6n\u00fc\u015ft\u00fcr\u00fcr.<\/p>","protected":false},"featured_media":129601,"comment_status":"open","ping_status":"closed","template":"","meta":{"_acf_changed":false},"product_brand":[],"product_cat":[6209,6323,6412,6428],"product_tag":[6433,6439,6221],"class_list":{"0":"post-129432","1":"product","2":"type-product","3":"status-publish","4":"has-post-thumbnail","6":"product_cat-toddler-boy-t-shirts","7":"product_cat-custom-gifts-formula-1-racing-car","8":"product_cat-photo-to-tees","9":"product_cat-translate-products","10":"product_tag-ai-artwork","11":"product_tag-ai-kids-artwork","12":"product_tag-custom-t-shirts-near-me","14":"first","15":"instock","16":"taxable","17":"shipping-taxable","18":"purchasable","19":"product-type-simple"},"acf":[],"wcpa_form_fields":null,"_links":{"self":[{"href":"https:\/\/www.customywear.com\/tr\/wp-json\/wp\/v2\/product\/129432","targetHints":{"allow":["GET"]}}],"collection":[{"href":"https:\/\/www.customywear.com\/tr\/wp-json\/wp\/v2\/product"}],"about":[{"href":"https:\/\/www.customywear.com\/tr\/wp-json\/wp\/v2\/types\/product"}],"replies":[{"embeddable":true,"href":"https:\/\/www.customywear.com\/tr\/wp-json\/wp\/v2\/comments?post=129432"}],"wp:featuredmedia":[{"embeddable":true,"href":"https:\/\/www.customywear.com\/tr\/wp-json\/wp\/v2\/media\/129601"}],"wp:attachment":[{"href":"https:\/\/www.customywear.com\/tr\/wp-json\/wp\/v2\/media?parent=129432"}],"wp:term":[{"taxonomy":"product_brand","embeddable":true,"href":"https:\/\/www.customywear.com\/tr\/wp-json\/wp\/v2\/product_brand?post=129432"},{"taxonomy":"product_cat","embeddable":true,"href":"https:\/\/www.customywear.com\/tr\/wp-json\/wp\/v2\/product_cat?post=129432"},{"taxonomy":"product_tag","embeddable":true,"href":"https:\/\/www.customywear.com\/tr\/wp-json\/wp\/v2\/product_tag?post=129432"}],"curies":[{"name":"wp","href":"https:\/\/api.w.org\/{rel}","templated":true}]}}