{"id":129621,"date":"2025-04-11T12:47:14","date_gmt":"2025-04-11T12:47:14","guid":{"rendered":"https:\/\/www.customywear.com\/?post_type=product&#038;p=129621"},"modified":"2026-05-07T15:29:31","modified_gmt":"2026-05-07T15:29:31","slug":"ozel-kucuk-kiz-ordu-tisort","status":"publish","type":"product","link":"https:\/\/www.customywear.com\/tr\/personalized-army-tshirt-toddler-girls\/","title":{"rendered":"K\u00fc\u00e7\u00fck K\u0131zlar \u0130\u00e7in Ki\u015fiselle\u015ftirilmi\u015f Ordu Karakterli Ti\u015f\u00f6rt \u2013 Sevimli Sava\u015f Tasar\u0131m\u0131na Sahip \u00d6zel Askeri Foto\u011fraf Ti\u015f\u00f6rt\u00fc, K\u00fc\u00e7\u00fck Askerler \u0130\u00e7in Benzersiz Hediye"},"content":{"rendered":"<p>K\u00fc\u00e7\u00fck k\u0131z \u00e7ocuklar\u0131n\u0131z i\u00e7in Ki\u015fiselle\u015ftirilmi\u015f Ordu Karakterli Ti\u015f\u00f6rt\u00fcm\u00fczle k\u00fc\u00e7\u00fck \u00e7ocu\u011funuzun hayal g\u00fcc\u00fcn\u00fc hayata ge\u00e7irin. \u00c7ocu\u011funuzun foto\u011fraf\u0131n\u0131 kullanarak, \u015f\u0131k bir donan\u0131m ve dinamik bir sava\u015f alan\u0131 arka plan\u0131yla birlikte cesur bir ordu kahraman\u0131 olarak onun \u00f6zel bir dijital ill\u00fcstrasyonunu olu\u015fturuyoruz. Ultra yumu\u015fak 0 pamuktan \u00fcretilen ve canl\u0131 DTG teknolojisiyle bas\u0131lan bu ti\u015f\u00f6rt, cilde naziktir ancak oyun zaman\u0131 veya \u00f6zel etkinlikler i\u00e7in yeterince dayan\u0131kl\u0131d\u0131r. Do\u011fum g\u00fcnleri, d\u00f6n\u00fcm noktalar\u0131 veya sadece askeri temalara olan sevgisini kutlamak i\u00e7in m\u00fckemmel olan bu ti\u015f\u00f6rt, konfor, yarat\u0131c\u0131l\u0131k ve e\u011flenceyi bir araya getiren anlaml\u0131 bir hat\u0131rad\u0131r.<\/p>","protected":false},"excerpt":{"rendered":"<p>K\u00fc\u00e7\u00fck Kahramanlar\u0131, y\u00fcr\u00fcmeye ba\u015flayan k\u0131zlar i\u00e7in ki\u015fiselle\u015ftirilmi\u015f bir Ordu karakter ti\u015f\u00f6rt\u00fc ile onurland\u0131r\u0131n. \u00d6zel askeri foto\u011fraf tees, herhangi bir foto\u011fraf\u0131 e\u011flenceli, benzersiz bir ti\u015f\u00f6rte d\u00f6n\u00fc\u015ft\u00fcr\u00fcr.<\/p>","protected":false},"featured_media":129823,"comment_status":"open","ping_status":"closed","template":"","meta":{"_acf_changed":false},"product_brand":[],"product_cat":[6207,6324,6412,6428],"product_tag":[6433,6439,6221],"class_list":{"0":"post-129621","1":"product","2":"type-product","3":"status-publish","4":"has-post-thumbnail","6":"product_cat-toddler-girl-t-shirts","7":"product_cat-custom-gifts-ai-army","8":"product_cat-photo-to-tees","9":"product_cat-translate-products","10":"product_tag-ai-artwork","11":"product_tag-ai-kids-artwork","12":"product_tag-custom-t-shirts-near-me","14":"first","15":"instock","16":"taxable","17":"shipping-taxable","18":"purchasable","19":"product-type-simple"},"acf":[],"wcpa_form_fields":null,"_links":{"self":[{"href":"https:\/\/www.customywear.com\/tr\/wp-json\/wp\/v2\/product\/129621","targetHints":{"allow":["GET"]}}],"collection":[{"href":"https:\/\/www.customywear.com\/tr\/wp-json\/wp\/v2\/product"}],"about":[{"href":"https:\/\/www.customywear.com\/tr\/wp-json\/wp\/v2\/types\/product"}],"replies":[{"embeddable":true,"href":"https:\/\/www.customywear.com\/tr\/wp-json\/wp\/v2\/comments?post=129621"}],"wp:featuredmedia":[{"embeddable":true,"href":"https:\/\/www.customywear.com\/tr\/wp-json\/wp\/v2\/media\/129823"}],"wp:attachment":[{"href":"https:\/\/www.customywear.com\/tr\/wp-json\/wp\/v2\/media?parent=129621"}],"wp:term":[{"taxonomy":"product_brand","embeddable":true,"href":"https:\/\/www.customywear.com\/tr\/wp-json\/wp\/v2\/product_brand?post=129621"},{"taxonomy":"product_cat","embeddable":true,"href":"https:\/\/www.customywear.com\/tr\/wp-json\/wp\/v2\/product_cat?post=129621"},{"taxonomy":"product_tag","embeddable":true,"href":"https:\/\/www.customywear.com\/tr\/wp-json\/wp\/v2\/product_tag?post=129621"}],"curies":[{"name":"wp","href":"https:\/\/api.w.org\/{rel}","templated":true}]}}