{"id":129632,"date":"2025-04-11T12:47:14","date_gmt":"2025-04-11T12:47:14","guid":{"rendered":"https:\/\/www.customywear.com\/?post_type=product&#038;p=129632"},"modified":"2026-05-07T15:29:31","modified_gmt":"2026-05-07T15:29:31","slug":"kiz-ordu-cosplay-tisort","status":"publish","type":"product","link":"https:\/\/www.customywear.com\/tr\/custom-girl-army-cosplay-t-shirt\/","title":{"rendered":"\u00d6zel K\u0131z Ordu Cosplay T-Shirt \u00c7ocuklar i\u00e7in Ki\u015fiselle\u015ftirilmi\u015f Askeri Foto\u011fraf Hediye Tee, Benzersiz Asker Karakter Tasar\u0131m\u0131 K\u0131zlar i\u00e7in"},"content":{"rendered":"<p>\u00c7ocu\u011funuzun hayal g\u00fcc\u00fcn\u00fc, herhangi bir foto\u011fraf\u0131 heyecan verici bir ordu karakteri ill\u00fcstrasyonuna d\u00f6n\u00fc\u015ft\u00fcrmek i\u00e7in tasarlanm\u0131\u015f \u00c7ocuklar i\u00e7in \u00d6zel Ordu Cosplay Ti\u015f\u00f6rtlerimizle besleyin. \u00dcniforma, te\u00e7hizat ve ger\u00e7ek\u00e7i bir sava\u015f sahnesiyle tamamlanan bu ki\u015fiselle\u015ftirilmi\u015f ti\u015f\u00f6rtler, askeri maceralar hayal eden \u00e7ocuklar i\u00e7in m\u00fckemmeldir. 0 yumu\u015fak pamuktan \u00fcretilen ve canl\u0131 DTG teknolojisi kullan\u0131larak bas\u0131lan bu ti\u015f\u00f6rtler, konfor, dayan\u0131kl\u0131l\u0131k ve \u00e7arp\u0131c\u0131 detaylar sunar. Do\u011fum g\u00fcnleri, mezuniyetler veya temal\u0131 etkinlikler i\u00e7in ideal olan bu benzersiz ti\u015f\u00f6rt, gen\u00e7 asker ruhuna g\u00fcl\u00fcmseme ve gurur getiren cesur ve yarat\u0131c\u0131 bir hediyedir.<\/p>","protected":false},"excerpt":{"rendered":"<p>\u00c7ocuklar i\u00e7in \u00f6zel bir k\u0131z ordu cosplay ti\u015f\u00f6rt\u00fc ile cesaretle giyin. Ki\u015fiselle\u015ftirilmi\u015f askeri foto\u011fraf hediye ti\u015f\u00f6rtleri, herhangi bir foto\u011fraf\u0131 t\u00fcr\u00fcn\u00fcn tek \u00f6rne\u011fi askerden ilham alan bir ti\u015f\u00f6rte d\u00f6n\u00fc\u015ft\u00fcr\u00fcr.<\/p>","protected":false},"featured_media":129802,"comment_status":"open","ping_status":"closed","template":"","meta":{"_acf_changed":false},"product_brand":[],"product_cat":[6193,6324,152,6412,6428,58],"product_tag":[6433,6439,6331,6221],"class_list":{"0":"post-129632","1":"product","2":"type-product","3":"status-publish","4":"has-post-thumbnail","6":"product_cat-girls-t-shirts","7":"product_cat-custom-gifts-ai-army","8":"product_cat-girls","9":"product_cat-photo-to-tees","10":"product_cat-translate-products","11":"product_cat-youth-kids","12":"product_tag-ai-artwork","13":"product_tag-ai-kids-artwork","14":"product_tag-custom-picture-t-shirt-for-girls","15":"product_tag-custom-t-shirts-near-me","17":"first","18":"instock","19":"taxable","20":"shipping-taxable","21":"purchasable","22":"product-type-simple"},"acf":[],"wcpa_form_fields":null,"_links":{"self":[{"href":"https:\/\/www.customywear.com\/tr\/wp-json\/wp\/v2\/product\/129632","targetHints":{"allow":["GET"]}}],"collection":[{"href":"https:\/\/www.customywear.com\/tr\/wp-json\/wp\/v2\/product"}],"about":[{"href":"https:\/\/www.customywear.com\/tr\/wp-json\/wp\/v2\/types\/product"}],"replies":[{"embeddable":true,"href":"https:\/\/www.customywear.com\/tr\/wp-json\/wp\/v2\/comments?post=129632"}],"wp:featuredmedia":[{"embeddable":true,"href":"https:\/\/www.customywear.com\/tr\/wp-json\/wp\/v2\/media\/129802"}],"wp:attachment":[{"href":"https:\/\/www.customywear.com\/tr\/wp-json\/wp\/v2\/media?parent=129632"}],"wp:term":[{"taxonomy":"product_brand","embeddable":true,"href":"https:\/\/www.customywear.com\/tr\/wp-json\/wp\/v2\/product_brand?post=129632"},{"taxonomy":"product_cat","embeddable":true,"href":"https:\/\/www.customywear.com\/tr\/wp-json\/wp\/v2\/product_cat?post=129632"},{"taxonomy":"product_tag","embeddable":true,"href":"https:\/\/www.customywear.com\/tr\/wp-json\/wp\/v2\/product_tag?post=129632"}],"curies":[{"name":"wp","href":"https:\/\/api.w.org\/{rel}","templated":true}]}}