{"id":129649,"date":"2025-04-11T12:47:14","date_gmt":"2025-04-11T12:47:14","guid":{"rendered":"https:\/\/www.customywear.com\/?post_type=product&#038;p=129649"},"modified":"2026-05-07T15:29:31","modified_gmt":"2026-05-07T15:29:31","slug":"erkek-cocuk-ozel-askeri-uniforma-tshirt","status":"publish","type":"product","link":"https:\/\/www.customywear.com\/tr\/boys-custom-military-uniform-tshirt\/","title":{"rendered":"Erkek \u00c7ocuk \u00d6zel Askeri \u00dcniforma Ti\u015f\u00f6rt\u00fc \u2013 Foto\u011frafl\u0131 Ki\u015fiselle\u015ftirilmi\u015f Ordu Karakteri Hediyesi, \u00c7ocuklar \u0130\u00e7in Benzersiz Kahraman Temal\u0131 Ti\u015f\u00f6rt"},"content":{"rendered":"<p class=\"\" data-start=\"416\" data-end=\"965\">\u00c7ocu\u011funuzu, yarat\u0131c\u0131l\u0131\u011f\u0131n ki\u015fiselle\u015ftirmeyle bulu\u015ftu\u011fu Boy&#039;s Custom Military Uniform Ti\u015f\u00f6rt\u00fcm\u00fczle k\u00fc\u00e7\u00fck bir kahramana d\u00f6n\u00fc\u015ft\u00fcr\u00fcn. \u00c7ocu\u011funuzun foto\u011fraf\u0131n\u0131 kullanarak, askeri te\u00e7hizat ve cesur bir sava\u015f alan\u0131 ortam\u0131yla tamamlanm\u0131\u015f dijital olarak \u00e7izilmi\u015f bir ordu karakteri yarat\u0131yoruz. 0 yumu\u015fak pamuktan \u00fcretilen ve canl\u0131 DTG teknolojisi kullan\u0131larak bas\u0131lan bu ti\u015f\u00f6rt, g\u00f6z al\u0131c\u0131 oldu\u011fu kadar rahatt\u0131r. Do\u011fum g\u00fcnleri, giyinme g\u00fcnleri veya sadece askeri maceralara olan sevgiyi kutlamak i\u00e7in m\u00fckemmel olan bu \u00f6zel ti\u015f\u00f6rt, \u00e7ocuklar\u0131n kesinlikle sevece\u011fi anlaml\u0131 ve heyecan verici bir hediyedir.<\/p>","protected":false},"excerpt":{"rendered":"<p>Show heroism with a Boy&#8217;s Custom Military Uniform T-Shirt. Personalized Army Character Gifts turn any photo into a bold, one-of-a-kind t-shirt.<\/p>","protected":false},"featured_media":129781,"comment_status":"open","ping_status":"closed","template":"","meta":{"_acf_changed":false},"product_brand":[],"product_cat":[6189,6324,6412,6428],"product_tag":[6433,6439,6221,6330],"class_list":{"0":"post-129649","1":"product","2":"type-product","3":"status-publish","4":"has-post-thumbnail","6":"product_cat-boys-t-shirts","7":"product_cat-custom-gifts-ai-army","8":"product_cat-photo-to-tees","9":"product_cat-translate-products","10":"product_tag-ai-artwork","11":"product_tag-ai-kids-artwork","12":"product_tag-custom-t-shirts-near-me","13":"product_tag-photo-print-t-shirt-for-boys","15":"first","16":"instock","17":"taxable","18":"shipping-taxable","19":"purchasable","20":"product-type-simple"},"acf":[],"wcpa_form_fields":null,"_links":{"self":[{"href":"https:\/\/www.customywear.com\/tr\/wp-json\/wp\/v2\/product\/129649","targetHints":{"allow":["GET"]}}],"collection":[{"href":"https:\/\/www.customywear.com\/tr\/wp-json\/wp\/v2\/product"}],"about":[{"href":"https:\/\/www.customywear.com\/tr\/wp-json\/wp\/v2\/types\/product"}],"replies":[{"embeddable":true,"href":"https:\/\/www.customywear.com\/tr\/wp-json\/wp\/v2\/comments?post=129649"}],"wp:featuredmedia":[{"embeddable":true,"href":"https:\/\/www.customywear.com\/tr\/wp-json\/wp\/v2\/media\/129781"}],"wp:attachment":[{"href":"https:\/\/www.customywear.com\/tr\/wp-json\/wp\/v2\/media?parent=129649"}],"wp:term":[{"taxonomy":"product_brand","embeddable":true,"href":"https:\/\/www.customywear.com\/tr\/wp-json\/wp\/v2\/product_brand?post=129649"},{"taxonomy":"product_cat","embeddable":true,"href":"https:\/\/www.customywear.com\/tr\/wp-json\/wp\/v2\/product_cat?post=129649"},{"taxonomy":"product_tag","embeddable":true,"href":"https:\/\/www.customywear.com\/tr\/wp-json\/wp\/v2\/product_tag?post=129649"}],"curies":[{"name":"wp","href":"https:\/\/api.w.org\/{rel}","templated":true}]}}