{"id":129666,"date":"2025-04-11T12:47:14","date_gmt":"2025-04-11T12:47:14","guid":{"rendered":"https:\/\/www.customywear.com\/?post_type=product&#038;p=129666"},"modified":"2026-05-07T15:29:31","modified_gmt":"2026-05-07T15:29:31","slug":"ozel-asker-portre-cocuk-tisort","status":"publish","type":"product","link":"https:\/\/www.customywear.com\/tr\/custom-soldier-portrait-tshirt-toddlers\/","title":{"rendered":"K\u00fc\u00e7\u00fck \u00c7ocuklar \u0130\u00e7in Ki\u015fiye \u00d6zel Asker Portresi Ti\u015f\u00f6rt\u00fc \u2013 Ki\u015fiselle\u015ftirilmi\u015f Ordu Foto\u011fraf\u0131 Hediye Ti\u015f\u00f6rt\u00fc, K\u00fc\u00e7\u00fck Erkek \u00c7ocuklar \u0130\u00e7in Askeri Temal\u0131 Tasar\u0131m"},"content":{"rendered":"<p>\u00c7ocu\u011funuzun foto\u011fraf\u0131n\u0131n tam sava\u015f te\u00e7hizat\u0131yla benzersiz bir ordu kahraman\u0131na d\u00f6n\u00fc\u015ft\u00fc\u011f\u00fc \u00d6zel Asker Portresi Ti\u015f\u00f6rt\u00fcm\u00fczle minik o\u011flunuzun hayal g\u00fcc\u00fcn\u00fc harekete ge\u00e7irin. Bu ki\u015fiselle\u015ftirilmi\u015f tasar\u0131m, k\u00fc\u00e7\u00fck \u00e7ocu\u011funuzu dinamik bir sava\u015f alan\u0131 zemininde askeri \u00fcniforma i\u00e7inde sergiler ve bu da onu do\u011fum g\u00fcnleri, mezuniyetler veya oyun zaman\u0131 e\u011flencesi i\u00e7in m\u00fckemmel bir hediye haline getirir. Ultra yumu\u015fak 0 pamuktan \u00fcretilen ve y\u00fcksek kaliteli DTG teknolojisiyle bas\u0131lan bu ti\u015f\u00f6rtler, konfor, dayan\u0131kl\u0131l\u0131k ve \u00e7arp\u0131c\u0131 g\u00f6rsel ayr\u0131nt\u0131lar\u0131 bir araya getirir. \u00c7ocu\u011funuzun macerac\u0131 ruhunu, onlar kadar cesur ve \u00f6zel olan \u00f6zel bir ti\u015f\u00f6rtle kutlay\u0131n.<\/p>","protected":false},"excerpt":{"rendered":"<p>Yeni y\u00fcr\u00fcmeye ba\u015flayan \u00e7ocuklar i\u00e7in \u00f6zel bir asker portre ti\u015f\u00f6rt\u00fc ile gururla koruyun. Ki\u015fiselle\u015ftirilmi\u015f Ordu Foto\u011fraf Hediye Tees, herhangi bir foto\u011fraf\u0131 e\u011flenceli, benzersiz bir ti\u015f\u00f6rte d\u00f6n\u00fc\u015ft\u00fcr\u00fcr.<\/p>","protected":false},"featured_media":129835,"comment_status":"open","ping_status":"closed","template":"","meta":{"_acf_changed":false},"product_brand":[],"product_cat":[6209,6324,6412,6428],"product_tag":[6433,6439,6221],"class_list":{"0":"post-129666","1":"product","2":"type-product","3":"status-publish","4":"has-post-thumbnail","6":"product_cat-toddler-boy-t-shirts","7":"product_cat-custom-gifts-ai-army","8":"product_cat-photo-to-tees","9":"product_cat-translate-products","10":"product_tag-ai-artwork","11":"product_tag-ai-kids-artwork","12":"product_tag-custom-t-shirts-near-me","14":"first","15":"instock","16":"taxable","17":"shipping-taxable","18":"purchasable","19":"product-type-simple"},"acf":[],"wcpa_form_fields":null,"_links":{"self":[{"href":"https:\/\/www.customywear.com\/tr\/wp-json\/wp\/v2\/product\/129666","targetHints":{"allow":["GET"]}}],"collection":[{"href":"https:\/\/www.customywear.com\/tr\/wp-json\/wp\/v2\/product"}],"about":[{"href":"https:\/\/www.customywear.com\/tr\/wp-json\/wp\/v2\/types\/product"}],"replies":[{"embeddable":true,"href":"https:\/\/www.customywear.com\/tr\/wp-json\/wp\/v2\/comments?post=129666"}],"wp:featuredmedia":[{"embeddable":true,"href":"https:\/\/www.customywear.com\/tr\/wp-json\/wp\/v2\/media\/129835"}],"wp:attachment":[{"href":"https:\/\/www.customywear.com\/tr\/wp-json\/wp\/v2\/media?parent=129666"}],"wp:term":[{"taxonomy":"product_brand","embeddable":true,"href":"https:\/\/www.customywear.com\/tr\/wp-json\/wp\/v2\/product_brand?post=129666"},{"taxonomy":"product_cat","embeddable":true,"href":"https:\/\/www.customywear.com\/tr\/wp-json\/wp\/v2\/product_cat?post=129666"},{"taxonomy":"product_tag","embeddable":true,"href":"https:\/\/www.customywear.com\/tr\/wp-json\/wp\/v2\/product_tag?post=129666"}],"curies":[{"name":"wp","href":"https:\/\/api.w.org\/{rel}","templated":true}]}}