{"id":129677,"date":"2025-04-11T12:47:15","date_gmt":"2025-04-11T12:47:15","guid":{"rendered":"https:\/\/www.customywear.com\/?post_type=product&#038;p=129677"},"modified":"2026-05-05T20:23:26","modified_gmt":"2026-05-05T20:23:26","slug":"ozel-kadin-ordu-karakter-tisort","status":"publish","type":"product","link":"https:\/\/www.customywear.com\/tr\/personalized-army-character-tshirt-women\/","title":{"rendered":"Ki\u015fiselle\u015ftirilmi\u015f Ordu Karakter T-Shirt Kad\u0131nlar i\u00e7in \u00d6zel Askeri Hediye Foto\u011fraf \u0130ll\u00fcstrasyon, Benzersiz Sava\u015f Sahnesi Tasar\u0131m Tee"},"content":{"rendered":"<p>Ki\u015fiselle\u015ftirilmi\u015f Kad\u0131n Ordu Karakteri Ti\u015f\u00f6rt\u00fcm\u00fczle askeri gururunuzu \u015f\u0131k bir \u015fekilde g\u00f6sterin; kad\u0131n askerler, gaziler ve ordu tutkunlar\u0131 i\u00e7in m\u00fckemmel bir hediye. En sevdi\u011finiz foto\u011fraf\u0131 y\u00fckleyin, onu \u00e7arp\u0131c\u0131 bir sava\u015f alan\u0131 fonunda tam te\u00e7hizatl\u0131 dinamik bir ordu karakterine d\u00f6n\u00fc\u015ft\u00fcrelim. Ultra yumu\u015fak 0 pamuktan \u00fcretilen ve birinci s\u0131n\u0131f DTG teknolojisi kullan\u0131larak bas\u0131lan bu ti\u015f\u00f6rt, konfor, dayan\u0131kl\u0131l\u0131k ve canl\u0131 detaylar sunar. \u0130ster do\u011fum g\u00fcn\u00fc, ister mezuniyet veya sadece orduya olan sevginizi onurland\u0131rmak i\u00e7in olsun, bu \u00f6zel ti\u015f\u00f6rt onu ifade etmenin g\u00fc\u00e7l\u00fc ve ki\u015fisel bir yoludur.<\/p>","protected":false},"excerpt":{"rendered":"<p>Kad\u0131nlar i\u00e7in ki\u015fiselle\u015ftirilmi\u015f bir Ordu Karakter Ti\u015f\u00f6rt\u00fc ile hizmette kad\u0131nlar\u0131 kutlay\u0131n. \u00d6zel askeri hediye ti\u015f\u00f6rtleri, herhangi bir foto\u011fraf\u0131 cesur, benzersiz bir ti\u015f\u00f6rte d\u00f6n\u00fc\u015ft\u00fcr\u00fcr.<\/p>","protected":false},"featured_media":129760,"comment_status":"open","ping_status":"closed","template":"","meta":{"_acf_changed":false},"product_brand":[],"product_cat":[6191,6324,6412,6428,75,6354],"product_tag":[6214,6433,6328,229,6215],"class_list":{"0":"post-129677","1":"product","2":"type-product","3":"status-publish","4":"has-post-thumbnail","6":"product_cat-t-shirts-women","7":"product_cat-custom-gifts-ai-army","8":"product_cat-photo-to-tees","9":"product_cat-translate-products","10":"product_cat-women","11":"product_cat-womens-profession-t-shirts","12":"product_tag-affordable-custom-t-shirts","13":"product_tag-ai-artwork","14":"product_tag-custom-image-t-shirt-for-women","15":"product_tag-custom-tee-shirts","16":"product_tag-screen-printing-near-me","18":"first","19":"instock","20":"taxable","21":"shipping-taxable","22":"purchasable","23":"product-type-simple"},"acf":[],"wcpa_form_fields":null,"_links":{"self":[{"href":"https:\/\/www.customywear.com\/tr\/wp-json\/wp\/v2\/product\/129677","targetHints":{"allow":["GET"]}}],"collection":[{"href":"https:\/\/www.customywear.com\/tr\/wp-json\/wp\/v2\/product"}],"about":[{"href":"https:\/\/www.customywear.com\/tr\/wp-json\/wp\/v2\/types\/product"}],"replies":[{"embeddable":true,"href":"https:\/\/www.customywear.com\/tr\/wp-json\/wp\/v2\/comments?post=129677"}],"wp:featuredmedia":[{"embeddable":true,"href":"https:\/\/www.customywear.com\/tr\/wp-json\/wp\/v2\/media\/129760"}],"wp:attachment":[{"href":"https:\/\/www.customywear.com\/tr\/wp-json\/wp\/v2\/media?parent=129677"}],"wp:term":[{"taxonomy":"product_brand","embeddable":true,"href":"https:\/\/www.customywear.com\/tr\/wp-json\/wp\/v2\/product_brand?post=129677"},{"taxonomy":"product_cat","embeddable":true,"href":"https:\/\/www.customywear.com\/tr\/wp-json\/wp\/v2\/product_cat?post=129677"},{"taxonomy":"product_tag","embeddable":true,"href":"https:\/\/www.customywear.com\/tr\/wp-json\/wp\/v2\/product_tag?post=129677"}],"curies":[{"name":"wp","href":"https:\/\/api.w.org\/{rel}","templated":true}]}}