{"id":129706,"date":"2025-04-11T12:47:15","date_gmt":"2025-04-11T12:47:15","guid":{"rendered":"https:\/\/www.customywear.com\/?post_type=product&#038;p=129706"},"modified":"2026-05-05T20:24:06","modified_gmt":"2026-05-05T20:24:06","slug":"ozel-askeri-fotograf-tshirt-erkek","status":"publish","type":"product","link":"https:\/\/www.customywear.com\/tr\/custom-military-photo-t-shirt-men\/","title":{"rendered":"Erkekler i\u00e7in \u00d6zel Askeri Foto\u011fraf Ti\u015f\u00f6rt\u00fc \u2013 Askerler ve Gaziler i\u00e7in Ki\u015fiselle\u015ftirilmi\u015f Hediye, Benzersiz Ordu Temal\u0131 Sanat Eseri Ti\u015f\u00f6rt\u00fc"},"content":{"rendered":"<p>Asker gururunu, askerler, gaziler ve asker severler i\u00e7in m\u00fckemmel bir hediye olan \u00d6zel Erkek Ki\u015fiselle\u015ftirilmi\u015f Asker Foto\u011fraf\u0131 Ti\u015f\u00f6rt\u00fcm\u00fczle kutlay\u0131n. Sadece bir foto\u011fraf y\u00fckleyin, onu ger\u00e7ek\u00e7i bir sava\u015f alan\u0131 sahnesinde ge\u00e7en \u00e7arp\u0131c\u0131 bir ordu karakteri ill\u00fcstrasyonuna d\u00f6n\u00fc\u015ft\u00fcrelim. Yumu\u015fak 0 pamuktan \u00fcretilen ve y\u00fcksek kaliteli DTG teknikleri kullan\u0131larak bas\u0131lan bu ti\u015f\u00f6rt, rakipsiz konfor, nefes alabilirlik ve canl\u0131, kal\u0131c\u0131 detaylar sunar. Do\u011fum g\u00fcnleri, y\u0131ld\u00f6n\u00fcmleri, mezuniyetler veya sadece \u00f6yle olsun diye\u2014onlar\u0131 gurur ve ne\u015feyle giyecekler.<\/p>","protected":false},"excerpt":{"rendered":"<p>Erkekler i\u00e7in \u00f6zel bir askeri foto\u011fraf ti\u015f\u00f6rt\u00fc ile gazileri onurland\u0131r\u0131n. Ki\u015fiselle\u015ftirilmi\u015f ordu temal\u0131 ti\u015f\u00f6rtler, herhangi bir foto\u011fraf\u0131 cesur, t\u00fcr\u00fcn\u00fcn tek \u00f6rne\u011fi bir ti\u015f\u00f6rte d\u00f6n\u00fc\u015ft\u00fcr\u00fcr.<\/p>","protected":false},"featured_media":129739,"comment_status":"open","ping_status":"closed","template":"","meta":{"_acf_changed":false},"product_brand":[],"product_cat":[6195,6324,186,6341,6412,6428],"product_tag":[6433,6327,6216],"class_list":{"0":"post-129706","1":"product","2":"type-product","3":"status-publish","4":"has-post-thumbnail","6":"product_cat-t-shirts-men","7":"product_cat-custom-gifts-ai-army","8":"product_cat-men","9":"product_cat-mens-profession-t-shirts","10":"product_cat-photo-to-tees","11":"product_cat-translate-products","12":"product_tag-ai-artwork","13":"product_tag-custom-photo-t-shirt-for-men","14":"product_tag-mens-custom-t-shirts","16":"first","17":"instock","18":"taxable","19":"shipping-taxable","20":"purchasable","21":"product-type-simple"},"acf":[],"wcpa_form_fields":null,"_links":{"self":[{"href":"https:\/\/www.customywear.com\/tr\/wp-json\/wp\/v2\/product\/129706","targetHints":{"allow":["GET"]}}],"collection":[{"href":"https:\/\/www.customywear.com\/tr\/wp-json\/wp\/v2\/product"}],"about":[{"href":"https:\/\/www.customywear.com\/tr\/wp-json\/wp\/v2\/types\/product"}],"replies":[{"embeddable":true,"href":"https:\/\/www.customywear.com\/tr\/wp-json\/wp\/v2\/comments?post=129706"}],"wp:featuredmedia":[{"embeddable":true,"href":"https:\/\/www.customywear.com\/tr\/wp-json\/wp\/v2\/media\/129739"}],"wp:attachment":[{"href":"https:\/\/www.customywear.com\/tr\/wp-json\/wp\/v2\/media?parent=129706"}],"wp:term":[{"taxonomy":"product_brand","embeddable":true,"href":"https:\/\/www.customywear.com\/tr\/wp-json\/wp\/v2\/product_brand?post=129706"},{"taxonomy":"product_cat","embeddable":true,"href":"https:\/\/www.customywear.com\/tr\/wp-json\/wp\/v2\/product_cat?post=129706"},{"taxonomy":"product_tag","embeddable":true,"href":"https:\/\/www.customywear.com\/tr\/wp-json\/wp\/v2\/product_tag?post=129706"}],"curies":[{"name":"wp","href":"https:\/\/api.w.org\/{rel}","templated":true}]}}