{"id":130168,"date":"2025-04-25T11:07:09","date_gmt":"2025-04-25T11:07:09","guid":{"rendered":"https:\/\/www.customywear.com\/?post_type=product&#038;p=130168"},"modified":"2026-05-07T15:29:31","modified_gmt":"2026-05-07T15:29:31","slug":"toddler-kiz-ozel-sef-tisort","status":"publish","type":"product","link":"https:\/\/www.customywear.com\/tr\/toddler-girl-personalized-chef-tshirt\/","title":{"rendered":"Y\u00fcr\u00fcmeye ba\u015flayan K\u0131zlar i\u00e7in \u00d6zel \u015eef Ti\u015f\u00f6rt\u00fc-K\u00fc\u00e7\u00fck F\u0131r\u0131nc\u0131lar, Mini \u015eefler, Gelecekteki Pasta Krali\u00e7eleri ve barbek\u00fc Y\u0131ld\u0131zlar\u0131 i\u00e7in ki\u015fiselle\u015ftirilmi\u015f Hediye"},"content":{"rendered":"<p>Y\u00fcr\u00fcmeye ba\u015flayan \u00e7ocu\u011funuzun mutfak hayallerinin sevimli \u00d6zel \u015eef ti\u015f\u00f6rt\u00fcm\u00fczle u\u00e7mas\u0131na izin verin! Bu e\u015fsiz ki\u015fiselle\u015ftirilmi\u015f hediye, k\u00fc\u00e7\u00fck prensesinizin foto\u011fraf\u0131n\u0131 sevimli bir \u015fef \u015fapkas\u0131 ve mutfak lezzetleriyle tamamlanan b\u00fcy\u00fcleyici bir mini \u015fefe d\u00f6n\u00fc\u015ft\u00fcr\u00fcr. Kendini bir pasta krali\u00e7esi, barbek\u00fc ustas\u0131 veya mutfak yard\u0131mc\u0131s\u0131 olarak hayal ediyor olsun, bu e\u011flenceli ti\u015f\u00f6rt yarat\u0131c\u0131l\u0131\u011f\u0131 ve e\u011flenceyi k\u00f6r\u00fckl\u00fcyor. Yumu\u015fak, nefes alabilen 0 pamuktan \u00fcretilmi\u015f ve canl\u0131, uzun \u00f6m\u00fcrl\u00fc DTG bask\u0131ya sahip olan bu \u00fcr\u00fcn, her macerada konfor ve dayan\u0131kl\u0131l\u0131k sa\u011flar. Do\u011fum g\u00fcnleri, tatiller veya onu g\u00fcl\u00fcmsetecek herhangi bir \u00f6zel kutlama i\u00e7in m\u00fckemmel bir hat\u0131ra!<\/p>","protected":false},"excerpt":{"rendered":"<p>K\u00fc\u00e7\u00fck \u015feflere, y\u00fcr\u00fcmeye ba\u015flayan k\u0131zlar i\u00e7in \u00f6zel bir \u015fef ti\u015f\u00f6rt\u00fc ile ilham verin. Ki\u015fiselle\u015ftirilmi\u015f hediyeler, herhangi bir foto\u011fraf\u0131 e\u011flenceli, benzersiz bir ti\u015f\u00f6rte d\u00f6n\u00fc\u015ft\u00fcr\u00fcr.<\/p>","protected":false},"featured_media":130380,"comment_status":"open","ping_status":"closed","template":"","meta":{"_acf_changed":false},"product_brand":[],"product_cat":[6207,6325,6412,6428],"product_tag":[6433,6439,6221],"class_list":{"0":"post-130168","1":"product","2":"type-product","3":"status-publish","4":"has-post-thumbnail","6":"product_cat-toddler-girl-t-shirts","7":"product_cat-custom-gifts-chef-artworks","8":"product_cat-photo-to-tees","9":"product_cat-translate-products","10":"product_tag-ai-artwork","11":"product_tag-ai-kids-artwork","12":"product_tag-custom-t-shirts-near-me","14":"first","15":"instock","16":"taxable","17":"shipping-taxable","18":"purchasable","19":"product-type-simple"},"acf":[],"wcpa_form_fields":null,"_links":{"self":[{"href":"https:\/\/www.customywear.com\/tr\/wp-json\/wp\/v2\/product\/130168","targetHints":{"allow":["GET"]}}],"collection":[{"href":"https:\/\/www.customywear.com\/tr\/wp-json\/wp\/v2\/product"}],"about":[{"href":"https:\/\/www.customywear.com\/tr\/wp-json\/wp\/v2\/types\/product"}],"replies":[{"embeddable":true,"href":"https:\/\/www.customywear.com\/tr\/wp-json\/wp\/v2\/comments?post=130168"}],"wp:featuredmedia":[{"embeddable":true,"href":"https:\/\/www.customywear.com\/tr\/wp-json\/wp\/v2\/media\/130380"}],"wp:attachment":[{"href":"https:\/\/www.customywear.com\/tr\/wp-json\/wp\/v2\/media?parent=130168"}],"wp:term":[{"taxonomy":"product_brand","embeddable":true,"href":"https:\/\/www.customywear.com\/tr\/wp-json\/wp\/v2\/product_brand?post=130168"},{"taxonomy":"product_cat","embeddable":true,"href":"https:\/\/www.customywear.com\/tr\/wp-json\/wp\/v2\/product_cat?post=130168"},{"taxonomy":"product_tag","embeddable":true,"href":"https:\/\/www.customywear.com\/tr\/wp-json\/wp\/v2\/product_tag?post=130168"}],"curies":[{"name":"wp","href":"https:\/\/api.w.org\/{rel}","templated":true}]}}