{"id":130196,"date":"2025-04-25T11:07:10","date_gmt":"2025-04-25T11:07:10","guid":{"rendered":"https:\/\/www.customywear.com\/?post_type=product&#038;p=130196"},"modified":"2026-05-07T15:29:31","modified_gmt":"2026-05-07T15:29:31","slug":"ozel-erkek-cocuk-sef-tshirt","status":"publish","type":"product","link":"https:\/\/www.customywear.com\/tr\/custom-chef-tshirt-for-boys\/","title":{"rendered":"Erkekler i\u00e7in \u00d6zel Pi\u015firme \u015eefi Ti\u015f\u00f6rt\u00fc-Gen\u00e7 \u015fefler, gelecekteki \u0131zgara ustalar\u0131, Pasta sanat\u00e7\u0131lar\u0131 ve mutfak \u00f6\u011frencileri i\u00e7in ki\u015fiselle\u015ftirilmi\u015f hediye"},"content":{"rendered":"<p class=\"\" data-start=\"368\" data-end=\"963\">Foto\u011fraflar\u0131n\u0131 canl\u0131 bir \u015fef sanat eserine d\u00f6n\u00fc\u015ft\u00fcrerek ki\u015fiselle\u015ftirilen, Erkekler i\u00e7in \u00d6zel Pi\u015firme \u015eefi ti\u015f\u00f6rt\u00fcm\u00fczle \u00e7ocu\u011funuzun mutfak hayallerine ilham verin! 0 yumu\u015fak pamuktan \u00fcretilen bu dayan\u0131kl\u0131, rahat g\u00f6mlek, gen\u00e7 \u015fefler, hevesli \u0131zgara ustalar\u0131, pastane sanat\u00e7\u0131lar\u0131 veya mutfak \u00f6\u011frencileri i\u00e7in m\u00fckemmeldir. Birinci s\u0131n\u0131f DTG bask\u0131ya sahip canl\u0131 tasar\u0131m, y\u0131kand\u0131ktan sonra canl\u0131 y\u0131kamaya devam eder. Do\u011fum g\u00fcnleri, tatiller, promosyonlar veya herhangi bir kutlama i\u00e7in ideal olan bu \u00f6zel ti\u015f\u00f6rt, \u00e7ocuklar\u0131n tutkular\u0131n\u0131 gururla giymelerini sa\u011flayan d\u00fc\u015f\u00fcnceli, motive edici bir hediye yapar!<\/p>","protected":false},"excerpt":{"rendered":"<p>Erkekler i\u00e7in \u00f6zel bir Cooking Chef T-shirt ile e\u011flenceli bir \u015feyler pi\u015firin. Ki\u015fiselle\u015ftirilmi\u015f hediyeler, herhangi bir foto\u011fraf\u0131 gen\u00e7 \u015fefler i\u00e7in e\u011flenceli, benzersiz bir ti\u015f\u00f6rte d\u00f6n\u00fc\u015ft\u00fcr\u00fcr.<\/p>","protected":false},"featured_media":130325,"comment_status":"open","ping_status":"closed","template":"","meta":{"_acf_changed":false},"product_brand":[],"product_cat":[6189,6325,6412,6428],"product_tag":[6433,6439,6221,6330],"class_list":{"0":"post-130196","1":"product","2":"type-product","3":"status-publish","4":"has-post-thumbnail","6":"product_cat-boys-t-shirts","7":"product_cat-custom-gifts-chef-artworks","8":"product_cat-photo-to-tees","9":"product_cat-translate-products","10":"product_tag-ai-artwork","11":"product_tag-ai-kids-artwork","12":"product_tag-custom-t-shirts-near-me","13":"product_tag-photo-print-t-shirt-for-boys","15":"first","16":"instock","17":"taxable","18":"shipping-taxable","19":"purchasable","20":"product-type-simple"},"acf":[],"wcpa_form_fields":null,"_links":{"self":[{"href":"https:\/\/www.customywear.com\/tr\/wp-json\/wp\/v2\/product\/130196","targetHints":{"allow":["GET"]}}],"collection":[{"href":"https:\/\/www.customywear.com\/tr\/wp-json\/wp\/v2\/product"}],"about":[{"href":"https:\/\/www.customywear.com\/tr\/wp-json\/wp\/v2\/types\/product"}],"replies":[{"embeddable":true,"href":"https:\/\/www.customywear.com\/tr\/wp-json\/wp\/v2\/comments?post=130196"}],"wp:featuredmedia":[{"embeddable":true,"href":"https:\/\/www.customywear.com\/tr\/wp-json\/wp\/v2\/media\/130325"}],"wp:attachment":[{"href":"https:\/\/www.customywear.com\/tr\/wp-json\/wp\/v2\/media?parent=130196"}],"wp:term":[{"taxonomy":"product_brand","embeddable":true,"href":"https:\/\/www.customywear.com\/tr\/wp-json\/wp\/v2\/product_brand?post=130196"},{"taxonomy":"product_cat","embeddable":true,"href":"https:\/\/www.customywear.com\/tr\/wp-json\/wp\/v2\/product_cat?post=130196"},{"taxonomy":"product_tag","embeddable":true,"href":"https:\/\/www.customywear.com\/tr\/wp-json\/wp\/v2\/product_tag?post=130196"}],"curies":[{"name":"wp","href":"https:\/\/api.w.org\/{rel}","templated":true}]}}