{"id":130213,"date":"2025-04-25T11:07:10","date_gmt":"2025-04-25T11:07:10","guid":{"rendered":"https:\/\/www.customywear.com\/?post_type=product&#038;p=130213"},"modified":"2026-05-07T15:29:31","modified_gmt":"2026-05-07T15:29:31","slug":"toddler-erkek-ozel-sef-tisort","status":"publish","type":"product","link":"https:\/\/www.customywear.com\/tr\/toddler-boy-custom-chef-tshirt\/","title":{"rendered":"Y\u00fcr\u00fcmeye ba\u015flayan \u00c7ocuklar i\u00e7in \u00d6zel \u015eef Ti\u015f\u00f6rt\u00fc-Gelecekteki K\u00fc\u00e7\u00fck \u015fefler, \u0131zgara ustalar\u0131, Pasta Uzmanlar\u0131 ve daha fazlas\u0131 i\u00e7in ki\u015fiselle\u015ftirilmi\u015f Foto\u011fraf Hediyesi"},"content":{"rendered":"<p>K\u00fc\u00e7\u00fck \u00e7ocu\u011funuzu bir mutfak y\u0131ld\u0131z\u0131na d\u00f6n\u00fc\u015ft\u00fcrmek i\u00e7in tasarlanm\u0131\u015f \u00d6zel \u015eef ti\u015f\u00f6rt\u00fcm\u00fczle y\u00fcr\u00fcmeye ba\u015flayan \u00e7ocu\u011funuzun hayal g\u00fcc\u00fcn\u00fc ate\u015fleyin! \u00c7ocu\u011funuzun sevimli foto\u011fraf\u0131n\u0131 y\u00fckleyin ve \u015fefin \u015fapkas\u0131 ve elindeki lezzetli yemeklerle tamamlanm\u0131\u015f bir \u015fef ba\u015fyap\u0131t\u0131na d\u00f6n\u00fc\u015fmesini izleyin. Do\u011fum g\u00fcnleri, tatiller ve \u00f6zel g\u00fcnler i\u00e7in m\u00fckemmel olan bu e\u015fsiz ve e\u011flenceli ti\u015f\u00f6rt, yarat\u0131c\u0131l\u0131\u011fa ve e\u011flenceli maceralara ilham veriyor. Ultra yumu\u015fak, 0 birinci s\u0131n\u0131f pamuktan yap\u0131lm\u0131\u015f ve canl\u0131, dayan\u0131kl\u0131 DTG teknolojisi ile bas\u0131lm\u0131\u015f, hem konfor hem de kal\u0131c\u0131 an\u0131lar sunar. K\u00fc\u00e7\u00fck hevesli \u015fefler i\u00e7in olmazsa olmaz ki\u015fiselle\u015ftirilmi\u015f bir hediye!<\/p>","protected":false},"excerpt":{"rendered":"<p>K\u00fc\u00e7\u00fck \u00e7ocuklar i\u00e7in \u00f6zel bir \u015fef ti\u015f\u00f6rt\u00fc ile gelecekteki \u015feflere ilham verin. Ki\u015fiselle\u015ftirilmi\u015f foto\u011fraf hediyeleri, herhangi bir foto\u011fraf\u0131 e\u011flenceli, t\u00fcr\u00fcn\u00fcn tek \u00f6rne\u011fi bir ti\u015f\u00f6rte d\u00f6n\u00fc\u015ft\u00fcr\u00fcr.<\/p>","protected":false},"featured_media":130368,"comment_status":"open","ping_status":"closed","template":"","meta":{"_acf_changed":false},"product_brand":[],"product_cat":[6209,6325,6412,6428],"product_tag":[6433,6439,6221],"class_list":{"0":"post-130213","1":"product","2":"type-product","3":"status-publish","4":"has-post-thumbnail","6":"product_cat-toddler-boy-t-shirts","7":"product_cat-custom-gifts-chef-artworks","8":"product_cat-photo-to-tees","9":"product_cat-translate-products","10":"product_tag-ai-artwork","11":"product_tag-ai-kids-artwork","12":"product_tag-custom-t-shirts-near-me","14":"first","15":"instock","16":"taxable","17":"shipping-taxable","18":"purchasable","19":"product-type-simple"},"acf":[],"wcpa_form_fields":null,"_links":{"self":[{"href":"https:\/\/www.customywear.com\/tr\/wp-json\/wp\/v2\/product\/130213","targetHints":{"allow":["GET"]}}],"collection":[{"href":"https:\/\/www.customywear.com\/tr\/wp-json\/wp\/v2\/product"}],"about":[{"href":"https:\/\/www.customywear.com\/tr\/wp-json\/wp\/v2\/types\/product"}],"replies":[{"embeddable":true,"href":"https:\/\/www.customywear.com\/tr\/wp-json\/wp\/v2\/comments?post=130213"}],"wp:featuredmedia":[{"embeddable":true,"href":"https:\/\/www.customywear.com\/tr\/wp-json\/wp\/v2\/media\/130368"}],"wp:attachment":[{"href":"https:\/\/www.customywear.com\/tr\/wp-json\/wp\/v2\/media?parent=130213"}],"wp:term":[{"taxonomy":"product_brand","embeddable":true,"href":"https:\/\/www.customywear.com\/tr\/wp-json\/wp\/v2\/product_brand?post=130213"},{"taxonomy":"product_cat","embeddable":true,"href":"https:\/\/www.customywear.com\/tr\/wp-json\/wp\/v2\/product_cat?post=130213"},{"taxonomy":"product_tag","embeddable":true,"href":"https:\/\/www.customywear.com\/tr\/wp-json\/wp\/v2\/product_tag?post=130213"}],"curies":[{"name":"wp","href":"https:\/\/api.w.org\/{rel}","templated":true}]}}