{"id":130253,"date":"2025-04-25T11:07:10","date_gmt":"2025-04-25T11:07:10","guid":{"rendered":"https:\/\/www.customywear.com\/?post_type=product&#038;p=130253"},"modified":"2026-05-05T20:24:06","modified_gmt":"2026-05-05T20:24:06","slug":"ozel-erkek-sef-tshirt-hediye-asci","status":"publish","type":"product","link":"https:\/\/www.customywear.com\/tr\/custom-mens-chef-tshirt-gift-for-cooks\/","title":{"rendered":"\u00d6zel erkek \u015eef Ti\u015f\u00f6rt\u00fc-A\u015f\u00e7\u0131lar, \u0131zgara ustalar\u0131, barbek\u00fc \u015fefleri, Mutfak \u00d6\u011frencileri ve restoran profesyonelleri i\u00e7in ki\u015fiselle\u015ftirilmi\u015f hediye"},"content":{"rendered":"<p>\u015eefler, \u0131zgara ustalar\u0131, Barbek\u00fc severler, mutfak \u00f6\u011frencileri ve yemek merakl\u0131lar\u0131 i\u00e7in m\u00fckemmel ki\u015fiselle\u015ftirilmi\u015f bir hediye olan bu \u00d6zel Erkek \u015eef Ti\u015f\u00f6rt\u00fc ile yemek pi\u015firme sevginizi kutlay\u0131n. Dayan\u0131kl\u0131 DTG bask\u0131ya sahip 0 birinci s\u0131n\u0131f pamuktan \u00fcretilen bu g\u00f6mlek, foto\u011fraf\u0131n\u0131za dayal\u0131 \u00f6zel dijital sanat eserlerine sahiptir ve sizi mutfa\u011f\u0131n\u0131z\u0131n ba\u015f \u015fefine d\u00f6n\u00fc\u015ft\u00fcr\u00fcr. Do\u011fum g\u00fcnleri, y\u0131ld\u00f6n\u00fcmleri, promosyonlar veya sadece mutfak gururunu sergilemek i\u00e7in ideal olan bu \u00fcr\u00fcn hem e\u015fsiz bir hat\u0131ra hem de \u015f\u0131k bir giyilebilir sanat eseridir.<\/p>","protected":false},"excerpt":{"rendered":"<p>Celebrate culinary professionals with a Custom Men&#8217;s Chef T-Shirt. Personalized Gifts for Cooks transform any photo into a unique, one-of-a-kind t-shirt.<\/p>","protected":false},"featured_media":130397,"comment_status":"open","ping_status":"closed","template":"","meta":{"_acf_changed":false},"product_brand":[],"product_cat":[6195,6325,186,6341,6412,6428],"product_tag":[6433,6327,6216],"class_list":{"0":"post-130253","1":"product","2":"type-product","3":"status-publish","4":"has-post-thumbnail","6":"product_cat-t-shirts-men","7":"product_cat-custom-gifts-chef-artworks","8":"product_cat-men","9":"product_cat-mens-profession-t-shirts","10":"product_cat-photo-to-tees","11":"product_cat-translate-products","12":"product_tag-ai-artwork","13":"product_tag-custom-photo-t-shirt-for-men","14":"product_tag-mens-custom-t-shirts","16":"first","17":"instock","18":"taxable","19":"shipping-taxable","20":"purchasable","21":"product-type-simple"},"acf":[],"wcpa_form_fields":null,"_links":{"self":[{"href":"https:\/\/www.customywear.com\/tr\/wp-json\/wp\/v2\/product\/130253","targetHints":{"allow":["GET"]}}],"collection":[{"href":"https:\/\/www.customywear.com\/tr\/wp-json\/wp\/v2\/product"}],"about":[{"href":"https:\/\/www.customywear.com\/tr\/wp-json\/wp\/v2\/types\/product"}],"replies":[{"embeddable":true,"href":"https:\/\/www.customywear.com\/tr\/wp-json\/wp\/v2\/comments?post=130253"}],"wp:featuredmedia":[{"embeddable":true,"href":"https:\/\/www.customywear.com\/tr\/wp-json\/wp\/v2\/media\/130397"}],"wp:attachment":[{"href":"https:\/\/www.customywear.com\/tr\/wp-json\/wp\/v2\/media?parent=130253"}],"wp:term":[{"taxonomy":"product_brand","embeddable":true,"href":"https:\/\/www.customywear.com\/tr\/wp-json\/wp\/v2\/product_brand?post=130253"},{"taxonomy":"product_cat","embeddable":true,"href":"https:\/\/www.customywear.com\/tr\/wp-json\/wp\/v2\/product_cat?post=130253"},{"taxonomy":"product_tag","embeddable":true,"href":"https:\/\/www.customywear.com\/tr\/wp-json\/wp\/v2\/product_tag?post=130253"}],"curies":[{"name":"wp","href":"https:\/\/api.w.org\/{rel}","templated":true}]}}