{"id":133485,"date":"2025-05-16T12:39:34","date_gmt":"2025-05-16T12:39:34","guid":{"rendered":"https:\/\/www.customywear.com\/?post_type=product&#038;p=133485"},"modified":"2026-05-07T15:29:31","modified_gmt":"2026-05-07T15:29:31","slug":"kizlar-danimarka-bayrak-ozel-tisort","status":"publish","type":"product","link":"https:\/\/www.customywear.com\/tr\/girls-danish-flag-custom-t-shirt\/","title":{"rendered":"K\u0131z \u00c7ocuklar\u0131 \u0130\u00e7in \u00d6zel Danimarka Bayra\u011f\u0131 Ti\u015f\u00f6rt\u00fc \u2013 Danimarka Bayra\u011f\u0131 Elbisesiyle Ki\u015fiselle\u015ftirilmi\u015f Foto\u011fraf Portresi | \u00c7ocuklar \u0130\u00e7in K\u00fclt\u00fcrel Hat\u0131ra Hediyesi"},"content":{"rendered":"<p>K\u00fc\u00e7\u00fck k\u0131z\u0131n\u0131z\u0131n en sevdi\u011fi foto\u011fraf\u0131, \u00d6zel Danimarka Bayra\u011f\u0131 Ti\u015f\u00f6rt\u00fcm\u00fczle giyilebilir b\u00fcy\u00fcleyici bir sanat eserine d\u00f6n\u00fc\u015ft\u00fcr\u00fcn. Ho\u015f bir Danimarka esintili arka plan ve k\u0131z\u0131n\u0131z\u0131n geleneksel bir Danimarka bayra\u011f\u0131 elbisesiyle tuhaf bir karakter olarak yeniden canland\u0131r\u0131ld\u0131\u011f\u0131 bu 0 yumu\u015fak pamuklu ti\u015f\u00f6rt, kal\u0131c\u0131 canl\u0131l\u0131k i\u00e7in solmaya dayan\u0131kl\u0131 DTG m\u00fcrekkepleriyle bas\u0131lm\u0131\u015ft\u0131r. Do\u011fum g\u00fcnleri, d\u00fc\u011f\u00fcnler, aile gezileri veya Danimarka miras\u0131n\u0131 kutlayan herhangi bir durum i\u00e7in m\u00fckemmel olan bu ti\u015f\u00f6rt, her gard\u0131roba ne\u015fe ve k\u00fclt\u00fcrel gurur getiren ki\u015fiselle\u015ftirilmi\u015f bir hat\u0131rad\u0131r.<\/p>","protected":false},"excerpt":{"rendered":"<p>Miras\u0131 bir k\u0131z\u0131n \u00f6zel Danimarka Bayra\u011f\u0131 Ti\u015f\u00f6rt\u00fc ile kutlay\u0131n. Danimarka Bayra\u011f\u0131 Elbiseli Ki\u015fiselle\u015ftirilmi\u015f Foto\u011fraf Portreleri, herhangi bir foto\u011fraf\u0131 \u00e7ocuklar i\u00e7in k\u00fclt\u00fcrel bir hat\u0131ra ti\u015f\u00f6rt\u00fcne d\u00f6n\u00fc\u015ft\u00fcr\u00fcr.<\/p>","protected":false},"featured_media":133604,"comment_status":"open","ping_status":"closed","template":"","meta":{"_acf_changed":false},"product_brand":[],"product_cat":[6193,6379,152,6412,6428,58],"product_tag":[6433,6439,6331,6221],"class_list":{"0":"post-133485","1":"product","2":"type-product","3":"status-publish","4":"has-post-thumbnail","6":"product_cat-girls-t-shirts","7":"product_cat-custom-gifts-denmark-culture","8":"product_cat-girls","9":"product_cat-photo-to-tees","10":"product_cat-translate-products","11":"product_cat-youth-kids","12":"product_tag-ai-artwork","13":"product_tag-ai-kids-artwork","14":"product_tag-custom-picture-t-shirt-for-girls","15":"product_tag-custom-t-shirts-near-me","17":"first","18":"instock","19":"taxable","20":"shipping-taxable","21":"purchasable","22":"product-type-simple"},"acf":[],"wcpa_form_fields":null,"_links":{"self":[{"href":"https:\/\/www.customywear.com\/tr\/wp-json\/wp\/v2\/product\/133485","targetHints":{"allow":["GET"]}}],"collection":[{"href":"https:\/\/www.customywear.com\/tr\/wp-json\/wp\/v2\/product"}],"about":[{"href":"https:\/\/www.customywear.com\/tr\/wp-json\/wp\/v2\/types\/product"}],"replies":[{"embeddable":true,"href":"https:\/\/www.customywear.com\/tr\/wp-json\/wp\/v2\/comments?post=133485"}],"wp:featuredmedia":[{"embeddable":true,"href":"https:\/\/www.customywear.com\/tr\/wp-json\/wp\/v2\/media\/133604"}],"wp:attachment":[{"href":"https:\/\/www.customywear.com\/tr\/wp-json\/wp\/v2\/media?parent=133485"}],"wp:term":[{"taxonomy":"product_brand","embeddable":true,"href":"https:\/\/www.customywear.com\/tr\/wp-json\/wp\/v2\/product_brand?post=133485"},{"taxonomy":"product_cat","embeddable":true,"href":"https:\/\/www.customywear.com\/tr\/wp-json\/wp\/v2\/product_cat?post=133485"},{"taxonomy":"product_tag","embeddable":true,"href":"https:\/\/www.customywear.com\/tr\/wp-json\/wp\/v2\/product_tag?post=133485"}],"curies":[{"name":"wp","href":"https:\/\/api.w.org\/{rel}","templated":true}]}}