{"id":133495,"date":"2025-05-16T12:39:35","date_gmt":"2025-05-16T12:39:35","guid":{"rendered":"https:\/\/www.customywear.com\/?post_type=product&#038;p=133495"},"modified":"2026-05-07T15:29:31","modified_gmt":"2026-05-07T15:29:31","slug":"yurumeye-baslayan-cocuklar-danimarka-kulturu-ozel-tisort","status":"publish","type":"product","link":"https:\/\/www.customywear.com\/tr\/toddler-boys-denmark-culture-custom-tshirt\/","title":{"rendered":"K\u00fc\u00e7\u00fck \u00c7ocuk Danimarka K\u00fclt\u00fcr\u00fc \u00d6zel G\u00f6r\u00fcnt\u00fc Ti\u015f\u00f6rt\u00fc \u2013 Danimarka Bayra\u011f\u0131 K\u0131yafetiyle Ki\u015fiselle\u015ftirilmi\u015f Foto\u011fraf Portresi | \u00c7ocuk Miras\u0131 Hat\u0131ra Hediyesi"},"content":{"rendered":"<p>Danimarka K\u00fclt\u00fcr\u00fc \u00d6zel G\u00f6r\u00fcnt\u00fc Ti\u015f\u00f6rt\u00fcm\u00fczle y\u00fcr\u00fcmeye ba\u015flayan o\u011flunuzun foto\u011fraf\u0131n\u0131 b\u00fcy\u00fcleyici bir Danimarka bayra\u011f\u0131 karakterine d\u00f6n\u00fc\u015ft\u00fcr\u00fcn. 0 yumu\u015fak pamuktan \u00fcretilen ve birinci s\u0131n\u0131f DTG teknolojisi kullan\u0131larak bas\u0131lan bu ki\u015fiselle\u015ftirilmi\u015f ti\u015f\u00f6rt, Danimarka&#039;n\u0131n zengin miras\u0131n\u0131 kutlayan canl\u0131, y\u0131kamaya dayan\u0131kl\u0131 tasar\u0131mlar sunar. Do\u011fum g\u00fcnleri, aile gezileri veya i\u00e7ten bir hat\u0131ra olarak m\u00fckemmel olan her ti\u015f\u00f6rt, yetenekli sanat\u00e7\u0131lar taraf\u0131ndan tasarlanm\u0131\u015f benzersiz bir giyilebilir sanat eseridir. K\u00fc\u00e7\u00fck \u00e7ocu\u011funuzun \u00f6ne \u00e7\u0131kmas\u0131n\u0131 ve bu benzersiz k\u00fclt\u00fcrel hat\u0131ray\u0131 saklamas\u0131n\u0131 sa\u011flay\u0131n.<\/p>","protected":false},"excerpt":{"rendered":"<p>K\u00fc\u00e7\u00fck bir \u00e7ocu\u011fun Danimarka k\u00fclt\u00fcr\u00fc \u00f6zel g\u00f6r\u00fcnt\u00fc ti\u015f\u00f6rt\u00fc ile Danimarka gururunu g\u00f6sterin. Danimarka bayra\u011f\u0131 k\u0131yafetlerinde ki\u015fiselle\u015ftirilmi\u015f foto\u011fraf portreleri, herhangi bir foto\u011fraf\u0131 bir miras hat\u0131ra ti\u015f\u00f6rt\u00fcne d\u00f6n\u00fc\u015ft\u00fcr\u00fcr.<\/p>","protected":false},"featured_media":133625,"comment_status":"open","ping_status":"closed","template":"","meta":{"_acf_changed":false},"product_brand":[],"product_cat":[6209,6379,6412,6428],"product_tag":[6433,6439,6221],"class_list":{"0":"post-133495","1":"product","2":"type-product","3":"status-publish","4":"has-post-thumbnail","6":"product_cat-toddler-boy-t-shirts","7":"product_cat-custom-gifts-denmark-culture","8":"product_cat-photo-to-tees","9":"product_cat-translate-products","10":"product_tag-ai-artwork","11":"product_tag-ai-kids-artwork","12":"product_tag-custom-t-shirts-near-me","14":"first","15":"instock","16":"taxable","17":"shipping-taxable","18":"purchasable","19":"product-type-simple"},"acf":[],"wcpa_form_fields":null,"_links":{"self":[{"href":"https:\/\/www.customywear.com\/tr\/wp-json\/wp\/v2\/product\/133495","targetHints":{"allow":["GET"]}}],"collection":[{"href":"https:\/\/www.customywear.com\/tr\/wp-json\/wp\/v2\/product"}],"about":[{"href":"https:\/\/www.customywear.com\/tr\/wp-json\/wp\/v2\/types\/product"}],"replies":[{"embeddable":true,"href":"https:\/\/www.customywear.com\/tr\/wp-json\/wp\/v2\/comments?post=133495"}],"wp:featuredmedia":[{"embeddable":true,"href":"https:\/\/www.customywear.com\/tr\/wp-json\/wp\/v2\/media\/133625"}],"wp:attachment":[{"href":"https:\/\/www.customywear.com\/tr\/wp-json\/wp\/v2\/media?parent=133495"}],"wp:term":[{"taxonomy":"product_brand","embeddable":true,"href":"https:\/\/www.customywear.com\/tr\/wp-json\/wp\/v2\/product_brand?post=133495"},{"taxonomy":"product_cat","embeddable":true,"href":"https:\/\/www.customywear.com\/tr\/wp-json\/wp\/v2\/product_cat?post=133495"},{"taxonomy":"product_tag","embeddable":true,"href":"https:\/\/www.customywear.com\/tr\/wp-json\/wp\/v2\/product_tag?post=133495"}],"curies":[{"name":"wp","href":"https:\/\/api.w.org\/{rel}","templated":true}]}}