{"id":133510,"date":"2025-05-16T12:39:35","date_gmt":"2025-05-16T12:39:35","guid":{"rendered":"https:\/\/www.customywear.com\/?post_type=product&#038;p=133510"},"modified":"2026-05-05T20:23:26","modified_gmt":"2026-05-05T20:23:26","slug":"ozel-kadin-danimarka-kiyafet-tisort","status":"publish","type":"product","link":"https:\/\/www.customywear.com\/tr\/custom-womens-denmark-outfit-tshirt\/","title":{"rendered":"Ki\u015fiye \u00d6zel Kad\u0131n Danimarka K\u0131yafeti Ti\u015f\u00f6rt\u00fc \u2013 Danimarka Bayra\u011f\u0131 Elbisesi ve Renkli Miras Arkaplan\u0131yla Ki\u015fiselle\u015ftirilmi\u015f Foto\u011fraf Sanat\u0131, M\u00fckemmel Hediye"},"content":{"rendered":"Danimarka&#039;ya olan sevginizi, en sevdi\u011finiz foto\u011fraf\u0131n\u0131z\u0131, renkli bir ulusal fon \u00f6n\u00fcnde b\u00fcy\u00fcleyici bir Danimarka bayra\u011f\u0131 elbisesiyle canl\u0131 bir sanat eserine d\u00f6n\u00fc\u015ft\u00fcren bu \u00f6zel kad\u0131n Danimarka k\u0131yafeti ti\u015f\u00f6rt\u00fcyle kutlay\u0131n. 0 yumu\u015fak pamuktan \u00fcretilen ve birinci s\u0131n\u0131f Direct\u2011To\u2011Garment (DTG) teknolojisi kullan\u0131larak bas\u0131lan bu ti\u015f\u00f6rt, \u00fcst\u00fcn konfor ve uzun s\u00fcreli parlakl\u0131k sa\u011flar. Danimarka k\u00fclt\u00fcr\u00fcne de\u011fer veren veya bir gezi planlayan kad\u0131nlar i\u00e7in ideal olan bu ki\u015fiselle\u015ftirilmi\u015f ti\u015f\u00f6rt, hikayenizi \u015f\u0131k bir \u015fekilde anlatan unutulmaz bir do\u011fum g\u00fcn\u00fc, d\u00fc\u011f\u00fcn, y\u0131ld\u00f6n\u00fcm\u00fc veya miras kutlamas\u0131 hediyesidir.\r\n\r\n<!-- \/wp:post-content -->","protected":false},"excerpt":{"rendered":"<p>Kad\u0131nlar\u0131 \u00f6zel bir kad\u0131n Danimarka k\u0131yafeti ti\u015f\u00f6rt\u00fc ile kutlay\u0131n. Danimarka bayra\u011f\u0131 elbiseli ki\u015fiselle\u015ftirilmi\u015f foto\u011fraf sanat\u0131, herhangi bir foto\u011fraf\u0131 renkli mirastan ilham alan bir ti\u015f\u00f6rte d\u00f6n\u00fc\u015ft\u00fcr\u00fcr.<\/p>","protected":false},"featured_media":133541,"comment_status":"open","ping_status":"closed","template":"","meta":{"_acf_changed":false},"product_brand":[],"product_cat":[6191,6379,6412,6428,75,6355],"product_tag":[6214,6433,6328,229,6215],"class_list":{"0":"post-133510","1":"product","2":"type-product","3":"status-publish","4":"has-post-thumbnail","6":"product_cat-t-shirts-women","7":"product_cat-custom-gifts-denmark-culture","8":"product_cat-photo-to-tees","9":"product_cat-translate-products","10":"product_cat-women","11":"product_cat-womens-culture-country-t-shirts","12":"product_tag-affordable-custom-t-shirts","13":"product_tag-ai-artwork","14":"product_tag-custom-image-t-shirt-for-women","15":"product_tag-custom-tee-shirts","16":"product_tag-screen-printing-near-me","18":"first","19":"instock","20":"taxable","21":"shipping-taxable","22":"purchasable","23":"product-type-simple"},"acf":[],"wcpa_form_fields":null,"_links":{"self":[{"href":"https:\/\/www.customywear.com\/tr\/wp-json\/wp\/v2\/product\/133510","targetHints":{"allow":["GET"]}}],"collection":[{"href":"https:\/\/www.customywear.com\/tr\/wp-json\/wp\/v2\/product"}],"about":[{"href":"https:\/\/www.customywear.com\/tr\/wp-json\/wp\/v2\/types\/product"}],"replies":[{"embeddable":true,"href":"https:\/\/www.customywear.com\/tr\/wp-json\/wp\/v2\/comments?post=133510"}],"wp:featuredmedia":[{"embeddable":true,"href":"https:\/\/www.customywear.com\/tr\/wp-json\/wp\/v2\/media\/133541"}],"wp:attachment":[{"href":"https:\/\/www.customywear.com\/tr\/wp-json\/wp\/v2\/media?parent=133510"}],"wp:term":[{"taxonomy":"product_brand","embeddable":true,"href":"https:\/\/www.customywear.com\/tr\/wp-json\/wp\/v2\/product_brand?post=133510"},{"taxonomy":"product_cat","embeddable":true,"href":"https:\/\/www.customywear.com\/tr\/wp-json\/wp\/v2\/product_cat?post=133510"},{"taxonomy":"product_tag","embeddable":true,"href":"https:\/\/www.customywear.com\/tr\/wp-json\/wp\/v2\/product_tag?post=133510"}],"curies":[{"name":"wp","href":"https:\/\/api.w.org\/{rel}","templated":true}]}}