{"id":133515,"date":"2025-05-16T12:39:35","date_gmt":"2025-05-16T12:39:35","guid":{"rendered":"https:\/\/www.customywear.com\/?post_type=product&#038;p=133515"},"modified":"2026-05-05T20:24:06","modified_gmt":"2026-05-05T20:24:06","slug":"ozel-erkek-danimarka-bayrak-tshirt","status":"publish","type":"product","link":"https:\/\/www.customywear.com\/tr\/custom-mens-danish-flag-tshirt\/","title":{"rendered":"Danimarka Sevenler \u0130\u00e7in Ki\u015fiye \u00d6zel Danimarka Bayra\u011f\u0131 Ti\u015f\u00f6rt\u00fc \u2013 Danimarka Miras\u0131n\u0131 ve K\u00fclt\u00fcr\u00fcn\u00fc Kutlayan Ki\u015fiselle\u015ftirilmi\u015f Foto\u011fraf Tasar\u0131m\u0131, M\u00fckemmel Hediye"},"content":{"rendered":"Danimarka&#039;n\u0131n ikonik bayra\u011f\u0131n\u0131n canl\u0131 k\u0131rm\u0131z\u0131-beyaz fonunda en sevdi\u011finiz foto\u011frafla ki\u015fiselle\u015ftirilmi\u015f bu \u00f6zel erkek Danimarka bayra\u011f\u0131 ti\u015f\u00f6rt\u00fcyle gururunuzu sergileyin. Yumu\u015fak 0 pamuktan \u00fcretilen ve birinci s\u0131n\u0131f Direct\u2011To\u2011Garment (DTG) teknolojisiyle bas\u0131lan bu ti\u015f\u00f6rt, rakipsiz konfor ve solmaz renk dayan\u0131kl\u0131l\u0131\u011f\u0131 sunar. Danimarka tutkunlar\u0131 ve gezginler i\u00e7in ideal olan bu ti\u015f\u00f6rt, i\u00e7ten bir do\u011fum g\u00fcn\u00fc, d\u00fc\u011f\u00fcn veya y\u0131ld\u00f6n\u00fcm\u00fc hediyesi olur ve ayn\u0131 zamanda herhangi bir miras kutlamas\u0131nda sohbet ba\u015flat\u0131c\u0131 olarak da kullan\u0131labilir.\r\n\r\n<!-- \/wp:post-content -->","protected":false},"excerpt":{"rendered":"<p>Danimarka ruhunu \u00f6zel bir erkek Danimarka bayra\u011f\u0131 ti\u015f\u00f6rt\u00fc ile g\u00f6sterin. Ki\u015fiselle\u015ftirilmi\u015f foto\u011fraf tasar\u0131mlar\u0131, Danimarka miras\u0131n\u0131 ve k\u00fclt\u00fcr\u00fcn\u00fc benzersiz bir ti\u015f\u00f6rtle kutluyor.<\/p>","protected":false},"featured_media":133520,"comment_status":"open","ping_status":"closed","template":"","meta":{"_acf_changed":false},"product_brand":[],"product_cat":[6195,6379,186,6345,6412,6428],"product_tag":[6433,6327,6216],"class_list":{"0":"post-133515","1":"product","2":"type-product","3":"status-publish","4":"has-post-thumbnail","6":"product_cat-t-shirts-men","7":"product_cat-custom-gifts-denmark-culture","8":"product_cat-men","9":"product_cat-mens-country-culture-t-shirts","10":"product_cat-photo-to-tees","11":"product_cat-translate-products","12":"product_tag-ai-artwork","13":"product_tag-custom-photo-t-shirt-for-men","14":"product_tag-mens-custom-t-shirts","16":"first","17":"instock","18":"taxable","19":"shipping-taxable","20":"purchasable","21":"product-type-simple"},"acf":[],"wcpa_form_fields":null,"_links":{"self":[{"href":"https:\/\/www.customywear.com\/tr\/wp-json\/wp\/v2\/product\/133515","targetHints":{"allow":["GET"]}}],"collection":[{"href":"https:\/\/www.customywear.com\/tr\/wp-json\/wp\/v2\/product"}],"about":[{"href":"https:\/\/www.customywear.com\/tr\/wp-json\/wp\/v2\/types\/product"}],"replies":[{"embeddable":true,"href":"https:\/\/www.customywear.com\/tr\/wp-json\/wp\/v2\/comments?post=133515"}],"wp:featuredmedia":[{"embeddable":true,"href":"https:\/\/www.customywear.com\/tr\/wp-json\/wp\/v2\/media\/133520"}],"wp:attachment":[{"href":"https:\/\/www.customywear.com\/tr\/wp-json\/wp\/v2\/media?parent=133515"}],"wp:term":[{"taxonomy":"product_brand","embeddable":true,"href":"https:\/\/www.customywear.com\/tr\/wp-json\/wp\/v2\/product_brand?post=133515"},{"taxonomy":"product_cat","embeddable":true,"href":"https:\/\/www.customywear.com\/tr\/wp-json\/wp\/v2\/product_cat?post=133515"},{"taxonomy":"product_tag","embeddable":true,"href":"https:\/\/www.customywear.com\/tr\/wp-json\/wp\/v2\/product_tag?post=133515"}],"curies":[{"name":"wp","href":"https:\/\/api.w.org\/{rel}","templated":true}]}}