{"id":133687,"date":"2025-05-17T14:53:19","date_gmt":"2025-05-17T14:53:19","guid":{"rendered":"https:\/\/www.customywear.com\/?post_type=product&#038;p=133687"},"modified":"2026-05-07T15:29:31","modified_gmt":"2026-05-07T15:29:31","slug":"ozel-komik-dogumgunu-doktor-toddler-tisort","status":"publish","type":"product","link":"https:\/\/www.customywear.com\/tr\/funny-birthday-doctor-tshirt-toddlers\/","title":{"rendered":"K\u00fc\u00e7\u00fck K\u0131zlar \u0130\u00e7in Ki\u015fiye \u00d6zel Komik Do\u011fum G\u00fcn\u00fc Doktor Ti\u015f\u00f6rt\u00fc - Ki\u015fiselle\u015ftirilmi\u015f Foto\u011frafl\u0131 DTG Ti\u015f\u00f6rt\u00fc - K\u00fc\u00e7\u00fck Doktorlar \u0130\u00e7in Yumu\u015fak Pamuklu Hat\u0131ra"},"content":{"rendered":"<p>K\u00fc\u00e7\u00fck \u00e7ocu\u011funuzu, yumu\u015fak, nefes alabilen birinci s\u0131n\u0131f pamuktan \u00fcretilen ve canl\u0131 DTG teknolojisiyle bas\u0131lan, y\u00fcr\u00fcmeye ba\u015flayan \u00e7ocuklar i\u00e7in \u00d6zel Komik Do\u011fum G\u00fcn\u00fc Doktor Ti\u015f\u00f6rt\u00fcm\u00fczle \u015fa\u015f\u0131rt\u0131n. \u00c7ocu\u011funuzun foto\u011fraf\u0131n\u0131 y\u00fckleyin ve tam \u00fcniformal\u0131 sevimli, tuhaf bir doktor tasar\u0131m\u0131na d\u00f6n\u00fc\u015fmesini izleyin; do\u011fum g\u00fcnleri, mezuniyetler veya sadece e\u011flence ama\u00e7l\u0131 s\u00fcrprizler i\u00e7in m\u00fckemmeldir. G\u00fcnl\u00fck maceralar i\u00e7in yeterince dayan\u0131kl\u0131 olan bu ki\u015fiselle\u015ftirilmi\u015f ti\u015f\u00f6rt, hayal g\u00fcc\u00fcn\u00fc kutlar, tomurcuklanan doktorlara ilham verir ve tekrar tekrar giymeyi sevecekleri de\u011ferli bir hat\u0131ra olu\u015fturur.<\/p>","protected":false},"excerpt":{"rendered":"<p>K\u00fc\u00e7\u00fck k\u0131zlar i\u00e7in \u00f6zel bir komik do\u011fum g\u00fcn\u00fc doktor ti\u015f\u00f6rt\u00fc ile do\u011fum g\u00fcnlerini e\u011flenceli hale getirin. Ki\u015fiselle\u015ftirilmi\u015f DTG ti\u015f\u00f6rtleri, herhangi bir foto\u011fraf\u0131 k\u00fc\u00e7\u00fck sa\u011fl\u0131k g\u00f6revlileri i\u00e7in yumu\u015fak, e\u011flenceli bir hat\u0131raya d\u00f6n\u00fc\u015ft\u00fcr\u00fcr.<\/p>","protected":false},"featured_media":133850,"comment_status":"open","ping_status":"closed","template":"","meta":{"_acf_changed":false},"product_brand":[],"product_cat":[6207,6380,6412,6428],"product_tag":[6433,6439,6221,6381],"class_list":{"0":"post-133687","1":"product","2":"type-product","3":"status-publish","4":"has-post-thumbnail","6":"product_cat-toddler-girl-t-shirts","7":"product_cat-custom-gifts-doctor-tees","8":"product_cat-photo-to-tees","9":"product_cat-translate-products","10":"product_tag-ai-artwork","11":"product_tag-ai-kids-artwork","12":"product_tag-custom-t-shirts-near-me","13":"product_tag-personalized-gifts-doctor-tees","15":"first","16":"instock","17":"taxable","18":"shipping-taxable","19":"purchasable","20":"product-type-simple"},"acf":[],"wcpa_form_fields":null,"_links":{"self":[{"href":"https:\/\/www.customywear.com\/tr\/wp-json\/wp\/v2\/product\/133687","targetHints":{"allow":["GET"]}}],"collection":[{"href":"https:\/\/www.customywear.com\/tr\/wp-json\/wp\/v2\/product"}],"about":[{"href":"https:\/\/www.customywear.com\/tr\/wp-json\/wp\/v2\/types\/product"}],"replies":[{"embeddable":true,"href":"https:\/\/www.customywear.com\/tr\/wp-json\/wp\/v2\/comments?post=133687"}],"wp:featuredmedia":[{"embeddable":true,"href":"https:\/\/www.customywear.com\/tr\/wp-json\/wp\/v2\/media\/133850"}],"wp:attachment":[{"href":"https:\/\/www.customywear.com\/tr\/wp-json\/wp\/v2\/media?parent=133687"}],"wp:term":[{"taxonomy":"product_brand","embeddable":true,"href":"https:\/\/www.customywear.com\/tr\/wp-json\/wp\/v2\/product_brand?post=133687"},{"taxonomy":"product_cat","embeddable":true,"href":"https:\/\/www.customywear.com\/tr\/wp-json\/wp\/v2\/product_cat?post=133687"},{"taxonomy":"product_tag","embeddable":true,"href":"https:\/\/www.customywear.com\/tr\/wp-json\/wp\/v2\/product_tag?post=133687"}],"curies":[{"name":"wp","href":"https:\/\/api.w.org\/{rel}","templated":true}]}}