{"id":133695,"date":"2025-05-17T14:53:19","date_gmt":"2025-05-17T14:53:19","guid":{"rendered":"https:\/\/www.customywear.com\/?post_type=product&#038;p=133695"},"modified":"2026-05-07T15:29:31","modified_gmt":"2026-05-07T15:29:31","slug":"doktor-ilham-erkek-cocuk-tisort","status":"publish","type":"product","link":"https:\/\/www.customywear.com\/tr\/doctor-inspiration-tshirt-boys\/","title":{"rendered":"Custom Doctor Inspiration T-Shirt for Boys  Kids Aspiring Doctors \u2013 Cotton DTG Personalized Photo Gift"},"content":{"rendered":"<p>O\u011flunuzun hayallerini erkek \u00e7ocuklar i\u00e7in \u00d6zel Doktor \u0130lham Ti\u015f\u00f6rt\u00fcm\u00fczle canland\u0131r\u0131n. Ultra yumu\u015fak, birinci s\u0131n\u0131f pamuktan \u00fcretilen ve y\u00fcksek kaliteli DTG teknolojisi kullan\u0131larak bas\u0131lan her ti\u015f\u00f6rt, \u00e7ocu\u011funuzun \u00fcniformal\u0131 \u00f6zel bir doktora d\u00f6n\u00fc\u015fmesini sergiliyor. G\u00fcnl\u00fck oyun i\u00e7in yeterince dayan\u0131kl\u0131 olan bu ki\u015fiselle\u015ftirilmi\u015f ti\u015f\u00f6rt, gen\u00e7 zihinlere ilham veriyor ve do\u011fum g\u00fcnleri, mezuniyetler veya ba\u015fkalar\u0131na yard\u0131m etme tutkular\u0131n\u0131 te\u015fvik etmek i\u00e7in m\u00fckemmel bir hediye.<\/p>","protected":false},"excerpt":{"rendered":"<p>Erkekler i\u00e7in \u00f6zel bir doktor ilham ti\u015f\u00f6rt\u00fc ile gelecekteki doktorlar\u0131 te\u015fvik edin. Premium Cotton DTG ki\u015fiselle\u015ftirilmi\u015f ti\u015f\u00f6rtler, herhangi bir foto\u011fraf\u0131 t\u00fcr\u00fcn\u00fcn tek \u00f6rne\u011fi t\u0131bbi temal\u0131 bir ti\u015f\u00f6rte d\u00f6n\u00fc\u015ft\u00fcr\u00fcr.<\/p>","protected":false},"featured_media":133796,"comment_status":"open","ping_status":"closed","template":"","meta":{"_acf_changed":false},"product_brand":[],"product_cat":[6189,6380,6412,6428],"product_tag":[6433,6439,6221,6381,6330],"class_list":{"0":"post-133695","1":"product","2":"type-product","3":"status-publish","4":"has-post-thumbnail","6":"product_cat-boys-t-shirts","7":"product_cat-custom-gifts-doctor-tees","8":"product_cat-photo-to-tees","9":"product_cat-translate-products","10":"product_tag-ai-artwork","11":"product_tag-ai-kids-artwork","12":"product_tag-custom-t-shirts-near-me","13":"product_tag-personalized-gifts-doctor-tees","14":"product_tag-photo-print-t-shirt-for-boys","16":"first","17":"instock","18":"taxable","19":"shipping-taxable","20":"purchasable","21":"product-type-simple"},"acf":[],"wcpa_form_fields":null,"_links":{"self":[{"href":"https:\/\/www.customywear.com\/tr\/wp-json\/wp\/v2\/product\/133695","targetHints":{"allow":["GET"]}}],"collection":[{"href":"https:\/\/www.customywear.com\/tr\/wp-json\/wp\/v2\/product"}],"about":[{"href":"https:\/\/www.customywear.com\/tr\/wp-json\/wp\/v2\/types\/product"}],"replies":[{"embeddable":true,"href":"https:\/\/www.customywear.com\/tr\/wp-json\/wp\/v2\/comments?post=133695"}],"wp:featuredmedia":[{"embeddable":true,"href":"https:\/\/www.customywear.com\/tr\/wp-json\/wp\/v2\/media\/133796"}],"wp:attachment":[{"href":"https:\/\/www.customywear.com\/tr\/wp-json\/wp\/v2\/media?parent=133695"}],"wp:term":[{"taxonomy":"product_brand","embeddable":true,"href":"https:\/\/www.customywear.com\/tr\/wp-json\/wp\/v2\/product_brand?post=133695"},{"taxonomy":"product_cat","embeddable":true,"href":"https:\/\/www.customywear.com\/tr\/wp-json\/wp\/v2\/product_cat?post=133695"},{"taxonomy":"product_tag","embeddable":true,"href":"https:\/\/www.customywear.com\/tr\/wp-json\/wp\/v2\/product_tag?post=133695"}],"curies":[{"name":"wp","href":"https:\/\/api.w.org\/{rel}","templated":true}]}}